{"id":79377,"date":"2026-04-30T01:51:49","date_gmt":"2026-04-30T04:51:49","guid":{"rendered":"https:\/\/www.hediyepazar.com\/?product=erkek-pamuklu-likrali-slip-relax-kulot-fume-1269a"},"modified":"2026-04-30T01:51:49","modified_gmt":"2026-04-30T04:51:49","slug":"erkek-pamuklu-likrali-slip-relax-kulot-fume-1269a","status":"publish","type":"product","link":"https:\/\/www.hediyepazar.com\/?product=erkek-pamuklu-likrali-slip-relax-kulot-fume-1269a","title":{"rendered":"Erkek Pamuklu Likral\u0131 Slip Relax K\u00fclot F\u00fcme &#8211; 1269A"},"content":{"rendered":"<table style=\"border-collapse:collapse; width:79pt; border:none\" width=\"105\">\n<colgroup>\n<col style=\"width:79pt\" width=\"105\" \/>\n\t<\/colgroup>\n<tbody>\n<tr height=\"20\" style=\"height:15.0pt\">\n<td height=\"20\" style=\"border:none; height:15.0pt; width:79pt; padding-top:1px; padding-right:1px; padding-left:1px; vertical-align:bottom; white-space:nowrap\" width=\"105\"><span style=\"font-size:11pt\"><span style=\"color:black\"><span style=\"font-weight:400\"><span style=\"font-style:normal\"><span style=\"text-decoration:none\"><span style=\"font-family:Calibri,sans-serif\">Erkek Pamuklu Likral\u0131 Slip Relax K&uuml;lot F&uuml;me<br \/>\n\t\t\tLikral\u0131 erkek slip modeli, i&ccedil; giyimde &ouml;nceli\u011fi sa\u011fl\u0131k ve<br \/>\n\t\t\trahatl\u0131ktan yana olan erkeklerin se&ccedil;imi olarak &ouml;n plana &ccedil;\u0131kan bir modeldir.<br \/>\n\t\t\tRahatl\u0131k &ouml;n planda tutularak dizayn edilen bu slip modeli, i&ccedil;erik yap\u0131s\u0131 sayesinde yumu\u015fak ve<br \/>\n\t\t\tesnek bir dokuya sahiptir.<br \/>\n\t\t\tSon derece kullan\u0131\u015fl\u0131d\u0131r ve g&uuml;nl&uuml;k kullan\u0131ma uygundur.<br \/>\n\t\t\tK\u0131yafetlerin alt\u0131nda konforlu bir \u015fekilde kullan\u0131labilir; hareketi k\u0131s\u0131tlamaz.<br \/>\n\t\t\tRelax erkek slip, lastikli bel yap\u0131s\u0131 beli sararak ho\u015f bir g&ouml;r&uuml;n&uuml;m sunar.<\/p>\n<p>\n\t\t\tMateryal :<br \/>\n\t\t\t&nbsp;%92 Pamuk, %8 Likra<br \/>\n\t\t\tRoyaleks ailesi olarak mutlu ve huzurlu g&uuml;nlerde kullanman\u0131z\u0131 temenni ederiz.<br \/>\n\t\t\tPaket i&ccedil;eri\u011fi: 1 Adet Erkek Pamuklu Likral\u0131 Slip Relax K&uuml;lot F&uuml;me<\/span><\/span><\/span><\/span><\/span><\/span><\/td>\n<\/tr>\n<\/tbody>\n<\/table>\n","protected":false},"excerpt":{"rendered":"<p>Erkek Pamuklu Likral\u0131 Slip Relax K\u00fclot F\u00fcme &#8211; 1269A<\/p>\n","protected":false},"featured_media":79376,"comment_status":"open","ping_status":"closed","template":"","meta":{"_kad_post_transparent":"","_kad_post_title":"","_kad_post_layout":"","_kad_post_sidebar_id":"","_kad_post_content_style":"","_kad_post_vertical_padding":"","_kad_post_feature":"","_kad_post_feature_position":"","_kad_post_header":false,"_kad_post_footer":false,"_kad_post_classname":""},"product_brand":[],"product_cat":[541,538,539],"product_tag":[],"class_list":{"0":"post-79377","1":"product","2":"type-product","3":"status-publish","4":"has-post-thumbnail","6":"product_cat-erkek","7":"product_cat-ic-giyim","8":"product_cat-kulot","10":"first","11":"instock","12":"shipping-taxable","13":"purchasable","14":"product-type-simple","15":"entry","16":"content-bg","17":"loop-entry"},"_links":{"self":[{"href":"https:\/\/www.hediyepazar.com\/index.php?rest_route=\/wp\/v2\/product\/79377","targetHints":{"allow":["GET"]}}],"collection":[{"href":"https:\/\/www.hediyepazar.com\/index.php?rest_route=\/wp\/v2\/product"}],"about":[{"href":"https:\/\/www.hediyepazar.com\/index.php?rest_route=\/wp\/v2\/types\/product"}],"replies":[{"embeddable":true,"href":"https:\/\/www.hediyepazar.com\/index.php?rest_route=%2Fwp%2Fv2%2Fcomments&post=79377"}],"wp:featuredmedia":[{"embeddable":true,"href":"https:\/\/www.hediyepazar.com\/index.php?rest_route=\/wp\/v2\/media\/79376"}],"wp:attachment":[{"href":"https:\/\/www.hediyepazar.com\/index.php?rest_route=%2Fwp%2Fv2%2Fmedia&parent=79377"}],"wp:term":[{"taxonomy":"product_brand","embeddable":true,"href":"https:\/\/www.hediyepazar.com\/index.php?rest_route=%2Fwp%2Fv2%2Fproduct_brand&post=79377"},{"taxonomy":"product_cat","embeddable":true,"href":"https:\/\/www.hediyepazar.com\/index.php?rest_route=%2Fwp%2Fv2%2Fproduct_cat&post=79377"},{"taxonomy":"product_tag","embeddable":true,"href":"https:\/\/www.hediyepazar.com\/index.php?rest_route=%2Fwp%2Fv2%2Fproduct_tag&post=79377"}],"curies":[{"name":"wp","href":"https:\/\/api.w.org\/{rel}","templated":true}]}}