{"id":79385,"date":"2026-04-30T01:52:19","date_gmt":"2026-04-30T04:52:19","guid":{"rendered":"https:\/\/www.hediyepazar.com\/?product=kadin-siyah-penye-uzun-hamile-tayt-3273a"},"modified":"2026-04-30T01:52:19","modified_gmt":"2026-04-30T04:52:19","slug":"kadin-siyah-penye-uzun-hamile-tayt-3273a","status":"publish","type":"product","link":"https:\/\/www.hediyepazar.com\/?product=kadin-siyah-penye-uzun-hamile-tayt-3273a","title":{"rendered":"Kad\u0131n Siyah Penye Uzun Hamile Tayt &#8211; 3273A"},"content":{"rendered":"<table style=\"border-collapse:collapse; width:79pt; border:none\" width=\"105\">\n<colgroup>\n<col style=\"width:79pt\" width=\"105\">\n\t<\/colgroup>\n<tbody>\n<tr height=\"20\" style=\"height:15.0pt\">\n<td height=\"20\" style=\"border:none; height:15.0pt; width:79pt; padding-top:1px; padding-right:1px; padding-left:1px; vertical-align:bottom; white-space:nowrap\" width=\"105\"><span style=\"font-size:11pt\"><span style=\"color:black\"><span style=\"font-weight:400\"><span style=\"font-style:normal\"><span style=\"text-decoration:none\"><span style=\"font-family:Calibri,sans-serif\">Kad\u0131n Siyah Penye Uzun Hamile Tayt<br \/>\n\t\t\tRahatl\u0131\u011f\u0131n\u0131z i\u00e7in tasarlanm\u0131\u015f penye hamile tayt\u0131 \u00f6zel esnek yap\u0131l\u0131 g\u00fcn boyu rahatl\u0131k veren hamile tayt.<br \/>\n\t\t\tHamilelik d\u00f6neminin ba\u015f\u0131ndan sonuna kadar giyebilece\u011finiz karn\u0131n\u0131z\u0131n \u015fekil al\u0131p \u015fi\u015fmesiyle<br \/>\n\t\t\tv\u00fccudunuzun de\u011fi\u015fimine e\u015flik edecek hamile tayt\u0131.<br \/>\n\t\t\tYumu\u015fak ve \u00f6zel dokusu sayesinde anne adaylar\u0131na t\u00fcm g\u00fcn rahat kullan\u0131m sa\u011flamaktad\u0131r.<br \/>\n\t\t\tBilhassa bacak ve kar\u0131n b\u00f6lgesinde herhangi bir s\u0131kma yapmamaktad\u0131r.<br \/>\n\t\t\tBu sayede anne adaylar\u0131n\u0131n en b\u00fcy\u00fck sorunu olan \u00f6dem olu\u015fum riskini d\u00fc\u015f\u00fcrmektedir.<br \/>\n\t\t\tRoyaleks ailesi olarak mutlu ve huzurlu g\u00fcnlerde kullanman\u0131z\u0131 temenni ederiz.<br \/>\n\t\t\tPaket i\u00e7eri\u011fi: 1 Adet Kad\u0131n Siyah Penye Uzun Hamile Tayt<\/span><\/span><\/span><\/span><\/span><\/span><\/td>\n<\/tr>\n<\/tbody>\n<\/table>\n","protected":false},"excerpt":{"rendered":"<p>Kad\u0131n Siyah Penye Uzun Hamile Tayt &#8211; 3273A<\/p>\n","protected":false},"featured_media":79384,"comment_status":"open","ping_status":"closed","template":"","meta":{"_kad_post_transparent":"","_kad_post_title":"","_kad_post_layout":"","_kad_post_sidebar_id":"","_kad_post_content_style":"","_kad_post_vertical_padding":"","_kad_post_feature":"","_kad_post_feature_position":"","_kad_post_header":false,"_kad_post_footer":false,"_kad_post_classname":""},"product_brand":[],"product_cat":[457,537,548],"product_tag":[],"class_list":{"0":"post-79385","1":"product","2":"type-product","3":"status-publish","4":"has-post-thumbnail","6":"product_cat-giyim","7":"product_cat-kadin","8":"product_cat-tayt","10":"first","11":"instock","12":"shipping-taxable","13":"purchasable","14":"product-type-simple","15":"entry","16":"content-bg","17":"loop-entry"},"_links":{"self":[{"href":"https:\/\/www.hediyepazar.com\/index.php?rest_route=\/wp\/v2\/product\/79385","targetHints":{"allow":["GET"]}}],"collection":[{"href":"https:\/\/www.hediyepazar.com\/index.php?rest_route=\/wp\/v2\/product"}],"about":[{"href":"https:\/\/www.hediyepazar.com\/index.php?rest_route=\/wp\/v2\/types\/product"}],"replies":[{"embeddable":true,"href":"https:\/\/www.hediyepazar.com\/index.php?rest_route=%2Fwp%2Fv2%2Fcomments&post=79385"}],"wp:featuredmedia":[{"embeddable":true,"href":"https:\/\/www.hediyepazar.com\/index.php?rest_route=\/wp\/v2\/media\/79384"}],"wp:attachment":[{"href":"https:\/\/www.hediyepazar.com\/index.php?rest_route=%2Fwp%2Fv2%2Fmedia&parent=79385"}],"wp:term":[{"taxonomy":"product_brand","embeddable":true,"href":"https:\/\/www.hediyepazar.com\/index.php?rest_route=%2Fwp%2Fv2%2Fproduct_brand&post=79385"},{"taxonomy":"product_cat","embeddable":true,"href":"https:\/\/www.hediyepazar.com\/index.php?rest_route=%2Fwp%2Fv2%2Fproduct_cat&post=79385"},{"taxonomy":"product_tag","embeddable":true,"href":"https:\/\/www.hediyepazar.com\/index.php?rest_route=%2Fwp%2Fv2%2Fproduct_tag&post=79385"}],"curies":[{"name":"wp","href":"https:\/\/api.w.org\/{rel}","templated":true}]}}