{"id":79387,"date":"2026-04-30T01:52:26","date_gmt":"2026-04-30T04:52:26","guid":{"rendered":"https:\/\/www.hediyepazar.com\/?product=plastik-tabaklik-kurutmalik-siyah"},"modified":"2026-04-30T01:52:26","modified_gmt":"2026-04-30T04:52:26","slug":"plastik-tabaklik-kurutmalik-siyah","status":"publish","type":"product","link":"https:\/\/www.hediyepazar.com\/?product=plastik-tabaklik-kurutmalik-siyah","title":{"rendered":"Plastik Tabakl\u0131k Kurutmal\u0131k Siyah"},"content":{"rendered":"<table style=\"border-collapse:collapse; width:65pt; border:none\" width=\"86\">\n<colgroup>\n<col style=\"width:65pt\" width=\"86\" \/>\n\t<\/colgroup>\n<tbody>\n<tr height=\"25\" style=\"height:18.75pt\">\n<td height=\"25\" style=\"border:none; height:18.75pt; width:65pt; padding-top:1px; padding-right:1px; padding-left:1px; vertical-align:bottom; white-space:nowrap\" width=\"86\"><span style=\"font-size:11pt\"><span style=\"color:black\"><span style=\"font-weight:400\"><span style=\"font-style:normal\"><span style=\"text-decoration:none\"><span style=\"font-family:Calibri,sans-serif\">&middot; Mutfa\u011f\u0131n\u0131za inan\u0131lmaz \u015f\u0131kl\u0131k ve tarz getirecek harika bir &uuml;r&uuml;n.<br \/>\n\t\t\t&middot; Yer kaplamayan i\u015flevsel tabakl\u0131k ile mutfakta yer tasarrufu sa\u011flay\u0131n.<br \/>\n\t\t\t&middot; Pratik kullan\u0131ml\u0131 ve az yer kaplayan plastik bula\u015f\u0131kl\u0131k.<br \/>\n\t\t\t&middot; Tabak 7 adet b&ouml;lmesi mevcuttur.<br \/>\n\t\t\t&middot; Pratik yap\u0131s\u0131 ile olduk&ccedil;a kullan\u0131\u015fl\u0131d\u0131r.<br \/>\n\t\t\t&middot; Kaliteli plastik malzemeden &uuml;retilmi\u015ftir.<br \/>\n\t\t\t&middot; Bula\u015f\u0131k makinesinde y\u0131kanabilir.<br \/>\n\t\t\t&middot; &Uuml;r&uuml;n Boyutlar\u0131: 11,5 cm x 27 cm x 7,5 cm.<br \/>\n\t\t\tTabaklar\u0131n\u0131z\u0131 d&uuml;zenle yerle\u015ftirmenizi sa\u011flar.<br \/>\n\t\t\tTabaklar\u0131n\u0131z\u0131n &ccedil;izilmesine engel olur.<br \/>\n\t\t\tMutfa\u011f\u0131n\u0131za \u015f\u0131kl\u0131k katar.<br \/>\n\t\t\tDolap i&ccedil;i d&uuml;zenleyici ve bula\u015f\u0131kl\u0131k olarak kullan\u0131labilir.<br \/>\n\t\t\tKaliteli plastik malzemeden &uuml;retilmi\u015ftir.<br \/>\n\t\t\tAz yer kaplayan pratik kullan\u0131ml\u0131 tabakl\u0131kt\u0131r.<br \/>\n\t\t\tBula\u015f\u0131k makinesinde y\u0131kanabilir.<br \/>\n\t\t\t7 adet tabak yerle\u015ftirmeye uygundur.<br \/>\n\t\t\tMateryal: sert plastik<br \/>\n\t\t\tRenk: siyah<br \/>\n\t\t\tPaket i&ccedil;erisinde bir adet pratik tabakl\u0131k g&ouml;nderilecektir.<\/span><\/span><\/span><\/span><\/span><\/span><\/td>\n<\/tr>\n<\/tbody>\n<\/table>\n","protected":false},"excerpt":{"rendered":"<p>Plastik Tabakl\u0131k Kurutmal\u0131k Siyah<\/p>\n","protected":false},"featured_media":79386,"comment_status":"open","ping_status":"closed","template":"","meta":{"_kad_post_transparent":"","_kad_post_title":"","_kad_post_layout":"","_kad_post_sidebar_id":"","_kad_post_content_style":"","_kad_post_vertical_padding":"","_kad_post_feature":"","_kad_post_feature_position":"","_kad_post_header":false,"_kad_post_footer":false,"_kad_post_classname":""},"product_brand":[],"product_cat":[604,557,603],"product_tag":[],"class_list":{"0":"post-79387","1":"product","2":"type-product","3":"status-publish","4":"has-post-thumbnail","6":"product_cat-duzenleyici","7":"product_cat-ev-yasam","8":"product_cat-ev-gerecleri","10":"first","11":"instock","12":"shipping-taxable","13":"purchasable","14":"product-type-simple","15":"entry","16":"content-bg","17":"loop-entry"},"_links":{"self":[{"href":"https:\/\/www.hediyepazar.com\/index.php?rest_route=\/wp\/v2\/product\/79387","targetHints":{"allow":["GET"]}}],"collection":[{"href":"https:\/\/www.hediyepazar.com\/index.php?rest_route=\/wp\/v2\/product"}],"about":[{"href":"https:\/\/www.hediyepazar.com\/index.php?rest_route=\/wp\/v2\/types\/product"}],"replies":[{"embeddable":true,"href":"https:\/\/www.hediyepazar.com\/index.php?rest_route=%2Fwp%2Fv2%2Fcomments&post=79387"}],"wp:featuredmedia":[{"embeddable":true,"href":"https:\/\/www.hediyepazar.com\/index.php?rest_route=\/wp\/v2\/media\/79386"}],"wp:attachment":[{"href":"https:\/\/www.hediyepazar.com\/index.php?rest_route=%2Fwp%2Fv2%2Fmedia&parent=79387"}],"wp:term":[{"taxonomy":"product_brand","embeddable":true,"href":"https:\/\/www.hediyepazar.com\/index.php?rest_route=%2Fwp%2Fv2%2Fproduct_brand&post=79387"},{"taxonomy":"product_cat","embeddable":true,"href":"https:\/\/www.hediyepazar.com\/index.php?rest_route=%2Fwp%2Fv2%2Fproduct_cat&post=79387"},{"taxonomy":"product_tag","embeddable":true,"href":"https:\/\/www.hediyepazar.com\/index.php?rest_route=%2Fwp%2Fv2%2Fproduct_tag&post=79387"}],"curies":[{"name":"wp","href":"https:\/\/api.w.org\/{rel}","templated":true}]}}