{"id":79397,"date":"2026-04-30T01:52:49","date_gmt":"2026-04-30T04:52:49","guid":{"rendered":"https:\/\/www.hediyepazar.com\/?product=kaffka-dibek-kahvesi-200-gr"},"modified":"2026-04-30T01:52:49","modified_gmt":"2026-04-30T04:52:49","slug":"kaffka-dibek-kahvesi-200-gr","status":"publish","type":"product","link":"https:\/\/www.hediyepazar.com\/?product=kaffka-dibek-kahvesi-200-gr","title":{"rendered":"Kaffka Dibek Kahvesi 200 Gr"},"content":{"rendered":"<table style=\"border-collapse:collapse; width:159pt; border:none\" width=\"212\">\n<colgroup>\n<col style=\"width:159pt\" width=\"212\" \/>\n\t<\/colgroup>\n<tbody>\n<tr height=\"20\" style=\"height:15.0pt\">\n<td height=\"20\" style=\"border:none; height:15.0pt; width:159pt; padding-top:1px; padding-right:1px; padding-left:1px; vertical-align:bottom; white-space:nowrap\" width=\"212\"><span style=\"font-size:11pt\"><span style=\"color:black\"><span style=\"font-weight:400\"><span style=\"font-style:normal\"><span style=\"text-decoration:none\"><span style=\"font-family:Calibri,sans-serif\">Kaffka Dibek Kahvesi 200 G<br \/>\n\t\t\t&Uuml;r&uuml;n A&ccedil;\u0131klama: Kahvede Farkl\u0131 Tat Arayanlara &Ouml;zel 9 Muhte\u015fem Kar\u0131\u015f\u0131m Saraylardan Gelen<br \/>\n\t\t\tDo\u011fal Lezzet Dibek Kahvesi<br \/>\n\t\t\t\u0130&ccedil;erik: Yemen Kahvesi Ke&ccedil;iboynuzu Menengi&ccedil; Kahvesi Sahlep Damla &Ccedil;ikolata Krema Damla Sak\u0131z\u0131 Kakule Tar&ccedil;\u0131n<br \/>\n\t\t\t&Uuml;r&uuml;n Gramaj\u0131: 200 GR \u0130&ccedil;erisinde &Ouml;l&ccedil;ek Bulunmaktad\u0131r.<br \/>\n\t\t\tHaz\u0131rlan\u0131\u015f\u0131: Her T&uuml;rk kahvesi fincan\u0131 i&ccedil;in bir &ouml;l&ccedil;ek Dibek Kahvesinden cezvenize ekleyiniz.<br \/>\n\t\t\t\u0130ste\u011fe g&ouml;re \u015feker ilave ederek cezvede kar\u0131\u015ft\u0131r\u0131n\u0131z.<br \/>\n\t\t\tK\u0131s\u0131k ate\u015fte kar\u0131\u015ft\u0131rarak k&ouml;p&uuml;k olu\u015funcaya kadar kaynamas\u0131n\u0131 bekleyiniz.<br \/>\n\t\t\tKaynarken olu\u015fan k&ouml;p&uuml;\u011f&uuml; fincana bo\u015falt\u0131n\u0131z.<br \/>\n\t\t\tDaha sonra bir ta\u015f\u0131m daha kaynat\u0131p, k&ouml;p&uuml;\u011f&uuml; alarak servisi tamamlay\u0131n\u0131z.<\/span><\/span><\/span><\/span><\/span><\/span><\/td>\n<\/tr>\n<\/tbody>\n<\/table>\n","protected":false},"excerpt":{"rendered":"<p>Kaffka Dibek Kahvesi 200 Gr<\/p>\n","protected":false},"featured_media":79396,"comment_status":"open","ping_status":"closed","template":"","meta":{"_kad_post_transparent":"","_kad_post_title":"","_kad_post_layout":"","_kad_post_sidebar_id":"","_kad_post_content_style":"","_kad_post_vertical_padding":"","_kad_post_feature":"","_kad_post_feature_position":"","_kad_post_header":false,"_kad_post_footer":false,"_kad_post_classname":""},"product_brand":[],"product_cat":[625,636,637],"product_tag":[],"class_list":{"0":"post-79397","1":"product","2":"type-product","3":"status-publish","4":"has-post-thumbnail","6":"product_cat-bitkisel-organik","7":"product_cat-kahve","8":"product_cat-turk-kahvesi","10":"first","11":"instock","12":"shipping-taxable","13":"purchasable","14":"product-type-simple","15":"entry","16":"content-bg","17":"loop-entry"},"_links":{"self":[{"href":"https:\/\/www.hediyepazar.com\/index.php?rest_route=\/wp\/v2\/product\/79397","targetHints":{"allow":["GET"]}}],"collection":[{"href":"https:\/\/www.hediyepazar.com\/index.php?rest_route=\/wp\/v2\/product"}],"about":[{"href":"https:\/\/www.hediyepazar.com\/index.php?rest_route=\/wp\/v2\/types\/product"}],"replies":[{"embeddable":true,"href":"https:\/\/www.hediyepazar.com\/index.php?rest_route=%2Fwp%2Fv2%2Fcomments&post=79397"}],"wp:featuredmedia":[{"embeddable":true,"href":"https:\/\/www.hediyepazar.com\/index.php?rest_route=\/wp\/v2\/media\/79396"}],"wp:attachment":[{"href":"https:\/\/www.hediyepazar.com\/index.php?rest_route=%2Fwp%2Fv2%2Fmedia&parent=79397"}],"wp:term":[{"taxonomy":"product_brand","embeddable":true,"href":"https:\/\/www.hediyepazar.com\/index.php?rest_route=%2Fwp%2Fv2%2Fproduct_brand&post=79397"},{"taxonomy":"product_cat","embeddable":true,"href":"https:\/\/www.hediyepazar.com\/index.php?rest_route=%2Fwp%2Fv2%2Fproduct_cat&post=79397"},{"taxonomy":"product_tag","embeddable":true,"href":"https:\/\/www.hediyepazar.com\/index.php?rest_route=%2Fwp%2Fv2%2Fproduct_tag&post=79397"}],"curies":[{"name":"wp","href":"https:\/\/api.w.org\/{rel}","templated":true}]}}