{"id":79415,"date":"2026-04-30T01:53:23","date_gmt":"2026-04-30T04:53:23","guid":{"rendered":"https:\/\/www.hediyepazar.com\/?product=kolay-zeytin-dilme-cizme-aparati-pratik-kolay-zeytin-cizici-alet"},"modified":"2026-04-30T01:53:23","modified_gmt":"2026-04-30T04:53:23","slug":"kolay-zeytin-dilme-cizme-aparati-pratik-kolay-zeytin-cizici-alet","status":"publish","type":"product","link":"https:\/\/www.hediyepazar.com\/?product=kolay-zeytin-dilme-cizme-aparati-pratik-kolay-zeytin-cizici-alet","title":{"rendered":"Kolay Zeytin Dilme \u00c7izme Aparat\u0131 Pratik Kolay Zeytin \u00c7izici Alet"},"content":{"rendered":"<table style=\"border-collapse:collapse; width:65pt; border:none\" width=\"86\">\n<colgroup>\n<col style=\"width:65pt\" width=\"86\" \/>\n\t<\/colgroup>\n<tbody>\n<tr height=\"25\" style=\"height:18.75pt\">\n<td height=\"25\" style=\"border:none; height:18.75pt; width:65pt; padding-top:1px; padding-right:1px; padding-left:1px; vertical-align:bottom; white-space:nowrap\" width=\"86\"><span style=\"font-size:11pt\"><span style=\"color:black\"><span style=\"font-weight:400\"><span style=\"font-style:normal\"><span style=\"text-decoration:none\"><span style=\"font-family:Calibri,sans-serif\">Kolay Zeytin Dilme &Ccedil;izme Aparat\u0131 Pratik Kolay Zeytin &Ccedil;izici Alet<br \/>\n\t\t\tZeytin &Ccedil;izme Makinesi<br \/>\n\t\t\tHer Boyut Zeytine Uygundur.<br \/>\n\t\t\tZeytinleri Kavanoza veya Damacanaya direk koyman\u0131z\u0131 sa\u011flar.<br \/>\n\t\t\tErgonomik ve Pratik bir &uuml;r&uuml;nd&uuml;r.<br \/>\n\t\t\tPARMAK KORUYUCU APARAT Vard\u0131r<br \/>\n\t\t\t3 b\u0131&ccedil;akl\u0131d\u0131r.<br \/>\n\t\t\tZeytin &ccedil;ok keskin jiletlerden kayarak ge&ccedil;ti\u011fi i&ccedil;in hi&ccedil; darbe g&ouml;rmez.<br \/>\n\t\t\t&Ccedil;ekirde\u011fe kadar dilme yapt\u0131\u011f\u0131 i&ccedil;in zeytinin &ccedil;abuk olmas\u0131n\u0131 sa\u011flar.<br \/>\n\t\t\t&Ccedil;izme makinas\u0131 ile dilme yap\u0131ld\u0131\u011f\u0131nda eller boyanmaz.<br \/>\n\t\t\tSa\u011fl\u0131\u011fa zararl\u0131 madde i&ccedil;ermez.<br \/>\n\t\t\tG\u0131da \u0130le temasa uygundur,<br \/>\n\t\t\tYerli &Uuml;retimdir.<br \/>\n\t\t\t1 Adet Kolay Zeytin Dilme &Ccedil;izme Aparat\u0131 Pratik Kolay Zeytin &Ccedil;izici Alet<\/span><\/span><\/span><\/span><\/span><\/span><\/td>\n<\/tr>\n<\/tbody>\n<\/table>\n","protected":false},"excerpt":{"rendered":"<p>Kolay Zeytin Dilme \u00c7izme Aparat\u0131 Pratik Kolay Zeytin \u00c7izici Alet<\/p>\n","protected":false},"featured_media":79414,"comment_status":"open","ping_status":"closed","template":"","meta":{"_kad_post_transparent":"","_kad_post_title":"","_kad_post_layout":"","_kad_post_sidebar_id":"","_kad_post_content_style":"","_kad_post_vertical_padding":"","_kad_post_feature":"","_kad_post_feature_position":"","_kad_post_header":false,"_kad_post_footer":false,"_kad_post_classname":""},"product_brand":[],"product_cat":[557,558,560],"product_tag":[],"class_list":{"0":"post-79415","1":"product","2":"type-product","3":"status-publish","4":"has-post-thumbnail","6":"product_cat-ev-yasam","7":"product_cat-sofra-mutfak-2","8":"product_cat-yemek-hazirlik","10":"first","11":"instock","12":"shipping-taxable","13":"purchasable","14":"product-type-simple","15":"entry","16":"content-bg","17":"loop-entry"},"_links":{"self":[{"href":"https:\/\/www.hediyepazar.com\/index.php?rest_route=\/wp\/v2\/product\/79415","targetHints":{"allow":["GET"]}}],"collection":[{"href":"https:\/\/www.hediyepazar.com\/index.php?rest_route=\/wp\/v2\/product"}],"about":[{"href":"https:\/\/www.hediyepazar.com\/index.php?rest_route=\/wp\/v2\/types\/product"}],"replies":[{"embeddable":true,"href":"https:\/\/www.hediyepazar.com\/index.php?rest_route=%2Fwp%2Fv2%2Fcomments&post=79415"}],"wp:featuredmedia":[{"embeddable":true,"href":"https:\/\/www.hediyepazar.com\/index.php?rest_route=\/wp\/v2\/media\/79414"}],"wp:attachment":[{"href":"https:\/\/www.hediyepazar.com\/index.php?rest_route=%2Fwp%2Fv2%2Fmedia&parent=79415"}],"wp:term":[{"taxonomy":"product_brand","embeddable":true,"href":"https:\/\/www.hediyepazar.com\/index.php?rest_route=%2Fwp%2Fv2%2Fproduct_brand&post=79415"},{"taxonomy":"product_cat","embeddable":true,"href":"https:\/\/www.hediyepazar.com\/index.php?rest_route=%2Fwp%2Fv2%2Fproduct_cat&post=79415"},{"taxonomy":"product_tag","embeddable":true,"href":"https:\/\/www.hediyepazar.com\/index.php?rest_route=%2Fwp%2Fv2%2Fproduct_tag&post=79415"}],"curies":[{"name":"wp","href":"https:\/\/api.w.org\/{rel}","templated":true}]}}