{"id":79467,"date":"2026-04-30T01:55:10","date_gmt":"2026-04-30T04:55:10","guid":{"rendered":"https:\/\/www.hediyepazar.com\/?product=ince-lastikli-sikmayan-kumasli-modal-erkek-boxer-desen-2-4497b"},"modified":"2026-04-30T01:55:10","modified_gmt":"2026-04-30T04:55:10","slug":"ince-lastikli-sikmayan-kumasli-modal-erkek-boxer-desen-2-4497b","status":"publish","type":"product","link":"https:\/\/www.hediyepazar.com\/?product=ince-lastikli-sikmayan-kumasli-modal-erkek-boxer-desen-2-4497b","title":{"rendered":"\u0130nce Lastikli S\u0131kmayan Kuma\u015fl\u0131 Modal Erkek Boxer Desen-2 4497B"},"content":{"rendered":"<table style=\"border-collapse:collapse; width:79pt; border:none\" width=\"105\">\n<colgroup>\n<col style=\"width:79pt\" width=\"105\" \/>\n\t<\/colgroup>\n<tbody>\n<tr height=\"20\" style=\"height:15.0pt\">\n<td height=\"20\" style=\"border:none; height:15.0pt; width:79pt; padding-top:1px; padding-right:1px; padding-left:1px; vertical-align:bottom; white-space:nowrap\" width=\"105\"><span style=\"font-size:11pt\"><span style=\"color:black\"><span style=\"font-weight:400\"><span style=\"font-style:normal\"><span style=\"text-decoration:none\"><span style=\"font-family:Calibri,sans-serif\">\u0130nce Lastikli S\u0131kmayan Kuma\u015fl\u0131 Modal Erkek Boxer Desenli<\/p>\n<p>\t\t\tModal, kay\u0131n a\u011fac\u0131ndan &uuml;retilmi\u015f ve tamam\u0131yla do\u011fal bir lif &ccedil;e\u015fididir.<br \/>\n\t\t\tBu nedenle modal ipliklerle dokunan kuma\u015flar y\u0131pranmaya kar\u015f\u0131 dayan\u0131kl\u0131 olmas\u0131 ve<br \/>\n\t\t\tnem transfer &ouml;zelli\u011fi nedeniyle &ouml;zellikle i&ccedil; giyimde tercih edilen bir kuma\u015f t&uuml;r&uuml;d&uuml;r.<br \/>\n\t\t\tErkek Modal Boxer modelleri, kendinizi her mevsim rahat ve erkeksi hissetmenizi sa\u011flayacakt\u0131r.<br \/>\n\t\t\tKolay hareket etme imk&acirc;n\u0131 sunarak, hava alma ve ter emici &ouml;zelli\u011fiyle tek tercihiniz olacakt\u0131r.<br \/>\n\t\t\t&nbsp;<br \/>\n\t\t\tErkek Boxer modelleri, kendinizi her mevsim rahat ve erkeksi hissetmenizi sa\u011flayacakt\u0131r. Kolay hareket etme imkan\u0131 sunarak,<br \/>\n\t\t\thava alma ve ter emici &ouml;zelli\u011fiyle tek tercihiniz olacakt\u0131r.<\/p>\n<p>\t\t\t%48 Cotton Pamuk, %47 Modal ve %5 Elastane &lsquo;dan &uuml;retilmi\u015ftir.<br \/>\n\t\t\t&nbsp;<br \/>\n\t\t\tRoyaleks ailesi olarak mutlu ve huzurlu g&uuml;nlerde kullanman\u0131z\u0131 temenni ederiz.<br \/>\n\t\t\tPaket i&ccedil;eri\u011fi: 1 Adet \u0130nce Lastikli S\u0131kmayan Kuma\u015fl\u0131 Modal Erkek Boxer Desenli<\/span><\/span><\/span><\/span><\/span><\/span><\/td>\n<\/tr>\n<\/tbody>\n<\/table>\n","protected":false},"excerpt":{"rendered":"<p>\u0130nce Lastikli S\u0131kmayan Kuma\u015fl\u0131 Modal Erkek Boxer Desen-2 4497B<\/p>\n","protected":false},"featured_media":79466,"comment_status":"open","ping_status":"closed","template":"","meta":{"_kad_post_transparent":"","_kad_post_title":"","_kad_post_layout":"","_kad_post_sidebar_id":"","_kad_post_content_style":"","_kad_post_vertical_padding":"","_kad_post_feature":"","_kad_post_feature_position":"","_kad_post_header":false,"_kad_post_footer":false,"_kad_post_classname":""},"product_brand":[],"product_cat":[544,541,538],"product_tag":[],"class_list":{"0":"post-79467","1":"product","2":"type-product","3":"status-publish","4":"has-post-thumbnail","6":"product_cat-boxer","7":"product_cat-erkek","8":"product_cat-ic-giyim","10":"first","11":"instock","12":"shipping-taxable","13":"purchasable","14":"product-type-simple","15":"entry","16":"content-bg","17":"loop-entry"},"_links":{"self":[{"href":"https:\/\/www.hediyepazar.com\/index.php?rest_route=\/wp\/v2\/product\/79467","targetHints":{"allow":["GET"]}}],"collection":[{"href":"https:\/\/www.hediyepazar.com\/index.php?rest_route=\/wp\/v2\/product"}],"about":[{"href":"https:\/\/www.hediyepazar.com\/index.php?rest_route=\/wp\/v2\/types\/product"}],"replies":[{"embeddable":true,"href":"https:\/\/www.hediyepazar.com\/index.php?rest_route=%2Fwp%2Fv2%2Fcomments&post=79467"}],"wp:featuredmedia":[{"embeddable":true,"href":"https:\/\/www.hediyepazar.com\/index.php?rest_route=\/wp\/v2\/media\/79466"}],"wp:attachment":[{"href":"https:\/\/www.hediyepazar.com\/index.php?rest_route=%2Fwp%2Fv2%2Fmedia&parent=79467"}],"wp:term":[{"taxonomy":"product_brand","embeddable":true,"href":"https:\/\/www.hediyepazar.com\/index.php?rest_route=%2Fwp%2Fv2%2Fproduct_brand&post=79467"},{"taxonomy":"product_cat","embeddable":true,"href":"https:\/\/www.hediyepazar.com\/index.php?rest_route=%2Fwp%2Fv2%2Fproduct_cat&post=79467"},{"taxonomy":"product_tag","embeddable":true,"href":"https:\/\/www.hediyepazar.com\/index.php?rest_route=%2Fwp%2Fv2%2Fproduct_tag&post=79467"}],"curies":[{"name":"wp","href":"https:\/\/api.w.org\/{rel}","templated":true}]}}