{"id":79497,"date":"2026-04-30T01:56:46","date_gmt":"2026-04-30T04:56:46","guid":{"rendered":"https:\/\/www.hediyepazar.com\/?product=kadin-ip-askili-pamuk-likrali-atlet-ten-2128b"},"modified":"2026-04-30T01:56:46","modified_gmt":"2026-04-30T04:56:46","slug":"kadin-ip-askili-pamuk-likrali-atlet-ten-2128b","status":"publish","type":"product","link":"https:\/\/www.hediyepazar.com\/?product=kadin-ip-askili-pamuk-likrali-atlet-ten-2128b","title":{"rendered":"Kad\u0131n \u0130p Ask\u0131l\u0131 Pamuk Likral\u0131 Atlet Ten 2128B"},"content":{"rendered":"<table style=\"border-collapse:collapse; width:79pt; border:none\" width=\"105\">\n<colgroup>\n<col style=\"width:79pt\" width=\"105\" \/>\n\t<\/colgroup>\n<tbody>\n<tr height=\"20\" style=\"height:15.0pt\">\n<td height=\"20\" style=\"border:none; height:15.0pt; width:79pt; padding-top:1px; padding-right:1px; padding-left:1px; vertical-align:bottom; white-space:nowrap\" width=\"105\"><span style=\"font-size:11pt\"><span style=\"color:black\"><span style=\"font-weight:400\"><span style=\"font-style:normal\"><span style=\"text-decoration:none\"><span style=\"font-family:Calibri,sans-serif\">Kad\u0131n \u0130p Ask\u0131l\u0131 Pamuk Likral\u0131 Atlet Ten<\/p>\n<p>\t\t\t\u0130p ask\u0131l\u0131d\u0131r.<br \/>\n\t\t\tPenye atlet, yumu\u015fak tutumlu d&uuml;zg&uuml;n y&uuml;zey g&ouml;r&uuml;n&uuml;ml&uuml;d&uuml;r.<br \/>\n\t\t\t30 derecede y\u0131kay\u0131n\u0131z.<\/p>\n<p>\t\t\t%95 Cotton Penye<br \/>\n\t\t\t%5 Elastane<br \/>\n\t\t\t&nbsp;<br \/>\n\t\t\tRoyaleks ailesi olarak mutlu ve huzurlu g&uuml;nlerde kullanman\u0131z\u0131 temenni ederiz.<br \/>\n\t\t\tPaket i&ccedil;eri\u011fi: 1 Adet Kad\u0131n \u0130p Ask\u0131l\u0131 Pamuk Likral\u0131 Atlet Ten<\/span><\/span><\/span><\/span><\/span><\/span><\/td>\n<\/tr>\n<\/tbody>\n<\/table>\n","protected":false},"excerpt":{"rendered":"<p>Kad\u0131n \u0130p Ask\u0131l\u0131 Pamuk Likral\u0131 Atlet Ten 2128B<\/p>\n","protected":false},"featured_media":79496,"comment_status":"open","ping_status":"closed","template":"","meta":{"_kad_post_transparent":"","_kad_post_title":"","_kad_post_layout":"","_kad_post_sidebar_id":"","_kad_post_content_style":"","_kad_post_vertical_padding":"","_kad_post_feature":"","_kad_post_feature_position":"","_kad_post_header":false,"_kad_post_footer":false,"_kad_post_classname":""},"product_brand":[],"product_cat":[550,538,537],"product_tag":[],"class_list":{"0":"post-79497","1":"product","2":"type-product","3":"status-publish","4":"has-post-thumbnail","6":"product_cat-atlet-body","7":"product_cat-ic-giyim","8":"product_cat-kadin","10":"first","11":"instock","12":"shipping-taxable","13":"purchasable","14":"product-type-simple","15":"entry","16":"content-bg","17":"loop-entry"},"_links":{"self":[{"href":"https:\/\/www.hediyepazar.com\/index.php?rest_route=\/wp\/v2\/product\/79497","targetHints":{"allow":["GET"]}}],"collection":[{"href":"https:\/\/www.hediyepazar.com\/index.php?rest_route=\/wp\/v2\/product"}],"about":[{"href":"https:\/\/www.hediyepazar.com\/index.php?rest_route=\/wp\/v2\/types\/product"}],"replies":[{"embeddable":true,"href":"https:\/\/www.hediyepazar.com\/index.php?rest_route=%2Fwp%2Fv2%2Fcomments&post=79497"}],"wp:featuredmedia":[{"embeddable":true,"href":"https:\/\/www.hediyepazar.com\/index.php?rest_route=\/wp\/v2\/media\/79496"}],"wp:attachment":[{"href":"https:\/\/www.hediyepazar.com\/index.php?rest_route=%2Fwp%2Fv2%2Fmedia&parent=79497"}],"wp:term":[{"taxonomy":"product_brand","embeddable":true,"href":"https:\/\/www.hediyepazar.com\/index.php?rest_route=%2Fwp%2Fv2%2Fproduct_brand&post=79497"},{"taxonomy":"product_cat","embeddable":true,"href":"https:\/\/www.hediyepazar.com\/index.php?rest_route=%2Fwp%2Fv2%2Fproduct_cat&post=79497"},{"taxonomy":"product_tag","embeddable":true,"href":"https:\/\/www.hediyepazar.com\/index.php?rest_route=%2Fwp%2Fv2%2Fproduct_tag&post=79497"}],"curies":[{"name":"wp","href":"https:\/\/api.w.org\/{rel}","templated":true}]}}