{"id":79621,"date":"2026-04-30T02:04:18","date_gmt":"2026-04-30T05:04:18","guid":{"rendered":"https:\/\/www.hediyepazar.com\/?product=keratinli-besleyici-oje-14-ml-renk-no-49"},"modified":"2026-04-30T02:04:18","modified_gmt":"2026-04-30T05:04:18","slug":"keratinli-besleyici-oje-14-ml-renk-no-49","status":"publish","type":"product","link":"https:\/\/www.hediyepazar.com\/?product=keratinli-besleyici-oje-14-ml-renk-no-49","title":{"rendered":"Keratinli Besleyici Oje 14 ml Renk No: 49"},"content":{"rendered":"<table style=\"border-collapse:collapse; width:299pt; border:none\" width=\"398\">\n<colgroup>\n<col style=\"width:299pt\" width=\"398\" \/>\n\t<\/colgroup>\n<tbody>\n<tr height=\"20\" style=\"height:15.0pt\">\n<td height=\"20\" style=\"border:none; height:15.0pt; width:299pt; padding-top:1px; padding-right:1px; padding-left:1px; vertical-align:bottom; white-space:nowrap\" width=\"398\"><span style=\"font-size:11pt\"><span style=\"color:black\"><span style=\"font-weight:400\"><span style=\"font-style:normal\"><span style=\"text-decoration:none\"><span style=\"font-family:Calibri,sans-serif\">Keratinli Besleyici Oje 14 ml Renk No: 49<br \/>\n\t\t\tEkstra parlak, &ccedil;abuk kuruyan ve uzun s&uuml;re kal\u0131c\u0131 bu oje serisi, kaliteli f\u0131r&ccedil;as\u0131yla kolay uygulama sa\u011flar.<br \/>\n\t\t\tZengin renk se&ccedil;enekleri ile g&ouml;z al\u0131c\u0131 t\u0131rnaklarla g&uuml;zelli\u011finizi tamamlar.<br \/>\n\t\t\tKeratin i&ccedil;eri\u011fi sayesinde t\u0131rna\u011f\u0131n\u0131z\u0131 besleyerek, y\u0131pranmas\u0131n\u0131 &ouml;nler.<br \/>\n\t\t\tPaket i&ccedil;eri\u011fi: 1 Adet Keratinli Besleyici Oje 14 ml Renk No: 49<\/span><\/span><\/span><\/span><\/span><\/span><\/td>\n<\/tr>\n<\/tbody>\n<\/table>\n","protected":false},"excerpt":{"rendered":"<p>Keratinli Besleyici Oje 14 ml Renk No: 49<\/p>\n","protected":false},"featured_media":79620,"comment_status":"open","ping_status":"closed","template":"","meta":{"_kad_post_transparent":"","_kad_post_title":"","_kad_post_layout":"","_kad_post_sidebar_id":"","_kad_post_content_style":"","_kad_post_vertical_padding":"","_kad_post_feature":"","_kad_post_feature_position":"","_kad_post_header":false,"_kad_post_footer":false,"_kad_post_classname":""},"product_brand":[],"product_cat":[452,565,615],"product_tag":[],"class_list":{"0":"post-79621","1":"product","2":"type-product","3":"status-publish","4":"has-post-thumbnail","6":"product_cat-kozmetik","7":"product_cat-makyaj","8":"product_cat-tirnak","10":"first","11":"instock","12":"shipping-taxable","13":"purchasable","14":"product-type-simple","15":"entry","16":"content-bg","17":"loop-entry"},"_links":{"self":[{"href":"https:\/\/www.hediyepazar.com\/index.php?rest_route=\/wp\/v2\/product\/79621","targetHints":{"allow":["GET"]}}],"collection":[{"href":"https:\/\/www.hediyepazar.com\/index.php?rest_route=\/wp\/v2\/product"}],"about":[{"href":"https:\/\/www.hediyepazar.com\/index.php?rest_route=\/wp\/v2\/types\/product"}],"replies":[{"embeddable":true,"href":"https:\/\/www.hediyepazar.com\/index.php?rest_route=%2Fwp%2Fv2%2Fcomments&post=79621"}],"wp:featuredmedia":[{"embeddable":true,"href":"https:\/\/www.hediyepazar.com\/index.php?rest_route=\/wp\/v2\/media\/79620"}],"wp:attachment":[{"href":"https:\/\/www.hediyepazar.com\/index.php?rest_route=%2Fwp%2Fv2%2Fmedia&parent=79621"}],"wp:term":[{"taxonomy":"product_brand","embeddable":true,"href":"https:\/\/www.hediyepazar.com\/index.php?rest_route=%2Fwp%2Fv2%2Fproduct_brand&post=79621"},{"taxonomy":"product_cat","embeddable":true,"href":"https:\/\/www.hediyepazar.com\/index.php?rest_route=%2Fwp%2Fv2%2Fproduct_cat&post=79621"},{"taxonomy":"product_tag","embeddable":true,"href":"https:\/\/www.hediyepazar.com\/index.php?rest_route=%2Fwp%2Fv2%2Fproduct_tag&post=79621"}],"curies":[{"name":"wp","href":"https:\/\/api.w.org\/{rel}","templated":true}]}}