{"id":79711,"date":"2026-04-30T02:09:38","date_gmt":"2026-04-30T05:09:38","guid":{"rendered":"https:\/\/www.hediyepazar.com\/?product=30-gunluk-detoxs-cayi-5grx30"},"modified":"2026-04-30T02:09:38","modified_gmt":"2026-04-30T05:09:38","slug":"30-gunluk-detoxs-cayi-5grx30","status":"publish","type":"product","link":"https:\/\/www.hediyepazar.com\/?product=30-gunluk-detoxs-cayi-5grx30","title":{"rendered":"30 G\u00fcnl\u00fck Detoxs \u00c7ay\u0131 5grx30"},"content":{"rendered":"<p>Feridun Kunak&nbsp;30 G&uuml;nl&uuml;k Detoxs &Ccedil;ay\u0131 5grx30<br \/>\nFeridun Kunak Detoxs &Ccedil;ay\u0131 Kullan\u0131m\u0131<br \/>\nG&uuml;nde 1 kez kullanman\u0131z tavsiye edilir.<br \/>\nKullan\u0131m \u015eekli :&nbsp;<br \/>\n1 Bardak s\u0131cak su &uuml;zerine 1 \u015faseti bo\u015falt\u0131n\u0131n\u0131z ve kar\u0131\u015ft\u0131r\u0131p i&ccedil;iniz.&nbsp;<br \/>\n1 kutu i&ccedil;erisinde 5 graml\u0131k \u015fasetlerde 30 \u015faset bulunur. Her g&uuml;n 1 adet kullan\u0131mda 1 ayl\u0131k detoks pro\u011fram\u0131 tamamlanm\u0131\u015f olur<br \/>\n\u0130&ccedil;eri\u011fi:<br \/>\nBarut A\u011fac\u0131<br \/>\nBamya &Ccedil;i&ccedil;e\u011fi<br \/>\nBiberiye<br \/>\nChia Tohumu<br \/>\nKuinoa Tohumu<br \/>\nA&ccedil;ai<br \/>\nLepidyum<br \/>\nYe\u015fiil &Ccedil;ay<br \/>\nKu\u015fburnu<br \/>\nMate yapra\u011f\u0131<br \/>\nFunda<br \/>\nKiraz Sap\u0131<br \/>\nYe\u015fil Kahve<br \/>\nLimon Otu<br \/>\nAspir Tohumu<br \/>\nSandolos Sak\u0131z\u0131<br \/>\nK\u0131tre Zamk\u0131<br \/>\nTar&ccedil;\u0131n<br \/>\nMatcha<br \/>\n&nbsp;<\/p>\n","protected":false},"excerpt":{"rendered":"<p>30 G\u00fcnl\u00fck Detoxs \u00c7ay\u0131 5grx30<\/p>\n","protected":false},"featured_media":79710,"comment_status":"open","ping_status":"closed","template":"","meta":{"_kad_post_transparent":"","_kad_post_title":"","_kad_post_layout":"","_kad_post_sidebar_id":"","_kad_post_content_style":"","_kad_post_vertical_padding":"","_kad_post_feature":"","_kad_post_feature_position":"","_kad_post_header":false,"_kad_post_footer":false,"_kad_post_classname":""},"product_brand":[],"product_cat":[627,625],"product_tag":[],"class_list":{"0":"post-79711","1":"product","2":"type-product","3":"status-publish","4":"has-post-thumbnail","6":"product_cat-bitki-cayi","7":"product_cat-bitkisel-organik","9":"first","10":"instock","11":"shipping-taxable","12":"purchasable","13":"product-type-simple","14":"entry","15":"content-bg","16":"loop-entry"},"_links":{"self":[{"href":"https:\/\/www.hediyepazar.com\/index.php?rest_route=\/wp\/v2\/product\/79711","targetHints":{"allow":["GET"]}}],"collection":[{"href":"https:\/\/www.hediyepazar.com\/index.php?rest_route=\/wp\/v2\/product"}],"about":[{"href":"https:\/\/www.hediyepazar.com\/index.php?rest_route=\/wp\/v2\/types\/product"}],"replies":[{"embeddable":true,"href":"https:\/\/www.hediyepazar.com\/index.php?rest_route=%2Fwp%2Fv2%2Fcomments&post=79711"}],"wp:featuredmedia":[{"embeddable":true,"href":"https:\/\/www.hediyepazar.com\/index.php?rest_route=\/wp\/v2\/media\/79710"}],"wp:attachment":[{"href":"https:\/\/www.hediyepazar.com\/index.php?rest_route=%2Fwp%2Fv2%2Fmedia&parent=79711"}],"wp:term":[{"taxonomy":"product_brand","embeddable":true,"href":"https:\/\/www.hediyepazar.com\/index.php?rest_route=%2Fwp%2Fv2%2Fproduct_brand&post=79711"},{"taxonomy":"product_cat","embeddable":true,"href":"https:\/\/www.hediyepazar.com\/index.php?rest_route=%2Fwp%2Fv2%2Fproduct_cat&post=79711"},{"taxonomy":"product_tag","embeddable":true,"href":"https:\/\/www.hediyepazar.com\/index.php?rest_route=%2Fwp%2Fv2%2Fproduct_tag&post=79711"}],"curies":[{"name":"wp","href":"https:\/\/api.w.org\/{rel}","templated":true}]}}