{"id":79763,"date":"2026-04-30T02:13:04","date_gmt":"2026-04-30T05:13:04","guid":{"rendered":"https:\/\/www.hediyepazar.com\/?product=elite-life-kadin-dikissiz-askisiz-kadin-siyah-atlet-852"},"modified":"2026-04-30T02:13:04","modified_gmt":"2026-04-30T05:13:04","slug":"elite-life-kadin-dikissiz-askisiz-kadin-siyah-atlet-852","status":"publish","type":"product","link":"https:\/\/www.hediyepazar.com\/?product=elite-life-kadin-dikissiz-askisiz-kadin-siyah-atlet-852","title":{"rendered":"Elite Life Kad\u0131n Diki\u015fsiz Ask\u0131s\u0131z Kad\u0131n Siyah Atlet 852"},"content":{"rendered":"<table style=\"border-collapse:collapse; width:182pt; border:none\" width=\"243\">\n<colgroup>\n<col style=\"width:182pt\" width=\"243\" \/>\n\t<\/colgroup>\n<tbody>\n<tr height=\"20\" style=\"height:15.0pt\">\n<td class=\"xl63\" height=\"20\" style=\"border:none; height:15.0pt; width:182pt; vertical-align:middle; padding-top:1px; padding-right:1px; padding-left:1px; white-space:nowrap\" width=\"243\"><span style=\"font-size:11pt\"><span style=\"color:black\"><span style=\"font-weight:400\"><span style=\"font-style:normal\"><span style=\"text-decoration:none\"><span style=\"font-family:Calibri,sans-serif\">Elite Life Kad\u0131n Diki\u015fsiz Ask\u0131s\u0131z Kad\u0131n Siyah Atlet 852<br \/>\n\t\t\tElite life 852 kad\u0131n diki\u015fsiz ask\u0131s\u0131z bayan atlet<br \/>\n\t\t\t%90 microfiber<br \/>\n\t\t\t%10 elastan<br \/>\n\t\t\tyumu\u015fak ve esnek dokusu ile hareket rahatl\u0131\u011f\u0131 sa\u011flar.<br \/>\n\t\t\tNefes alabilen kuma\u015f yap\u0131s\u0131 &ouml;zelli\u011fi ile sa\u011fl\u0131\u011f\u0131n\u0131z\u0131 korur.<br \/>\n\t\t\tDiki\u015fsiz &uuml;retildi\u011fi i&ccedil;in iz yapmaz. Bak\u0131m\u0131 kolayd\u0131r<br \/>\n\t\t\t&ccedil;abuk kurur ve &uuml;t&uuml; gerektirmez.<\/span><\/span><\/span><\/span><\/span><\/span><\/td>\n<\/tr>\n<\/tbody>\n<\/table>\n","protected":false},"excerpt":{"rendered":"<p>Elite Life Kad\u0131n Diki\u015fsiz Ask\u0131s\u0131z Kad\u0131n Siyah Atlet 852<\/p>\n","protected":false},"featured_media":79762,"comment_status":"open","ping_status":"closed","template":"","meta":{"_kad_post_transparent":"","_kad_post_title":"","_kad_post_layout":"","_kad_post_sidebar_id":"","_kad_post_content_style":"","_kad_post_vertical_padding":"","_kad_post_feature":"","_kad_post_feature_position":"","_kad_post_header":false,"_kad_post_footer":false,"_kad_post_classname":""},"product_brand":[],"product_cat":[550,538,537],"product_tag":[],"class_list":{"0":"post-79763","1":"product","2":"type-product","3":"status-publish","4":"has-post-thumbnail","6":"product_cat-atlet-body","7":"product_cat-ic-giyim","8":"product_cat-kadin","10":"first","11":"instock","12":"shipping-taxable","13":"purchasable","14":"product-type-simple","15":"entry","16":"content-bg","17":"loop-entry"},"_links":{"self":[{"href":"https:\/\/www.hediyepazar.com\/index.php?rest_route=\/wp\/v2\/product\/79763","targetHints":{"allow":["GET"]}}],"collection":[{"href":"https:\/\/www.hediyepazar.com\/index.php?rest_route=\/wp\/v2\/product"}],"about":[{"href":"https:\/\/www.hediyepazar.com\/index.php?rest_route=\/wp\/v2\/types\/product"}],"replies":[{"embeddable":true,"href":"https:\/\/www.hediyepazar.com\/index.php?rest_route=%2Fwp%2Fv2%2Fcomments&post=79763"}],"wp:featuredmedia":[{"embeddable":true,"href":"https:\/\/www.hediyepazar.com\/index.php?rest_route=\/wp\/v2\/media\/79762"}],"wp:attachment":[{"href":"https:\/\/www.hediyepazar.com\/index.php?rest_route=%2Fwp%2Fv2%2Fmedia&parent=79763"}],"wp:term":[{"taxonomy":"product_brand","embeddable":true,"href":"https:\/\/www.hediyepazar.com\/index.php?rest_route=%2Fwp%2Fv2%2Fproduct_brand&post=79763"},{"taxonomy":"product_cat","embeddable":true,"href":"https:\/\/www.hediyepazar.com\/index.php?rest_route=%2Fwp%2Fv2%2Fproduct_cat&post=79763"},{"taxonomy":"product_tag","embeddable":true,"href":"https:\/\/www.hediyepazar.com\/index.php?rest_route=%2Fwp%2Fv2%2Fproduct_tag&post=79763"}],"curies":[{"name":"wp","href":"https:\/\/api.w.org\/{rel}","templated":true}]}}