{"id":79773,"date":"2026-04-30T02:13:22","date_gmt":"2026-04-30T05:13:22","guid":{"rendered":"https:\/\/www.hediyepazar.com\/?product=hasir-orgu-yuvarlak-beyaz-ekmeklik-25x25x9-cm"},"modified":"2026-04-30T02:13:22","modified_gmt":"2026-04-30T05:13:22","slug":"hasir-orgu-yuvarlak-beyaz-ekmeklik-25x25x9-cm","status":"publish","type":"product","link":"https:\/\/www.hediyepazar.com\/?product=hasir-orgu-yuvarlak-beyaz-ekmeklik-25x25x9-cm","title":{"rendered":"Has\u0131r \u00d6rg\u00fc Yuvarlak Beyaz Ekmeklik 25x25x9 cm"},"content":{"rendered":"<table style=\"border-collapse:collapse; width:65pt; border:none\" width=\"86\">\n<colgroup>\n<col style=\"width:65pt\" width=\"86\" \/>\n\t<\/colgroup>\n<tbody>\n<tr height=\"25\" style=\"height:18.75pt\">\n<td height=\"25\" style=\"border:none; height:18.75pt; width:65pt; padding-top:1px; padding-right:1px; padding-left:1px; vertical-align:bottom; white-space:nowrap\" width=\"86\"><span style=\"font-size:11pt\"><span style=\"color:black\"><span style=\"font-weight:400\"><span style=\"font-style:normal\"><span style=\"text-decoration:none\"><span style=\"font-family:Calibri,sans-serif\">Has\u0131r &Ouml;rg&uuml; Yuvarlak Beyaz Ekmeklik 25x25x9 cm<br \/>\n\t\t\tHas\u0131r &Ouml;rg&uuml; Ekmeklik Oval Ekmeklik<br \/>\n\t\t\t&Ccedil;ap: 25 Cm Y&uuml;kseklik: 9 Cm<br \/>\n\t\t\t\u0130&ccedil; k\u0131sm\u0131ndaki kuma\u015f\u0131 sayesinde i&ccedil;ene koyaca\u011f\u0131n\u0131z objeleri zarar g&ouml;rmeden saklayabilirsiniz.<br \/>\n\t\t\tHas\u0131r malzemeden yap\u0131lm\u0131\u015ft\u0131r.<\/span><\/span><\/span><\/span><\/span><\/span><\/td>\n<\/tr>\n<\/tbody>\n<\/table>\n","protected":false},"excerpt":{"rendered":"<p>Has\u0131r \u00d6rg\u00fc Yuvarlak Beyaz Ekmeklik 25x25x9 cm<\/p>\n","protected":false},"featured_media":79772,"comment_status":"open","ping_status":"closed","template":"","meta":{"_kad_post_transparent":"","_kad_post_title":"","_kad_post_layout":"","_kad_post_sidebar_id":"","_kad_post_content_style":"","_kad_post_vertical_padding":"","_kad_post_feature":"","_kad_post_feature_position":"","_kad_post_header":false,"_kad_post_footer":false,"_kad_post_classname":""},"product_brand":[],"product_cat":[557,602,558],"product_tag":[],"class_list":{"0":"post-79773","1":"product","2":"type-product","3":"status-publish","4":"has-post-thumbnail","6":"product_cat-ev-yasam","7":"product_cat-mutfak-saklama-duzenleme","8":"product_cat-sofra-mutfak-2","10":"first","11":"instock","12":"shipping-taxable","13":"purchasable","14":"product-type-simple","15":"entry","16":"content-bg","17":"loop-entry"},"_links":{"self":[{"href":"https:\/\/www.hediyepazar.com\/index.php?rest_route=\/wp\/v2\/product\/79773","targetHints":{"allow":["GET"]}}],"collection":[{"href":"https:\/\/www.hediyepazar.com\/index.php?rest_route=\/wp\/v2\/product"}],"about":[{"href":"https:\/\/www.hediyepazar.com\/index.php?rest_route=\/wp\/v2\/types\/product"}],"replies":[{"embeddable":true,"href":"https:\/\/www.hediyepazar.com\/index.php?rest_route=%2Fwp%2Fv2%2Fcomments&post=79773"}],"wp:featuredmedia":[{"embeddable":true,"href":"https:\/\/www.hediyepazar.com\/index.php?rest_route=\/wp\/v2\/media\/79772"}],"wp:attachment":[{"href":"https:\/\/www.hediyepazar.com\/index.php?rest_route=%2Fwp%2Fv2%2Fmedia&parent=79773"}],"wp:term":[{"taxonomy":"product_brand","embeddable":true,"href":"https:\/\/www.hediyepazar.com\/index.php?rest_route=%2Fwp%2Fv2%2Fproduct_brand&post=79773"},{"taxonomy":"product_cat","embeddable":true,"href":"https:\/\/www.hediyepazar.com\/index.php?rest_route=%2Fwp%2Fv2%2Fproduct_cat&post=79773"},{"taxonomy":"product_tag","embeddable":true,"href":"https:\/\/www.hediyepazar.com\/index.php?rest_route=%2Fwp%2Fv2%2Fproduct_tag&post=79773"}],"curies":[{"name":"wp","href":"https:\/\/api.w.org\/{rel}","templated":true}]}}