{"id":79799,"date":"2026-04-30T02:14:59","date_gmt":"2026-04-30T05:14:59","guid":{"rendered":"https:\/\/www.hediyepazar.com\/?product=5-parca-oturakli-bebek-bakim-yikama-seti-mavi"},"modified":"2026-04-30T02:14:59","modified_gmt":"2026-04-30T05:14:59","slug":"5-parca-oturakli-bebek-bakim-yikama-seti-mavi","status":"publish","type":"product","link":"https:\/\/www.hediyepazar.com\/?product=5-parca-oturakli-bebek-bakim-yikama-seti-mavi","title":{"rendered":"5 Par\u00e7a Oturakl\u0131 Bebek Bak\u0131m Y\u0131kama Seti Mavi"},"content":{"rendered":"<p>5 Par&ccedil;a Oturakl\u0131 Bebek Bak\u0131m Y\u0131kama Seti Mavi<\/p>\n<p>Bebek banyosunu keyifli ve kolay hale getirecek bu set bebe\u011finizin sa\u011fl\u0131\u011f\u0131 i&ccedil;in y&uuml;ksek kaliteli BPA i&ccedil;ermeyen plastikten &uuml;retilmi\u015ftir.<br \/>\nAnatomik yap\u0131s\u0131 ile bebe\u011finiz ve sizin rahat\u0131n\u0131z i&ccedil;in G&uuml;venilir , Sa\u011fl\u0131kl\u0131 ve Emniyetli<br \/>\n\u0130lk do\u011fumdan 1 ya\u015f\u0131na kadar ihtiyac\u0131n\u0131z olacak t&uuml;m par&ccedil;alar sette mevcuttur.<br \/>\n8 kg ta\u015f\u0131ma kapasitesi vard\u0131r.<br \/>\nBPA i&ccedil;ermeyen y&uuml;ksek kaliteli plastik<br \/>\nYatay pozisyon sandalyesinde g&uuml;venlik i&ccedil;in ayaklar\u0131nda kayd\u0131rmaz vantuz bulunmaktad\u0131r.<br \/>\nPaket i&ccedil;eri\u011fi:<br \/>\n1 adet Y\u0131kama K&uuml;veti<br \/>\n1 adet &Ccedil;ocuk Oturma Banyo Sandalyesi<br \/>\n1 adet Kova<br \/>\n1 adet Ma\u015frapa&nbsp;<br \/>\n1 adet Yatay pozisyon y\u0131kama sandalyesi<\/p>\n","protected":false},"excerpt":{"rendered":"<p>5 Par\u00e7a Oturakl\u0131 Bebek Bak\u0131m Y\u0131kama Seti Mavi<\/p>\n","protected":false},"featured_media":79798,"comment_status":"open","ping_status":"closed","template":"","meta":{"_kad_post_transparent":"","_kad_post_title":"","_kad_post_layout":"","_kad_post_sidebar_id":"","_kad_post_content_style":"","_kad_post_vertical_padding":"","_kad_post_feature":"","_kad_post_feature_position":"","_kad_post_header":false,"_kad_post_footer":false,"_kad_post_classname":""},"product_brand":[],"product_cat":[607,608,551],"product_tag":[],"class_list":{"0":"post-79799","1":"product","2":"type-product","3":"status-publish","4":"has-post-thumbnail","6":"product_cat-anne-bebek-cocuk","7":"product_cat-bebek-bakim","8":"product_cat-cocuk","10":"first","11":"instock","12":"shipping-taxable","13":"purchasable","14":"product-type-simple","15":"entry","16":"content-bg","17":"loop-entry"},"_links":{"self":[{"href":"https:\/\/www.hediyepazar.com\/index.php?rest_route=\/wp\/v2\/product\/79799","targetHints":{"allow":["GET"]}}],"collection":[{"href":"https:\/\/www.hediyepazar.com\/index.php?rest_route=\/wp\/v2\/product"}],"about":[{"href":"https:\/\/www.hediyepazar.com\/index.php?rest_route=\/wp\/v2\/types\/product"}],"replies":[{"embeddable":true,"href":"https:\/\/www.hediyepazar.com\/index.php?rest_route=%2Fwp%2Fv2%2Fcomments&post=79799"}],"wp:featuredmedia":[{"embeddable":true,"href":"https:\/\/www.hediyepazar.com\/index.php?rest_route=\/wp\/v2\/media\/79798"}],"wp:attachment":[{"href":"https:\/\/www.hediyepazar.com\/index.php?rest_route=%2Fwp%2Fv2%2Fmedia&parent=79799"}],"wp:term":[{"taxonomy":"product_brand","embeddable":true,"href":"https:\/\/www.hediyepazar.com\/index.php?rest_route=%2Fwp%2Fv2%2Fproduct_brand&post=79799"},{"taxonomy":"product_cat","embeddable":true,"href":"https:\/\/www.hediyepazar.com\/index.php?rest_route=%2Fwp%2Fv2%2Fproduct_cat&post=79799"},{"taxonomy":"product_tag","embeddable":true,"href":"https:\/\/www.hediyepazar.com\/index.php?rest_route=%2Fwp%2Fv2%2Fproduct_tag&post=79799"}],"curies":[{"name":"wp","href":"https:\/\/api.w.org\/{rel}","templated":true}]}}