{"id":79811,"date":"2026-04-30T02:16:13","date_gmt":"2026-04-30T05:16:13","guid":{"rendered":"https:\/\/www.hediyepazar.com\/?product=sapli-atlama-ipi-antreman-aleti"},"modified":"2026-04-30T02:16:13","modified_gmt":"2026-04-30T05:16:13","slug":"sapli-atlama-ipi-antreman-aleti","status":"publish","type":"product","link":"https:\/\/www.hediyepazar.com\/?product=sapli-atlama-ipi-antreman-aleti","title":{"rendered":"Sapl\u0131 Atlama \u0130pi Antreman Aleti"},"content":{"rendered":"<table style=\"border-collapse:collapse; width:89pt; border:none\" width=\"118\">\n<colgroup>\n<col style=\"width:89pt\" width=\"118\" \/>\n\t<\/colgroup>\n<tbody>\n<tr height=\"20\" style=\"height:15.0pt\">\n<td class=\"xl65\" height=\"20\" style=\"border:none; height:15.0pt; width:89pt; white-space:nowrap; padding-top:1px; padding-right:1px; padding-left:1px; vertical-align:bottom\" width=\"118\"><span style=\"font-size:11pt\"><span style=\"color:black\"><span style=\"font-weight:400\"><span style=\"font-style:normal\"><span style=\"text-decoration:none\"><span style=\"font-family:Calibri,sans-serif\">Sapl\u0131 Atlama \u0130pi Antreman Aleti<br \/>\n\t\t\tEvde okulda bah&ccedil;ede heryerde rahatl\u0131kla ip atlama egzersizi yapabilece\u011finiz<br \/>\n\t\t\tta\u015f\u0131mas\u0131 ve kullan\u0131m\u0131 kolay atlama ipi.<br \/>\n\t\t\tp atlama t&uuml;m v&uuml;cudu &ccedil;al\u0131\u015ft\u0131rd\u0131\u011f\u0131 i&ccedil;in antreman ve kardiyolar\u0131n\u0131zda en g&uuml;zel sonucu verir.<br \/>\n\t\t\tEvde antreman yapacaklar\u0131n veya arkada\u015flar\u0131 ile e\u011flenmek i&ccedil;in ip atlamak isteyen &ccedil;ocuklar\u0131n severek kullanaca\u011f\u0131 atlama ipi<br \/>\n\t\t\tkod:&nbsp;8883465700672<\/span><\/span><\/span><\/span><\/span><\/span><\/td>\n<\/tr>\n<\/tbody>\n<\/table>\n","protected":false},"excerpt":{"rendered":"<p>Sapl\u0131 Atlama \u0130pi Antreman Aleti<\/p>\n","protected":false},"featured_media":79810,"comment_status":"open","ping_status":"closed","template":"","meta":{"_kad_post_transparent":"","_kad_post_title":"","_kad_post_layout":"","_kad_post_sidebar_id":"","_kad_post_content_style":"","_kad_post_vertical_padding":"","_kad_post_feature":"","_kad_post_feature_position":"","_kad_post_header":false,"_kad_post_footer":false,"_kad_post_classname":""},"product_brand":[],"product_cat":[643,642],"product_tag":[],"class_list":{"0":"post-79811","1":"product","2":"type-product","3":"status-publish","4":"has-post-thumbnail","6":"product_cat-bahce-dis-mekan-oyuncaklari","7":"product_cat-oyuncak","9":"first","10":"instock","11":"shipping-taxable","12":"purchasable","13":"product-type-simple","14":"entry","15":"content-bg","16":"loop-entry"},"_links":{"self":[{"href":"https:\/\/www.hediyepazar.com\/index.php?rest_route=\/wp\/v2\/product\/79811","targetHints":{"allow":["GET"]}}],"collection":[{"href":"https:\/\/www.hediyepazar.com\/index.php?rest_route=\/wp\/v2\/product"}],"about":[{"href":"https:\/\/www.hediyepazar.com\/index.php?rest_route=\/wp\/v2\/types\/product"}],"replies":[{"embeddable":true,"href":"https:\/\/www.hediyepazar.com\/index.php?rest_route=%2Fwp%2Fv2%2Fcomments&post=79811"}],"wp:featuredmedia":[{"embeddable":true,"href":"https:\/\/www.hediyepazar.com\/index.php?rest_route=\/wp\/v2\/media\/79810"}],"wp:attachment":[{"href":"https:\/\/www.hediyepazar.com\/index.php?rest_route=%2Fwp%2Fv2%2Fmedia&parent=79811"}],"wp:term":[{"taxonomy":"product_brand","embeddable":true,"href":"https:\/\/www.hediyepazar.com\/index.php?rest_route=%2Fwp%2Fv2%2Fproduct_brand&post=79811"},{"taxonomy":"product_cat","embeddable":true,"href":"https:\/\/www.hediyepazar.com\/index.php?rest_route=%2Fwp%2Fv2%2Fproduct_cat&post=79811"},{"taxonomy":"product_tag","embeddable":true,"href":"https:\/\/www.hediyepazar.com\/index.php?rest_route=%2Fwp%2Fv2%2Fproduct_tag&post=79811"}],"curies":[{"name":"wp","href":"https:\/\/api.w.org\/{rel}","templated":true}]}}