{"id":79815,"date":"2026-04-30T02:16:41","date_gmt":"2026-04-30T05:16:41","guid":{"rendered":"https:\/\/www.hediyepazar.com\/?product=isikli-muzikli-orumcek-desenli-topac-12x7-cm"},"modified":"2026-04-30T02:16:41","modified_gmt":"2026-04-30T05:16:41","slug":"isikli-muzikli-orumcek-desenli-topac-12x7-cm","status":"publish","type":"product","link":"https:\/\/www.hediyepazar.com\/?product=isikli-muzikli-orumcek-desenli-topac-12x7-cm","title":{"rendered":"I\u015f\u0131kl\u0131 M\u00fczikli \u00d6r\u00fcmcek Desenli Topa\u00e7 12&#215;7 cm"},"content":{"rendered":"<table style=\"border-collapse:collapse; width:89pt; border:none\" width=\"118\">\n<colgroup>\n<col style=\"width:89pt\" width=\"118\" \/>\n\t<\/colgroup>\n<tbody>\n<tr height=\"20\" style=\"height:15.0pt\">\n<td class=\"xl65\" height=\"20\" style=\"border:none; height:15.0pt; width:89pt; white-space:nowrap; padding-top:1px; padding-right:1px; padding-left:1px; vertical-align:bottom\" width=\"118\"><span style=\"font-size:11pt\"><span style=\"color:black\"><span style=\"font-weight:400\"><span style=\"font-style:normal\"><span style=\"text-decoration:none\"><span style=\"font-family:Calibri,sans-serif\">I\u015f\u0131kl\u0131 M&uuml;zikli &Ouml;r&uuml;mcek Desenli Topa&ccedil;<br \/>\n\t\t\tKlasik ip sarmal\u0131 topa&ccedil;lar\u0131n yeni versiyonu kurma kollu<br \/>\n\t\t\t\u0131\u015f\u0131kl\u0131 m&uuml;zikli topa&ccedil; &ccedil;ocuklar\u0131n\u0131z\u0131n tak\u0131m oyunlar\u0131na yeni bir boyut getirecek.<br \/>\n\t\t\tM&uuml;kemmel kondisyonda ve kolay kullan\u0131m \u015fekli ile &ccedil;ocu\u011funuzun favori oyuncaklar\u0131 aras\u0131nda yer alacak<br \/>\n\t\t\t4372929876530<\/span><\/span><\/span><\/span><\/span><\/span><\/td>\n<\/tr>\n<\/tbody>\n<\/table>\n","protected":false},"excerpt":{"rendered":"<p>I\u015f\u0131kl\u0131 M\u00fczikli \u00d6r\u00fcmcek Desenli Topa\u00e7 12&#215;7 cm<\/p>\n","protected":false},"featured_media":79814,"comment_status":"open","ping_status":"closed","template":"","meta":{"_kad_post_transparent":"","_kad_post_title":"","_kad_post_layout":"","_kad_post_sidebar_id":"","_kad_post_content_style":"","_kad_post_vertical_padding":"","_kad_post_feature":"","_kad_post_feature_position":"","_kad_post_header":false,"_kad_post_footer":false,"_kad_post_classname":""},"product_brand":[],"product_cat":[645,642],"product_tag":[],"class_list":{"0":"post-79815","1":"product","2":"type-product","3":"status-publish","4":"has-post-thumbnail","6":"product_cat-hobi-figur-oyuncaklari","7":"product_cat-oyuncak","9":"first","10":"instock","11":"shipping-taxable","12":"purchasable","13":"product-type-simple","14":"entry","15":"content-bg","16":"loop-entry"},"_links":{"self":[{"href":"https:\/\/www.hediyepazar.com\/index.php?rest_route=\/wp\/v2\/product\/79815","targetHints":{"allow":["GET"]}}],"collection":[{"href":"https:\/\/www.hediyepazar.com\/index.php?rest_route=\/wp\/v2\/product"}],"about":[{"href":"https:\/\/www.hediyepazar.com\/index.php?rest_route=\/wp\/v2\/types\/product"}],"replies":[{"embeddable":true,"href":"https:\/\/www.hediyepazar.com\/index.php?rest_route=%2Fwp%2Fv2%2Fcomments&post=79815"}],"wp:featuredmedia":[{"embeddable":true,"href":"https:\/\/www.hediyepazar.com\/index.php?rest_route=\/wp\/v2\/media\/79814"}],"wp:attachment":[{"href":"https:\/\/www.hediyepazar.com\/index.php?rest_route=%2Fwp%2Fv2%2Fmedia&parent=79815"}],"wp:term":[{"taxonomy":"product_brand","embeddable":true,"href":"https:\/\/www.hediyepazar.com\/index.php?rest_route=%2Fwp%2Fv2%2Fproduct_brand&post=79815"},{"taxonomy":"product_cat","embeddable":true,"href":"https:\/\/www.hediyepazar.com\/index.php?rest_route=%2Fwp%2Fv2%2Fproduct_cat&post=79815"},{"taxonomy":"product_tag","embeddable":true,"href":"https:\/\/www.hediyepazar.com\/index.php?rest_route=%2Fwp%2Fv2%2Fproduct_tag&post=79815"}],"curies":[{"name":"wp","href":"https:\/\/api.w.org\/{rel}","templated":true}]}}