{"id":79821,"date":"2026-04-30T02:17:23","date_gmt":"2026-04-30T05:17:23","guid":{"rendered":"https:\/\/www.hediyepazar.com\/?product=moda-ruzgari-masali-tabureli-guzellik-seti-50x30-cm-7-parca"},"modified":"2026-04-30T02:17:23","modified_gmt":"2026-04-30T05:17:23","slug":"moda-ruzgari-masali-tabureli-guzellik-seti-50x30-cm-7-parca","status":"publish","type":"product","link":"https:\/\/www.hediyepazar.com\/?product=moda-ruzgari-masali-tabureli-guzellik-seti-50x30-cm-7-parca","title":{"rendered":"Moda R\u00fczgar\u0131 Masal\u0131 Tabureli G\u00fczellik Seti 50&#215;30 cm 7 par\u00e7a"},"content":{"rendered":"<table style=\"border-collapse:collapse; width:89pt; border:none\" width=\"118\">\n<colgroup>\n<col style=\"width:89pt\" width=\"118\" \/>\n\t<\/colgroup>\n<tbody>\n<tr height=\"20\" style=\"height:15.0pt\">\n<td class=\"xl65\" height=\"20\" style=\"border:none; height:15.0pt; width:89pt; white-space:nowrap; padding-top:1px; padding-right:1px; padding-left:1px; vertical-align:bottom\" width=\"118\"><span style=\"font-size:11pt\"><span style=\"color:black\"><span style=\"font-weight:400\"><span style=\"font-style:normal\"><span style=\"text-decoration:none\"><span style=\"font-family:Calibri,sans-serif\">Moda R&uuml;zgar\u0131 Masal\u0131 Tabureli G&uuml;zellik Seti<br \/>\n\t\t\t&Ouml;zellikle k\u0131z &ccedil;ocuklar\u0131n\u0131n vazge&ccedil;emedi\u011fi oyuncak grubunda olan g&uuml;zellik seti<br \/>\n\t\t\t7 &ouml;zel par&ccedil;adan olu\u015fuyor.<br \/>\n\t\t\t\u0130&ccedil;erisinde masa ayna f&ouml;n ruj tarak gibi oyuncaklar bulunan g&uuml;zellik seti &ccedil;ocu\u011funuzun en favori oyunca\u011f\u0131 olacak<br \/>\n\t\t\t8696799014582<\/span><\/span><\/span><\/span><\/span><\/span><\/td>\n<\/tr>\n<\/tbody>\n<\/table>\n","protected":false},"excerpt":{"rendered":"<p>Moda R\u00fczgar\u0131 Masal\u0131 Tabureli G\u00fczellik Seti 50&#215;30 cm 7 par\u00e7a<\/p>\n","protected":false},"featured_media":79820,"comment_status":"open","ping_status":"closed","template":"","meta":{"_kad_post_transparent":"","_kad_post_title":"","_kad_post_layout":"","_kad_post_sidebar_id":"","_kad_post_content_style":"","_kad_post_vertical_padding":"","_kad_post_feature":"","_kad_post_feature_position":"","_kad_post_header":false,"_kad_post_footer":false,"_kad_post_classname":""},"product_brand":[],"product_cat":[647,642],"product_tag":[],"class_list":{"0":"post-79821","1":"product","2":"type-product","3":"status-publish","4":"has-post-thumbnail","6":"product_cat-oyun-setleri","7":"product_cat-oyuncak","9":"first","10":"instock","11":"shipping-taxable","12":"purchasable","13":"product-type-simple","14":"entry","15":"content-bg","16":"loop-entry"},"_links":{"self":[{"href":"https:\/\/www.hediyepazar.com\/index.php?rest_route=\/wp\/v2\/product\/79821","targetHints":{"allow":["GET"]}}],"collection":[{"href":"https:\/\/www.hediyepazar.com\/index.php?rest_route=\/wp\/v2\/product"}],"about":[{"href":"https:\/\/www.hediyepazar.com\/index.php?rest_route=\/wp\/v2\/types\/product"}],"replies":[{"embeddable":true,"href":"https:\/\/www.hediyepazar.com\/index.php?rest_route=%2Fwp%2Fv2%2Fcomments&post=79821"}],"wp:featuredmedia":[{"embeddable":true,"href":"https:\/\/www.hediyepazar.com\/index.php?rest_route=\/wp\/v2\/media\/79820"}],"wp:attachment":[{"href":"https:\/\/www.hediyepazar.com\/index.php?rest_route=%2Fwp%2Fv2%2Fmedia&parent=79821"}],"wp:term":[{"taxonomy":"product_brand","embeddable":true,"href":"https:\/\/www.hediyepazar.com\/index.php?rest_route=%2Fwp%2Fv2%2Fproduct_brand&post=79821"},{"taxonomy":"product_cat","embeddable":true,"href":"https:\/\/www.hediyepazar.com\/index.php?rest_route=%2Fwp%2Fv2%2Fproduct_cat&post=79821"},{"taxonomy":"product_tag","embeddable":true,"href":"https:\/\/www.hediyepazar.com\/index.php?rest_route=%2Fwp%2Fv2%2Fproduct_tag&post=79821"}],"curies":[{"name":"wp","href":"https:\/\/api.w.org\/{rel}","templated":true}]}}