{"id":79827,"date":"2026-04-30T02:17:54","date_gmt":"2026-04-30T05:17:54","guid":{"rendered":"https:\/\/www.hediyepazar.com\/?product=cingirakli-surmeli-buyuk-cin-cin-teker-60cm"},"modified":"2026-04-30T02:17:54","modified_gmt":"2026-04-30T05:17:54","slug":"cingirakli-surmeli-buyuk-cin-cin-teker-60cm","status":"publish","type":"product","link":"https:\/\/www.hediyepazar.com\/?product=cingirakli-surmeli-buyuk-cin-cin-teker-60cm","title":{"rendered":"\u00c7\u0131ng\u0131rakl\u0131 S\u00fcrmeli B\u00fcy\u00fck \u00c7\u0131n \u00c7\u0131n Teker 60cm"},"content":{"rendered":"<table style=\"border-collapse:collapse; width:89pt; border:none\" width=\"118\">\n<colgroup>\n<col style=\"width:89pt\" width=\"118\" \/>\n\t<\/colgroup>\n<tbody>\n<tr height=\"20\" style=\"height:15.0pt\">\n<td class=\"xl65\" height=\"20\" style=\"border:none; height:15.0pt; width:89pt; white-space:nowrap; padding-top:1px; padding-right:1px; padding-left:1px; vertical-align:bottom\" width=\"118\"><span style=\"font-size:11pt\"><span style=\"color:black\"><span style=\"font-weight:400\"><span style=\"font-style:normal\"><span style=\"text-decoration:none\"><span style=\"font-family:Calibri,sans-serif\">&Ccedil;\u0131ng\u0131rakl\u0131 S&uuml;rmeli B&uuml;y&uuml;k &Ccedil;\u0131n &Ccedil;\u0131n Teker<br \/>\n\t\t\tNostaljik oyuncaklar\u0131n en ba\u015f\u0131nda genel &ccedil;\u0131ng\u0131rakl\u0131 teker &ccedil;ocuklar\u0131n\u0131z\u0131 hareket etmeye y&ouml;nlendirecek<br \/>\n\t\t\tve v&uuml;cut dengesinin olu\u015fmas\u0131n\u0131 sa\u011flayacakt\u0131r.<br \/>\n\t\t\tKolay s&uuml;r&uuml;lebilen uzatma &ccedil;ubu\u011fu sayesinde ko\u015fmak ve y&uuml;r&uuml;mek &ccedil;ocuklar\u0131n\u0131z i&ccedil;in daha zevkli.<br \/>\n\t\t\t8699433990020<\/span><\/span><\/span><\/span><\/span><\/span><\/td>\n<\/tr>\n<\/tbody>\n<\/table>\n","protected":false},"excerpt":{"rendered":"<p>\u00c7\u0131ng\u0131rakl\u0131 S\u00fcrmeli B\u00fcy\u00fck \u00c7\u0131n \u00c7\u0131n Teker 60cm<\/p>\n","protected":false},"featured_media":79826,"comment_status":"open","ping_status":"closed","template":"","meta":{"_kad_post_transparent":"","_kad_post_title":"","_kad_post_layout":"","_kad_post_sidebar_id":"","_kad_post_content_style":"","_kad_post_vertical_padding":"","_kad_post_feature":"","_kad_post_feature_position":"","_kad_post_header":false,"_kad_post_footer":false,"_kad_post_classname":""},"product_brand":[],"product_cat":[642,648],"product_tag":[],"class_list":{"0":"post-79827","1":"product","2":"type-product","3":"status-publish","4":"has-post-thumbnail","6":"product_cat-oyuncak","7":"product_cat-oyuncak-araclar","9":"first","10":"instock","11":"shipping-taxable","12":"purchasable","13":"product-type-simple","14":"entry","15":"content-bg","16":"loop-entry"},"_links":{"self":[{"href":"https:\/\/www.hediyepazar.com\/index.php?rest_route=\/wp\/v2\/product\/79827","targetHints":{"allow":["GET"]}}],"collection":[{"href":"https:\/\/www.hediyepazar.com\/index.php?rest_route=\/wp\/v2\/product"}],"about":[{"href":"https:\/\/www.hediyepazar.com\/index.php?rest_route=\/wp\/v2\/types\/product"}],"replies":[{"embeddable":true,"href":"https:\/\/www.hediyepazar.com\/index.php?rest_route=%2Fwp%2Fv2%2Fcomments&post=79827"}],"wp:featuredmedia":[{"embeddable":true,"href":"https:\/\/www.hediyepazar.com\/index.php?rest_route=\/wp\/v2\/media\/79826"}],"wp:attachment":[{"href":"https:\/\/www.hediyepazar.com\/index.php?rest_route=%2Fwp%2Fv2%2Fmedia&parent=79827"}],"wp:term":[{"taxonomy":"product_brand","embeddable":true,"href":"https:\/\/www.hediyepazar.com\/index.php?rest_route=%2Fwp%2Fv2%2Fproduct_brand&post=79827"},{"taxonomy":"product_cat","embeddable":true,"href":"https:\/\/www.hediyepazar.com\/index.php?rest_route=%2Fwp%2Fv2%2Fproduct_cat&post=79827"},{"taxonomy":"product_tag","embeddable":true,"href":"https:\/\/www.hediyepazar.com\/index.php?rest_route=%2Fwp%2Fv2%2Fproduct_tag&post=79827"}],"curies":[{"name":"wp","href":"https:\/\/api.w.org\/{rel}","templated":true}]}}