{"id":79829,"date":"2026-04-30T02:18:06","date_gmt":"2026-04-30T05:18:06","guid":{"rendered":"https:\/\/www.hediyepazar.com\/?product=oyuncak-is-makinesi-dozer-30x18x18-cm"},"modified":"2026-04-30T02:18:06","modified_gmt":"2026-04-30T05:18:06","slug":"oyuncak-is-makinesi-dozer-30x18x18-cm","status":"publish","type":"product","link":"https:\/\/www.hediyepazar.com\/?product=oyuncak-is-makinesi-dozer-30x18x18-cm","title":{"rendered":"Oyuncak \u0130\u015f Makinesi Dozer 30x18x18 cm"},"content":{"rendered":"<table style=\"border-collapse:collapse; width:89pt; border:none\" width=\"118\">\n<colgroup>\n<col style=\"width:89pt\" width=\"118\" \/>\n\t<\/colgroup>\n<tbody>\n<tr height=\"20\" style=\"height:15.0pt\">\n<td class=\"xl65\" height=\"20\" style=\"border:none; height:15.0pt; width:89pt; white-space:nowrap; padding-top:1px; padding-right:1px; padding-left:1px; vertical-align:bottom\" width=\"118\"><span style=\"font-size:11pt\"><span style=\"color:black\"><span style=\"font-weight:400\"><span style=\"font-style:normal\"><span style=\"text-decoration:none\"><span style=\"font-family:Calibri,sans-serif\">Oyuncak \u0130\u015f Makinesi Dozer<br \/>\n\t\t\t&Ouml;zellikle erkek &ccedil;ocuklar\u0131n ilgisini &ccedil;eken i\u015f makinesi dozer oyuncaklar &ccedil;ocuklar\u0131n<br \/>\n\t\t\td\u0131\u015f d&uuml;nyadaki g&ouml;rd&uuml;kleri nesneleri oyun alan\u0131na ta\u015f\u0131mak i&ccedil;in birebirdir.<br \/>\n\t\t\tHareketli &ouml;n taraf\u0131 ile hayal g&uuml;c&uuml;n&uuml; geli\u015ftirir.<br \/>\n\t\t\t8680742103065<\/span><\/span><\/span><\/span><\/span><\/span><\/td>\n<\/tr>\n<\/tbody>\n<\/table>\n","protected":false},"excerpt":{"rendered":"<p>Oyuncak \u0130\u015f Makinesi Dozer 30x18x18 cm<\/p>\n","protected":false},"featured_media":79828,"comment_status":"open","ping_status":"closed","template":"","meta":{"_kad_post_transparent":"","_kad_post_title":"","_kad_post_layout":"","_kad_post_sidebar_id":"","_kad_post_content_style":"","_kad_post_vertical_padding":"","_kad_post_feature":"","_kad_post_feature_position":"","_kad_post_header":false,"_kad_post_footer":false,"_kad_post_classname":""},"product_brand":[],"product_cat":[642,648],"product_tag":[],"class_list":{"0":"post-79829","1":"product","2":"type-product","3":"status-publish","4":"has-post-thumbnail","6":"product_cat-oyuncak","7":"product_cat-oyuncak-araclar","9":"first","10":"instock","11":"shipping-taxable","12":"purchasable","13":"product-type-simple","14":"entry","15":"content-bg","16":"loop-entry"},"_links":{"self":[{"href":"https:\/\/www.hediyepazar.com\/index.php?rest_route=\/wp\/v2\/product\/79829","targetHints":{"allow":["GET"]}}],"collection":[{"href":"https:\/\/www.hediyepazar.com\/index.php?rest_route=\/wp\/v2\/product"}],"about":[{"href":"https:\/\/www.hediyepazar.com\/index.php?rest_route=\/wp\/v2\/types\/product"}],"replies":[{"embeddable":true,"href":"https:\/\/www.hediyepazar.com\/index.php?rest_route=%2Fwp%2Fv2%2Fcomments&post=79829"}],"wp:featuredmedia":[{"embeddable":true,"href":"https:\/\/www.hediyepazar.com\/index.php?rest_route=\/wp\/v2\/media\/79828"}],"wp:attachment":[{"href":"https:\/\/www.hediyepazar.com\/index.php?rest_route=%2Fwp%2Fv2%2Fmedia&parent=79829"}],"wp:term":[{"taxonomy":"product_brand","embeddable":true,"href":"https:\/\/www.hediyepazar.com\/index.php?rest_route=%2Fwp%2Fv2%2Fproduct_brand&post=79829"},{"taxonomy":"product_cat","embeddable":true,"href":"https:\/\/www.hediyepazar.com\/index.php?rest_route=%2Fwp%2Fv2%2Fproduct_cat&post=79829"},{"taxonomy":"product_tag","embeddable":true,"href":"https:\/\/www.hediyepazar.com\/index.php?rest_route=%2Fwp%2Fv2%2Fproduct_tag&post=79829"}],"curies":[{"name":"wp","href":"https:\/\/api.w.org\/{rel}","templated":true}]}}