{"id":79835,"date":"2026-04-30T02:18:34","date_gmt":"2026-04-30T05:18:34","guid":{"rendered":"https:\/\/www.hediyepazar.com\/?product=makyaj-masali-parmak-bebek-28x20x8-cm"},"modified":"2026-04-30T02:18:34","modified_gmt":"2026-04-30T05:18:34","slug":"makyaj-masali-parmak-bebek-28x20x8-cm","status":"publish","type":"product","link":"https:\/\/www.hediyepazar.com\/?product=makyaj-masali-parmak-bebek-28x20x8-cm","title":{"rendered":"Makyaj Masal\u0131 Parmak Bebek 28x20x8 cm"},"content":{"rendered":"<table style=\"border-collapse:collapse; width:89pt; border:none\" width=\"118\">\n<colgroup>\n<col style=\"width:89pt\" width=\"118\" \/>\n\t<\/colgroup>\n<tbody>\n<tr height=\"20\" style=\"height:15.0pt\">\n<td class=\"xl65\" height=\"20\" style=\"border:none; height:15.0pt; width:89pt; white-space:nowrap; padding-top:1px; padding-right:1px; padding-left:1px; vertical-align:bottom\" width=\"118\"><span style=\"font-size:11pt\"><span style=\"color:black\"><span style=\"font-weight:400\"><span style=\"font-style:normal\"><span style=\"text-decoration:none\"><span style=\"font-family:Calibri,sans-serif\">Makyaj Masal\u0131 Parmak Bebek 28x20x8 cm<br \/>\n\t\t\tParmak bebek serisinin devam\u0131 makyaj masal\u0131 ve mini tarakl\u0131 bebek &ccedil;ocu\u011funuzun severek oynayaca\u011f\u0131 sevimli arkada\u015f\u0131 olacak<br \/>\n\t\t\t8893330022901<\/span><\/span><\/span><\/span><\/span><\/span><\/td>\n<\/tr>\n<\/tbody>\n<\/table>\n","protected":false},"excerpt":{"rendered":"<p>Makyaj Masal\u0131 Parmak Bebek 28x20x8 cm<\/p>\n","protected":false},"featured_media":79834,"comment_status":"open","ping_status":"closed","template":"","meta":{"_kad_post_transparent":"","_kad_post_title":"","_kad_post_layout":"","_kad_post_sidebar_id":"","_kad_post_content_style":"","_kad_post_vertical_padding":"","_kad_post_feature":"","_kad_post_feature_position":"","_kad_post_header":false,"_kad_post_footer":false,"_kad_post_classname":""},"product_brand":[],"product_cat":[642,649],"product_tag":[],"class_list":{"0":"post-79835","1":"product","2":"type-product","3":"status-publish","4":"has-post-thumbnail","6":"product_cat-oyuncak","7":"product_cat-oyuncak-bebek-aksesuarlari","9":"first","10":"instock","11":"shipping-taxable","12":"purchasable","13":"product-type-simple","14":"entry","15":"content-bg","16":"loop-entry"},"_links":{"self":[{"href":"https:\/\/www.hediyepazar.com\/index.php?rest_route=\/wp\/v2\/product\/79835","targetHints":{"allow":["GET"]}}],"collection":[{"href":"https:\/\/www.hediyepazar.com\/index.php?rest_route=\/wp\/v2\/product"}],"about":[{"href":"https:\/\/www.hediyepazar.com\/index.php?rest_route=\/wp\/v2\/types\/product"}],"replies":[{"embeddable":true,"href":"https:\/\/www.hediyepazar.com\/index.php?rest_route=%2Fwp%2Fv2%2Fcomments&post=79835"}],"wp:featuredmedia":[{"embeddable":true,"href":"https:\/\/www.hediyepazar.com\/index.php?rest_route=\/wp\/v2\/media\/79834"}],"wp:attachment":[{"href":"https:\/\/www.hediyepazar.com\/index.php?rest_route=%2Fwp%2Fv2%2Fmedia&parent=79835"}],"wp:term":[{"taxonomy":"product_brand","embeddable":true,"href":"https:\/\/www.hediyepazar.com\/index.php?rest_route=%2Fwp%2Fv2%2Fproduct_brand&post=79835"},{"taxonomy":"product_cat","embeddable":true,"href":"https:\/\/www.hediyepazar.com\/index.php?rest_route=%2Fwp%2Fv2%2Fproduct_cat&post=79835"},{"taxonomy":"product_tag","embeddable":true,"href":"https:\/\/www.hediyepazar.com\/index.php?rest_route=%2Fwp%2Fv2%2Fproduct_tag&post=79835"}],"curies":[{"name":"wp","href":"https:\/\/api.w.org\/{rel}","templated":true}]}}