{"id":79839,"date":"2026-04-30T02:18:54","date_gmt":"2026-04-30T05:18:54","guid":{"rendered":"https:\/\/www.hediyepazar.com\/?product=sallanan-besikli-parmak-bebek-10x10-cm"},"modified":"2026-04-30T02:18:54","modified_gmt":"2026-04-30T05:18:54","slug":"sallanan-besikli-parmak-bebek-10x10-cm","status":"publish","type":"product","link":"https:\/\/www.hediyepazar.com\/?product=sallanan-besikli-parmak-bebek-10x10-cm","title":{"rendered":"Sallanan Be\u015fikli Parmak Bebek 10&#215;10 cm"},"content":{"rendered":"<table style=\"border-collapse:collapse; width:89pt; border:none\" width=\"118\">\n<colgroup>\n<col style=\"width:89pt\" width=\"118\" \/>\n\t<\/colgroup>\n<tbody>\n<tr height=\"20\" style=\"height:15.0pt\">\n<td class=\"xl65\" height=\"20\" style=\"border:none; height:15.0pt; width:89pt; white-space:nowrap; padding-top:1px; padding-right:1px; padding-left:1px; vertical-align:bottom\" width=\"118\"><span style=\"font-size:11pt\"><span style=\"color:black\"><span style=\"font-weight:400\"><span style=\"font-style:normal\"><span style=\"text-decoration:none\"><span style=\"font-family:Calibri,sans-serif\">Sallanan Be\u015fikli Parmak Bebek Sallanan be\u015fi\u011fi ile parmak bebek serisinin minik sevimli oyun arkada\u015f\u0131<br \/>\n\t\t\tAnlily&#39; nin Be\u015fikli Bebe\u011fi ile k\u0131zlar e\u011flenceli vakit ge&ccedil;irecek!<br \/>\n\t\t\tAnlily uzun elbisesi ve uzun sar\u0131 sa&ccedil;lar\u0131yle &ccedil;ok \u015firin g&ouml;r&uuml;n&uuml;yor.<br \/>\n\t\t\t&Uuml;stelik k\u0131zlar, Anlily bebe\u011fin uzun sar\u0131 sa&ccedil;lar\u0131n\u0131 &ouml;rmeyi ve &ccedil;e\u015fitli sa&ccedil; stillerini denemeyi &ccedil;ok isteyecek.<br \/>\n\t\t\tElleri, bacaklar\u0131 ve bebe\u011fin ba\u015f\u0131 hareketlidir, b&ouml;ylece &ccedil;e\u015fitli pozlar verebilir.<br \/>\n\t\t\t&Ccedil;ocuklar\u0131n; yarat\u0131c\u0131l\u0131klar\u0131n\u0131, rol oynama yeteneklerini, e\u011flenceli vakit ge&ccedil;irmesini ve hayal g&uuml;&ccedil;lerinin geli\u015fmesine yard\u0131mc\u0131 olmaktad\u0131r.<br \/>\n\t\t\t3 ya\u015f ve &uuml;zeri &ccedil;ocuklar i&ccedil;in uygundur.<br \/>\n\t\t\tKutu \u0130&ccedil;erisinde; 1 Anlily bebek ve 1 be\u015fik yer almaktad\u0131r.<br \/>\n\t\t\tKanserojen madde i&ccedil;ermeyen malzemelerden imal edilmi\u015f<br \/>\n\t\t\t8893330024097<\/span><\/span><\/span><\/span><\/span><\/span><\/td>\n<\/tr>\n<\/tbody>\n<\/table>\n","protected":false},"excerpt":{"rendered":"<p>Sallanan Be\u015fikli Parmak Bebek 10&#215;10 cm<\/p>\n","protected":false},"featured_media":79838,"comment_status":"open","ping_status":"closed","template":"","meta":{"_kad_post_transparent":"","_kad_post_title":"","_kad_post_layout":"","_kad_post_sidebar_id":"","_kad_post_content_style":"","_kad_post_vertical_padding":"","_kad_post_feature":"","_kad_post_feature_position":"","_kad_post_header":false,"_kad_post_footer":false,"_kad_post_classname":""},"product_brand":[],"product_cat":[642,649],"product_tag":[],"class_list":{"0":"post-79839","1":"product","2":"type-product","3":"status-publish","4":"has-post-thumbnail","6":"product_cat-oyuncak","7":"product_cat-oyuncak-bebek-aksesuarlari","9":"first","10":"instock","11":"shipping-taxable","12":"purchasable","13":"product-type-simple","14":"entry","15":"content-bg","16":"loop-entry"},"_links":{"self":[{"href":"https:\/\/www.hediyepazar.com\/index.php?rest_route=\/wp\/v2\/product\/79839","targetHints":{"allow":["GET"]}}],"collection":[{"href":"https:\/\/www.hediyepazar.com\/index.php?rest_route=\/wp\/v2\/product"}],"about":[{"href":"https:\/\/www.hediyepazar.com\/index.php?rest_route=\/wp\/v2\/types\/product"}],"replies":[{"embeddable":true,"href":"https:\/\/www.hediyepazar.com\/index.php?rest_route=%2Fwp%2Fv2%2Fcomments&post=79839"}],"wp:featuredmedia":[{"embeddable":true,"href":"https:\/\/www.hediyepazar.com\/index.php?rest_route=\/wp\/v2\/media\/79838"}],"wp:attachment":[{"href":"https:\/\/www.hediyepazar.com\/index.php?rest_route=%2Fwp%2Fv2%2Fmedia&parent=79839"}],"wp:term":[{"taxonomy":"product_brand","embeddable":true,"href":"https:\/\/www.hediyepazar.com\/index.php?rest_route=%2Fwp%2Fv2%2Fproduct_brand&post=79839"},{"taxonomy":"product_cat","embeddable":true,"href":"https:\/\/www.hediyepazar.com\/index.php?rest_route=%2Fwp%2Fv2%2Fproduct_cat&post=79839"},{"taxonomy":"product_tag","embeddable":true,"href":"https:\/\/www.hediyepazar.com\/index.php?rest_route=%2Fwp%2Fv2%2Fproduct_tag&post=79839"}],"curies":[{"name":"wp","href":"https:\/\/api.w.org\/{rel}","templated":true}]}}