{"id":79868,"date":"2026-04-30T02:21:23","date_gmt":"2026-04-30T05:21:23","guid":{"rendered":"https:\/\/www.hediyepazar.com\/?product=6-adet-ahsap-sapli-sert-plastik-yemek-pisirme-seti"},"modified":"2026-04-30T02:21:23","modified_gmt":"2026-04-30T05:21:23","slug":"6-adet-ahsap-sapli-sert-plastik-yemek-pisirme-seti","status":"publish","type":"product","link":"https:\/\/www.hediyepazar.com\/?product=6-adet-ahsap-sapli-sert-plastik-yemek-pisirme-seti","title":{"rendered":"6 Adet Ah\u015fap Sapl\u0131 Sert Plastik Yemek Pi\u015firme Seti"},"content":{"rendered":"<table style=\"border-collapse:collapse; width:149pt; border:none\" width=\"198\">\n<colgroup>\n<col style=\"width:149pt\" width=\"198\" \/>\n\t<\/colgroup>\n<tbody>\n<tr height=\"25\" style=\"height:18.75pt\">\n<td height=\"25\" style=\"border:none; height:18.75pt; width:149pt; padding-top:1px; padding-right:1px; padding-left:1px; vertical-align:bottom; white-space:nowrap\" width=\"198\"><span style=\"font-size:11pt\"><span style=\"color:black\"><span style=\"font-weight:400\"><span style=\"font-style:normal\"><span style=\"text-decoration:none\"><span style=\"font-family:Calibri,sans-serif\">6 Adet Ah\u015fap Sapl\u0131 Sert Plastik Mutfak Seti<br \/>\n\t\t\t1x Kevgir<br \/>\n\t\t\t1x Spatula<br \/>\n\t\t\t1x Ka\u015f\u0131k<br \/>\n\t\t\t1x Kep&ccedil;e<br \/>\n\t\t\t1x &Ccedil;\u0131rp\u0131c\u0131<br \/>\n\t\t\t1x Patates Ezici<\/span><\/span><\/span><\/span><\/span><\/span><\/td>\n<\/tr>\n<\/tbody>\n<\/table>\n","protected":false},"excerpt":{"rendered":"<p>6 Adet Ah\u015fap Sapl\u0131 Sert Plastik Yemek Pi\u015firme Seti<\/p>\n","protected":false},"featured_media":79867,"comment_status":"open","ping_status":"closed","template":"","meta":{"_kad_post_transparent":"","_kad_post_title":"","_kad_post_layout":"","_kad_post_sidebar_id":"","_kad_post_content_style":"","_kad_post_vertical_padding":"","_kad_post_feature":"","_kad_post_feature_position":"","_kad_post_header":false,"_kad_post_footer":false,"_kad_post_classname":""},"product_brand":[],"product_cat":[557,559,558],"product_tag":[],"class_list":{"0":"post-79868","1":"product","2":"type-product","3":"status-publish","4":"has-post-thumbnail","6":"product_cat-ev-yasam","7":"product_cat-sofra","8":"product_cat-sofra-mutfak-2","10":"first","11":"instock","12":"shipping-taxable","13":"purchasable","14":"product-type-simple","15":"entry","16":"content-bg","17":"loop-entry"},"_links":{"self":[{"href":"https:\/\/www.hediyepazar.com\/index.php?rest_route=\/wp\/v2\/product\/79868","targetHints":{"allow":["GET"]}}],"collection":[{"href":"https:\/\/www.hediyepazar.com\/index.php?rest_route=\/wp\/v2\/product"}],"about":[{"href":"https:\/\/www.hediyepazar.com\/index.php?rest_route=\/wp\/v2\/types\/product"}],"replies":[{"embeddable":true,"href":"https:\/\/www.hediyepazar.com\/index.php?rest_route=%2Fwp%2Fv2%2Fcomments&post=79868"}],"wp:featuredmedia":[{"embeddable":true,"href":"https:\/\/www.hediyepazar.com\/index.php?rest_route=\/wp\/v2\/media\/79867"}],"wp:attachment":[{"href":"https:\/\/www.hediyepazar.com\/index.php?rest_route=%2Fwp%2Fv2%2Fmedia&parent=79868"}],"wp:term":[{"taxonomy":"product_brand","embeddable":true,"href":"https:\/\/www.hediyepazar.com\/index.php?rest_route=%2Fwp%2Fv2%2Fproduct_brand&post=79868"},{"taxonomy":"product_cat","embeddable":true,"href":"https:\/\/www.hediyepazar.com\/index.php?rest_route=%2Fwp%2Fv2%2Fproduct_cat&post=79868"},{"taxonomy":"product_tag","embeddable":true,"href":"https:\/\/www.hediyepazar.com\/index.php?rest_route=%2Fwp%2Fv2%2Fproduct_tag&post=79868"}],"curies":[{"name":"wp","href":"https:\/\/api.w.org\/{rel}","templated":true}]}}