{"id":79876,"date":"2026-04-30T02:22:08","date_gmt":"2026-04-30T05:22:08","guid":{"rendered":"https:\/\/www.hediyepazar.com\/?product=kota-kadin-kislik-termal-sicak-tutan-iclik-fanila-siyah"},"modified":"2026-04-30T02:22:08","modified_gmt":"2026-04-30T05:22:08","slug":"kota-kadin-kislik-termal-sicak-tutan-iclik-fanila-siyah","status":"publish","type":"product","link":"https:\/\/www.hediyepazar.com\/?product=kota-kadin-kislik-termal-sicak-tutan-iclik-fanila-siyah","title":{"rendered":"Kota Kad\u0131n K\u0131\u015fl\u0131k Termal S\u0131cak Tutan \u0130\u00e7lik Fanila Siyah"},"content":{"rendered":"<table style=\"border-collapse:collapse; width:125pt; border:none\" width=\"167\">\n<colgroup>\n<col style=\"width:125pt\" width=\"167\" \/>\n\t<\/colgroup>\n<tbody>\n<tr height=\"20\" style=\"height:15.0pt\">\n<td class=\"xl66\" height=\"20\" style=\"border:none; height:15.0pt; width:125pt; white-space:nowrap; padding-top:1px; padding-right:1px; padding-left:1px; vertical-align:bottom\" width=\"167\"><span style=\"font-size:11pt\"><span style=\"color:black\"><span style=\"font-weight:400\"><span style=\"font-style:normal\"><span style=\"text-decoration:none\"><span style=\"font-family:Calibri,sans-serif\">Kota Kad\u0131n K\u0131\u015fl\u0131k Termal S\u0131cak Tutan \u0130&ccedil;lik Fanila<br \/>\n\t\t\tSo\u011fuk k\u0131\u015f aylar\u0131nda termal dokusu sayesinde s\u0131cac\u0131k tutar.<br \/>\n\t\t\t\u0130nce yap\u0131s\u0131 ile v&uuml;cudu rahats\u0131z etmez ve \u0131s\u0131 koruyucu &ouml;zelli\u011fi sayesinde s\u0131cac\u0131k ve tutar.<br \/>\n\t\t\tG&uuml;nl&uuml;k k\u0131yafetlerinizin alt\u0131na i&ccedil;lik olarak kullan\u0131ld\u0131\u011f\u0131 gibi ev, ofis ve \u015fehirleraras\u0131 seyahatlerde &uuml;\u015f&uuml;tmez ve v&uuml;cut \u0131s\u0131n\u0131z\u0131 dengeler.<br \/>\n\t\t\tAni s\u0131cakl\u0131k de\u011fi\u015fikliklerini bloke ederek &uuml;\u015f&uuml;me hissini &ouml;nler.<br \/>\n\t\t\tThermo cool &ouml;zelli\u011fi sayesinde mevsim ne olursa olsun &uuml;st&uuml;n konfor sunar.<\/span><\/span><\/span><\/span><\/span><\/span><\/td>\n<\/tr>\n<\/tbody>\n<\/table>\n","protected":false},"excerpt":{"rendered":"<p>Kota Kad\u0131n K\u0131\u015fl\u0131k Termal S\u0131cak Tutan \u0130\u00e7lik Fanila Siyah<\/p>\n","protected":false},"featured_media":79875,"comment_status":"open","ping_status":"closed","template":"","meta":{"_kad_post_transparent":"","_kad_post_title":"","_kad_post_layout":"","_kad_post_sidebar_id":"","_kad_post_content_style":"","_kad_post_vertical_padding":"","_kad_post_feature":"","_kad_post_feature_position":"","_kad_post_header":false,"_kad_post_footer":false,"_kad_post_classname":""},"product_brand":[],"product_cat":[457,537,567],"product_tag":[],"class_list":{"0":"post-79876","1":"product","2":"type-product","3":"status-publish","4":"has-post-thumbnail","6":"product_cat-giyim","7":"product_cat-kadin","8":"product_cat-termal-giyim","10":"first","11":"instock","12":"shipping-taxable","13":"purchasable","14":"product-type-simple","15":"entry","16":"content-bg","17":"loop-entry"},"_links":{"self":[{"href":"https:\/\/www.hediyepazar.com\/index.php?rest_route=\/wp\/v2\/product\/79876","targetHints":{"allow":["GET"]}}],"collection":[{"href":"https:\/\/www.hediyepazar.com\/index.php?rest_route=\/wp\/v2\/product"}],"about":[{"href":"https:\/\/www.hediyepazar.com\/index.php?rest_route=\/wp\/v2\/types\/product"}],"replies":[{"embeddable":true,"href":"https:\/\/www.hediyepazar.com\/index.php?rest_route=%2Fwp%2Fv2%2Fcomments&post=79876"}],"wp:featuredmedia":[{"embeddable":true,"href":"https:\/\/www.hediyepazar.com\/index.php?rest_route=\/wp\/v2\/media\/79875"}],"wp:attachment":[{"href":"https:\/\/www.hediyepazar.com\/index.php?rest_route=%2Fwp%2Fv2%2Fmedia&parent=79876"}],"wp:term":[{"taxonomy":"product_brand","embeddable":true,"href":"https:\/\/www.hediyepazar.com\/index.php?rest_route=%2Fwp%2Fv2%2Fproduct_brand&post=79876"},{"taxonomy":"product_cat","embeddable":true,"href":"https:\/\/www.hediyepazar.com\/index.php?rest_route=%2Fwp%2Fv2%2Fproduct_cat&post=79876"},{"taxonomy":"product_tag","embeddable":true,"href":"https:\/\/www.hediyepazar.com\/index.php?rest_route=%2Fwp%2Fv2%2Fproduct_tag&post=79876"}],"curies":[{"name":"wp","href":"https:\/\/api.w.org\/{rel}","templated":true}]}}