{"id":79904,"date":"2026-04-30T02:24:42","date_gmt":"2026-04-30T05:24:42","guid":{"rendered":"https:\/\/www.hediyepazar.com\/?product=agda-bezi-10-metre"},"modified":"2026-04-30T02:24:42","modified_gmt":"2026-04-30T05:24:42","slug":"agda-bezi-10-metre","status":"publish","type":"product","link":"https:\/\/www.hediyepazar.com\/?product=agda-bezi-10-metre","title":{"rendered":"A\u011fda Bezi 10 Metre"},"content":{"rendered":"<table style=\"border-collapse:collapse; width:65pt; border:none\" width=\"86\">\n<colgroup>\n<col style=\"width:65pt\" width=\"86\" \/>\n\t<\/colgroup>\n<tbody>\n<tr height=\"20\" style=\"height:15.0pt\">\n<td height=\"20\" style=\"border:none; height:15.0pt; width:65pt; padding-top:1px; padding-right:1px; padding-left:1px; vertical-align:bottom; white-space:nowrap\" width=\"86\"><span style=\"font-size:11pt\"><span style=\"color:black\"><span style=\"font-weight:400\"><span style=\"font-style:normal\"><span style=\"text-decoration:none\"><span style=\"font-family:Calibri,sans-serif\">A\u011fda Bezi 10 Metre<br \/>\n\t\t\tKullan\u0131ma Haz\u0131r A\u011fda Bezi<br \/>\n\t\t\tPratik Kullan\u0131m<br \/>\n\t\t\tY\u0131rt\u0131lmaz ve Kopmaz<br \/>\n\t\t\t&Ccedil;ift Y&ouml;nl&uuml; Kullan\u0131labilir<br \/>\n\t\t\tT&uuml;ylenme Yapma<br \/>\n\t\t\tPaket i&ccedil;eri\u011fi;<br \/>\n\t\t\t1 Adet 10 Metre Biowet a\u011fda bezi<\/span><\/span><\/span><\/span><\/span><\/span><\/td>\n<\/tr>\n<\/tbody>\n<\/table>\n","protected":false},"excerpt":{"rendered":"<p>A\u011fda Bezi 10 Metre<\/p>\n","protected":false},"featured_media":79903,"comment_status":"open","ping_status":"closed","template":"","meta":{"_kad_post_transparent":"","_kad_post_title":"","_kad_post_layout":"","_kad_post_sidebar_id":"","_kad_post_content_style":"","_kad_post_vertical_padding":"","_kad_post_feature":"","_kad_post_feature_position":"","_kad_post_header":false,"_kad_post_footer":false,"_kad_post_classname":""},"product_brand":[],"product_cat":[650,578,452],"product_tag":[],"class_list":{"0":"post-79904","1":"product","2":"type-product","3":"status-publish","4":"has-post-thumbnail","6":"product_cat-agda-ve-tuy-dokucu","7":"product_cat-epilasyon-tiras","8":"product_cat-kozmetik","10":"first","11":"instock","12":"shipping-taxable","13":"purchasable","14":"product-type-simple","15":"entry","16":"content-bg","17":"loop-entry"},"_links":{"self":[{"href":"https:\/\/www.hediyepazar.com\/index.php?rest_route=\/wp\/v2\/product\/79904","targetHints":{"allow":["GET"]}}],"collection":[{"href":"https:\/\/www.hediyepazar.com\/index.php?rest_route=\/wp\/v2\/product"}],"about":[{"href":"https:\/\/www.hediyepazar.com\/index.php?rest_route=\/wp\/v2\/types\/product"}],"replies":[{"embeddable":true,"href":"https:\/\/www.hediyepazar.com\/index.php?rest_route=%2Fwp%2Fv2%2Fcomments&post=79904"}],"wp:featuredmedia":[{"embeddable":true,"href":"https:\/\/www.hediyepazar.com\/index.php?rest_route=\/wp\/v2\/media\/79903"}],"wp:attachment":[{"href":"https:\/\/www.hediyepazar.com\/index.php?rest_route=%2Fwp%2Fv2%2Fmedia&parent=79904"}],"wp:term":[{"taxonomy":"product_brand","embeddable":true,"href":"https:\/\/www.hediyepazar.com\/index.php?rest_route=%2Fwp%2Fv2%2Fproduct_brand&post=79904"},{"taxonomy":"product_cat","embeddable":true,"href":"https:\/\/www.hediyepazar.com\/index.php?rest_route=%2Fwp%2Fv2%2Fproduct_cat&post=79904"},{"taxonomy":"product_tag","embeddable":true,"href":"https:\/\/www.hediyepazar.com\/index.php?rest_route=%2Fwp%2Fv2%2Fproduct_tag&post=79904"}],"curies":[{"name":"wp","href":"https:\/\/api.w.org\/{rel}","templated":true}]}}