{"id":79910,"date":"2026-04-30T02:25:10","date_gmt":"2026-04-30T05:25:10","guid":{"rendered":"https:\/\/www.hediyepazar.com\/?product=rofle-seti-boneli-hazir-set-rofle"},"modified":"2026-04-30T02:25:10","modified_gmt":"2026-04-30T05:25:10","slug":"rofle-seti-boneli-hazir-set-rofle","status":"publish","type":"product","link":"https:\/\/www.hediyepazar.com\/?product=rofle-seti-boneli-hazir-set-rofle","title":{"rendered":"R\u00f6fle Seti Boneli Haz\u0131r Set R\u00f6fle"},"content":{"rendered":"<p>Sa&ccedil;larda 4-6 tona kadar kolay a&ccedil;ma<br \/>\nZeytinya\u011f\u0131 ile g&uuml;&ccedil;l&uuml; ve parlak bak\u0131m<br \/>\nHaz\u0131r R&ouml;fle a&ccedil;\u0131c\u0131 seti kutu i&ccedil;eri\u011fi :<br \/>\n1 adet a&ccedil;\u0131c\u0131 pudra 30g<br \/>\n1 adet oksidasyon krem 50 ml<br \/>\n1 adet sa&ccedil; bak\u0131m kremi 10ml<br \/>\n1 adet uygulama bonesi<br \/>\n1 adet kar\u0131\u015ft\u0131rma kab\u0131<br \/>\n1 adet uygulama f\u0131r&ccedil;as\u0131<br \/>\n1 adet eldiven<\/p>\n","protected":false},"excerpt":{"rendered":"<p>R\u00f6fle Seti Boneli Haz\u0131r Set R\u00f6fle<\/p>\n","protected":false},"featured_media":79909,"comment_status":"open","ping_status":"closed","template":"","meta":{"_kad_post_transparent":"","_kad_post_title":"","_kad_post_layout":"","_kad_post_sidebar_id":"","_kad_post_content_style":"","_kad_post_vertical_padding":"","_kad_post_feature":"","_kad_post_feature_position":"","_kad_post_header":false,"_kad_post_footer":false,"_kad_post_classname":""},"product_brand":[],"product_cat":[452,586,593],"product_tag":[],"class_list":{"0":"post-79910","1":"product","2":"type-product","3":"status-publish","4":"has-post-thumbnail","6":"product_cat-kozmetik","7":"product_cat-sac-bakimi","8":"product_cat-sac-boyasi","10":"first","11":"instock","12":"shipping-taxable","13":"purchasable","14":"product-type-simple","15":"entry","16":"content-bg","17":"loop-entry"},"_links":{"self":[{"href":"https:\/\/www.hediyepazar.com\/index.php?rest_route=\/wp\/v2\/product\/79910","targetHints":{"allow":["GET"]}}],"collection":[{"href":"https:\/\/www.hediyepazar.com\/index.php?rest_route=\/wp\/v2\/product"}],"about":[{"href":"https:\/\/www.hediyepazar.com\/index.php?rest_route=\/wp\/v2\/types\/product"}],"replies":[{"embeddable":true,"href":"https:\/\/www.hediyepazar.com\/index.php?rest_route=%2Fwp%2Fv2%2Fcomments&post=79910"}],"wp:featuredmedia":[{"embeddable":true,"href":"https:\/\/www.hediyepazar.com\/index.php?rest_route=\/wp\/v2\/media\/79909"}],"wp:attachment":[{"href":"https:\/\/www.hediyepazar.com\/index.php?rest_route=%2Fwp%2Fv2%2Fmedia&parent=79910"}],"wp:term":[{"taxonomy":"product_brand","embeddable":true,"href":"https:\/\/www.hediyepazar.com\/index.php?rest_route=%2Fwp%2Fv2%2Fproduct_brand&post=79910"},{"taxonomy":"product_cat","embeddable":true,"href":"https:\/\/www.hediyepazar.com\/index.php?rest_route=%2Fwp%2Fv2%2Fproduct_cat&post=79910"},{"taxonomy":"product_tag","embeddable":true,"href":"https:\/\/www.hediyepazar.com\/index.php?rest_route=%2Fwp%2Fv2%2Fproduct_tag&post=79910"}],"curies":[{"name":"wp","href":"https:\/\/api.w.org\/{rel}","templated":true}]}}