{"id":79916,"date":"2026-04-30T02:25:38","date_gmt":"2026-04-30T05:25:38","guid":{"rendered":"https:\/\/www.hediyepazar.com\/?product=dogal-cam-sakizi-super-agda-240-gr-x-4-adet"},"modified":"2026-04-30T02:25:38","modified_gmt":"2026-04-30T05:25:38","slug":"dogal-cam-sakizi-super-agda-240-gr-x-4-adet","status":"publish","type":"product","link":"https:\/\/www.hediyepazar.com\/?product=dogal-cam-sakizi-super-agda-240-gr-x-4-adet","title":{"rendered":"Do\u011fal \u00c7am Sak\u0131z\u0131 S\u00fcper A\u011fda 240 gr x 4 adet"},"content":{"rendered":"<p>&Ccedil;amsak\u0131z\u0131 S&uuml;per A\u011fda tamamen do\u011fal &uuml;r&uuml;nd&uuml;r<br \/>\n240 gr x 4 adet<br \/>\nKullanmadan &ouml;nce 10 dakika s\u0131cak suyun i&ccedil;erisinde b\u0131rakt\u0131\u011f\u0131n\u0131zda kullan\u0131ma haz\u0131r. A\u011fda bantlar\u0131 ile&nbsp; veya a\u011fda band\u0131 olmadan kolayl\u0131kla uygulanabilir.<br \/>\nGe&ccedil;m\u015fiten g&uuml;n&uuml;m&uuml;ze uzun y\u0131llar kullan\u0131lan &ccedil;amsak\u0131z\u0131 a\u011fda orjinal &uuml;r&uuml;n&uuml;d&uuml;r.<br \/>\n4 adet 240 gr kutu olarak g&ouml;nderilir<\/p>\n","protected":false},"excerpt":{"rendered":"<p>Do\u011fal \u00c7am Sak\u0131z\u0131 S\u00fcper A\u011fda 240 gr x 4 adet<\/p>\n","protected":false},"featured_media":79915,"comment_status":"open","ping_status":"closed","template":"","meta":{"_kad_post_transparent":"","_kad_post_title":"","_kad_post_layout":"","_kad_post_sidebar_id":"","_kad_post_content_style":"","_kad_post_vertical_padding":"","_kad_post_feature":"","_kad_post_feature_position":"","_kad_post_header":false,"_kad_post_footer":false,"_kad_post_classname":""},"product_brand":[],"product_cat":[650,578,452],"product_tag":[],"class_list":{"0":"post-79916","1":"product","2":"type-product","3":"status-publish","4":"has-post-thumbnail","6":"product_cat-agda-ve-tuy-dokucu","7":"product_cat-epilasyon-tiras","8":"product_cat-kozmetik","10":"first","11":"instock","12":"shipping-taxable","13":"purchasable","14":"product-type-simple","15":"entry","16":"content-bg","17":"loop-entry"},"_links":{"self":[{"href":"https:\/\/www.hediyepazar.com\/index.php?rest_route=\/wp\/v2\/product\/79916","targetHints":{"allow":["GET"]}}],"collection":[{"href":"https:\/\/www.hediyepazar.com\/index.php?rest_route=\/wp\/v2\/product"}],"about":[{"href":"https:\/\/www.hediyepazar.com\/index.php?rest_route=\/wp\/v2\/types\/product"}],"replies":[{"embeddable":true,"href":"https:\/\/www.hediyepazar.com\/index.php?rest_route=%2Fwp%2Fv2%2Fcomments&post=79916"}],"wp:featuredmedia":[{"embeddable":true,"href":"https:\/\/www.hediyepazar.com\/index.php?rest_route=\/wp\/v2\/media\/79915"}],"wp:attachment":[{"href":"https:\/\/www.hediyepazar.com\/index.php?rest_route=%2Fwp%2Fv2%2Fmedia&parent=79916"}],"wp:term":[{"taxonomy":"product_brand","embeddable":true,"href":"https:\/\/www.hediyepazar.com\/index.php?rest_route=%2Fwp%2Fv2%2Fproduct_brand&post=79916"},{"taxonomy":"product_cat","embeddable":true,"href":"https:\/\/www.hediyepazar.com\/index.php?rest_route=%2Fwp%2Fv2%2Fproduct_cat&post=79916"},{"taxonomy":"product_tag","embeddable":true,"href":"https:\/\/www.hediyepazar.com\/index.php?rest_route=%2Fwp%2Fv2%2Fproduct_tag&post=79916"}],"curies":[{"name":"wp","href":"https:\/\/api.w.org\/{rel}","templated":true}]}}