{"id":79918,"date":"2026-04-30T02:25:44","date_gmt":"2026-04-30T05:25:44","guid":{"rendered":"https:\/\/www.hediyepazar.com\/?product=orgu-aksesuarlari-seti-6-farkli-urun-tek-set"},"modified":"2026-04-30T02:25:44","modified_gmt":"2026-04-30T05:25:44","slug":"orgu-aksesuarlari-seti-6-farkli-urun-tek-set","status":"publish","type":"product","link":"https:\/\/www.hediyepazar.com\/?product=orgu-aksesuarlari-seti-6-farkli-urun-tek-set","title":{"rendered":"\u00d6rg\u00fc Aksesuarlar\u0131 Seti 6 Farkl\u0131 \u00dcr\u00fcn Tek Set"},"content":{"rendered":"<table style=\"border-collapse:collapse; width:274pt; border:none\" width=\"365\">\n<colgroup>\n<col style=\"width:274pt\" width=\"365\" \/>\n\t<\/colgroup>\n<tbody>\n<tr height=\"20\" style=\"height:15.0pt\">\n<td height=\"20\" style=\"border:none; height:15.0pt; width:274pt; padding-top:1px; padding-right:1px; padding-left:1px; vertical-align:bottom; white-space:nowrap\" width=\"365\"><span style=\"font-size:11pt\"><span style=\"color:black\"><span style=\"font-weight:400\"><span style=\"font-style:normal\"><span style=\"text-decoration:none\"><span style=\"font-family:Calibri,sans-serif\">&Ouml;rg&uuml; Aksesuarlar\u0131 Seti 6 Farkl\u0131 &Uuml;r&uuml;n Tek Set<\/p>\n<p>\t\t\tKit \u0130&ccedil;eri\u011fi<br \/>\n\t\t\t-Sa&ccedil; &ouml;rg&uuml; \u015fi\u015fi<br \/>\n\t\t\t-Y&uuml;n i\u011fnesi<br \/>\n\t\t\t-\u0130lmek i\u015faretleyici<br \/>\n\t\t\t-\u015ei\u015f ucu koruyucu<br \/>\n\t\t\t-Ponpon aleti<br \/>\n\t\t\tEl &ouml;rg&uuml;s&uuml;nde &ouml;rmeyi kolayla\u015ft\u0131ran aparatlardan olu\u015fan ideal bir settir.<br \/>\n\t\t\t&Ouml;rg&uuml; Aksesuar Seti<br \/>\n\t\t\tToplam 6 Farkl\u0131 &Uuml;r&uuml;n<br \/>\n\t\t\t3 Adet Sa&ccedil; &Ouml;rg&uuml; \u015ei\u015fi<br \/>\n\t\t\t2 Adet Y&uuml;n \u0130\u011fnesi<br \/>\n\t\t\t10 Adet \u0130lmek \u0130\u015faretleyici<br \/>\n\t\t\t2 Adet \u015ei\u015f Ucu Koruyucu<br \/>\n\t\t\t1 Adet Ponpon Halkas\u0131<br \/>\n\t\t\tOlmak &Uuml;zere 18 par&ccedil;adan olu\u015fmaktad\u0131r.<\/span><\/span><\/span><\/span><\/span><\/span><\/td>\n<\/tr>\n<\/tbody>\n<\/table>\n","protected":false},"excerpt":{"rendered":"<p>\u00d6rg\u00fc Aksesuarlar\u0131 Seti 6 Farkl\u0131 \u00dcr\u00fcn Tek Set<\/p>\n","protected":false},"featured_media":79917,"comment_status":"open","ping_status":"closed","template":"","meta":{"_kad_post_transparent":"","_kad_post_title":"","_kad_post_layout":"","_kad_post_sidebar_id":"","_kad_post_content_style":"","_kad_post_vertical_padding":"","_kad_post_feature":"","_kad_post_feature_position":"","_kad_post_header":false,"_kad_post_footer":false,"_kad_post_classname":""},"product_brand":[],"product_cat":[557,568,569],"product_tag":[],"class_list":{"0":"post-79918","1":"product","2":"type-product","3":"status-publish","4":"has-post-thumbnail","6":"product_cat-ev-yasam","7":"product_cat-hobi","8":"product_cat-hobi-malzemeleri","10":"first","11":"instock","12":"shipping-taxable","13":"purchasable","14":"product-type-simple","15":"entry","16":"content-bg","17":"loop-entry"},"_links":{"self":[{"href":"https:\/\/www.hediyepazar.com\/index.php?rest_route=\/wp\/v2\/product\/79918","targetHints":{"allow":["GET"]}}],"collection":[{"href":"https:\/\/www.hediyepazar.com\/index.php?rest_route=\/wp\/v2\/product"}],"about":[{"href":"https:\/\/www.hediyepazar.com\/index.php?rest_route=\/wp\/v2\/types\/product"}],"replies":[{"embeddable":true,"href":"https:\/\/www.hediyepazar.com\/index.php?rest_route=%2Fwp%2Fv2%2Fcomments&post=79918"}],"wp:featuredmedia":[{"embeddable":true,"href":"https:\/\/www.hediyepazar.com\/index.php?rest_route=\/wp\/v2\/media\/79917"}],"wp:attachment":[{"href":"https:\/\/www.hediyepazar.com\/index.php?rest_route=%2Fwp%2Fv2%2Fmedia&parent=79918"}],"wp:term":[{"taxonomy":"product_brand","embeddable":true,"href":"https:\/\/www.hediyepazar.com\/index.php?rest_route=%2Fwp%2Fv2%2Fproduct_brand&post=79918"},{"taxonomy":"product_cat","embeddable":true,"href":"https:\/\/www.hediyepazar.com\/index.php?rest_route=%2Fwp%2Fv2%2Fproduct_cat&post=79918"},{"taxonomy":"product_tag","embeddable":true,"href":"https:\/\/www.hediyepazar.com\/index.php?rest_route=%2Fwp%2Fv2%2Fproduct_tag&post=79918"}],"curies":[{"name":"wp","href":"https:\/\/api.w.org\/{rel}","templated":true}]}}