{"id":79926,"date":"2026-04-30T02:26:28","date_gmt":"2026-04-30T05:26:28","guid":{"rendered":"https:\/\/www.hediyepazar.com\/?product=polar-ic-yuzeyli-sicak-tutan-siyah-kadin-penti-iclik-tayt"},"modified":"2026-04-30T02:26:28","modified_gmt":"2026-04-30T05:26:28","slug":"polar-ic-yuzeyli-sicak-tutan-siyah-kadin-penti-iclik-tayt","status":"publish","type":"product","link":"https:\/\/www.hediyepazar.com\/?product=polar-ic-yuzeyli-sicak-tutan-siyah-kadin-penti-iclik-tayt","title":{"rendered":"Polar \u0130\u00e7 Y\u00fczeyli S\u0131cak Tutan Siyah Kad\u0131n Penti \u0130\u00e7lik Tayt"},"content":{"rendered":"<p>Penti Kad\u0131n Termal Siyah Tayt polar i&ccedil; y&uuml;zeyi ile so\u011fuk havalarda&nbsp; v&uuml;cut \u0131s\u0131n\u0131z\u0131 dengeler.<br \/>\n%95 polyester %5 Elastan yap\u0131s\u0131 ile s&uuml;rekli s\u0131cak tutar.<br \/>\nPenti \u0130&ccedil;lik olarak kullan\u0131labilindi\u011fi gibi g&uuml;nl&uuml;k hayatta tayt olarakta kullnabailirsiniz.<\/p>\n<p>Beden Tablosu :<br \/>\nM beden 45-70 kg aras\u0131 i&ccedil;in ve 155 -170 cm boy i&ccedil;in idealdir (38-40 beden )<br \/>\nL beden 50-80 kg aras\u0131 i&ccedil;in ve 155-185 cm boy i&ccedil;in idealdir ( 42-44 beden )&nbsp;<br \/>\nXL beden 70-90 kg aras\u0131 i&ccedil;in ve 160-185 cm boy i&ccedil;in idealdir (46-48 beden )<\/p>\n<p>K\u0131\u015f g&uuml;nlerinde s\u0131cac\u0131k tutacak polar i&ccedil; y&uuml;zeyi sayesinde &uuml;\u015f&uuml;tmez. Penti kalitesini Sa\u011f\u0131kl\u0131 g&uuml;nlerde kullan\u0131n.<\/p>\n","protected":false},"excerpt":{"rendered":"<p>Polar \u0130\u00e7 Y\u00fczeyli S\u0131cak Tutan Siyah Kad\u0131n Penti \u0130\u00e7lik Tayt<\/p>\n","protected":false},"featured_media":79925,"comment_status":"open","ping_status":"closed","template":"","meta":{"_kad_post_transparent":"","_kad_post_title":"","_kad_post_layout":"","_kad_post_sidebar_id":"","_kad_post_content_style":"","_kad_post_vertical_padding":"","_kad_post_feature":"","_kad_post_feature_position":"","_kad_post_header":false,"_kad_post_footer":false,"_kad_post_classname":""},"product_brand":[],"product_cat":[457,537,567],"product_tag":[],"class_list":{"0":"post-79926","1":"product","2":"type-product","3":"status-publish","4":"has-post-thumbnail","6":"product_cat-giyim","7":"product_cat-kadin","8":"product_cat-termal-giyim","10":"first","11":"instock","12":"shipping-taxable","13":"purchasable","14":"product-type-simple","15":"entry","16":"content-bg","17":"loop-entry"},"_links":{"self":[{"href":"https:\/\/www.hediyepazar.com\/index.php?rest_route=\/wp\/v2\/product\/79926","targetHints":{"allow":["GET"]}}],"collection":[{"href":"https:\/\/www.hediyepazar.com\/index.php?rest_route=\/wp\/v2\/product"}],"about":[{"href":"https:\/\/www.hediyepazar.com\/index.php?rest_route=\/wp\/v2\/types\/product"}],"replies":[{"embeddable":true,"href":"https:\/\/www.hediyepazar.com\/index.php?rest_route=%2Fwp%2Fv2%2Fcomments&post=79926"}],"wp:featuredmedia":[{"embeddable":true,"href":"https:\/\/www.hediyepazar.com\/index.php?rest_route=\/wp\/v2\/media\/79925"}],"wp:attachment":[{"href":"https:\/\/www.hediyepazar.com\/index.php?rest_route=%2Fwp%2Fv2%2Fmedia&parent=79926"}],"wp:term":[{"taxonomy":"product_brand","embeddable":true,"href":"https:\/\/www.hediyepazar.com\/index.php?rest_route=%2Fwp%2Fv2%2Fproduct_brand&post=79926"},{"taxonomy":"product_cat","embeddable":true,"href":"https:\/\/www.hediyepazar.com\/index.php?rest_route=%2Fwp%2Fv2%2Fproduct_cat&post=79926"},{"taxonomy":"product_tag","embeddable":true,"href":"https:\/\/www.hediyepazar.com\/index.php?rest_route=%2Fwp%2Fv2%2Fproduct_tag&post=79926"}],"curies":[{"name":"wp","href":"https:\/\/api.w.org\/{rel}","templated":true}]}}