{"id":79980,"date":"2026-04-30T02:31:11","date_gmt":"2026-04-30T05:31:11","guid":{"rendered":"https:\/\/www.hediyepazar.com\/?product=jumbo-ithal-igne-seti-55-li-set"},"modified":"2026-04-30T02:31:11","modified_gmt":"2026-04-30T05:31:11","slug":"jumbo-ithal-igne-seti-55-li-set","status":"publish","type":"product","link":"https:\/\/www.hediyepazar.com\/?product=jumbo-ithal-igne-seti-55-li-set","title":{"rendered":"Jumbo \u0130thal \u0130\u011fne Seti 55 li Set"},"content":{"rendered":"<table style=\"border-collapse:collapse; width:225pt; border:none\" width=\"300\">\n<colgroup>\n<col style=\"width:225pt\" width=\"300\" \/>\n\t<\/colgroup>\n<tbody>\n<tr height=\"20\" style=\"height:15.0pt\">\n<td height=\"20\" style=\"border:none; height:15.0pt; width:225pt; padding-top:1px; padding-right:1px; padding-left:1px; vertical-align:bottom; white-space:nowrap\" width=\"300\"><span style=\"font-size:11pt\"><span style=\"color:black\"><span style=\"font-weight:400\"><span style=\"font-style:normal\"><span style=\"text-decoration:none\"><span style=\"font-family:Calibri,sans-serif\">Jumbo \u0130thal \u0130\u011fne Seti 55 li Set<\/span><\/span><\/span><\/span><\/span><\/span><\/td>\n<\/tr>\n<tr>\n<td height=\"20\" style=\"border:none; height:15.0pt; width:89pt; padding-top:1px; padding-right:1px; padding-left:1px; vertical-align:bottom; white-space:nowrap\" width=\"118\"><span style=\"font-size:11pt\"><span style=\"color:black\"><span style=\"font-weight:400\"><span style=\"font-style:normal\"><span style=\"text-decoration:none\"><span style=\"font-family:Calibri,sans-serif\">I\u011fne setimizin i&ccedil;erisinde boyboy 55 adet i\u011fne bulunmaktad\u0131r<br \/>\n\t\t\tSeyahatlerde &ccedil;ok i\u015finize yarayacak<br \/>\n\t\t\tEtamin-Diki\u015f-Yorgan-Cuvald\u0131z her &ccedil;e\u015fit i\u011fne mevcuttur.<\/span><\/span><\/span><\/span><\/span><\/span><\/td>\n<\/tr>\n<\/tbody>\n<\/table>\n","protected":false},"excerpt":{"rendered":"<p>Jumbo \u0130thal \u0130\u011fne Seti 55 li Set<\/p>\n","protected":false},"featured_media":79979,"comment_status":"open","ping_status":"closed","template":"","meta":{"_kad_post_transparent":"","_kad_post_title":"","_kad_post_layout":"","_kad_post_sidebar_id":"","_kad_post_content_style":"","_kad_post_vertical_padding":"","_kad_post_feature":"","_kad_post_feature_position":"","_kad_post_header":false,"_kad_post_footer":false,"_kad_post_classname":""},"product_brand":[],"product_cat":[557,568,569],"product_tag":[],"class_list":{"0":"post-79980","1":"product","2":"type-product","3":"status-publish","4":"has-post-thumbnail","6":"product_cat-ev-yasam","7":"product_cat-hobi","8":"product_cat-hobi-malzemeleri","10":"first","11":"instock","12":"shipping-taxable","13":"purchasable","14":"product-type-simple","15":"entry","16":"content-bg","17":"loop-entry"},"_links":{"self":[{"href":"https:\/\/www.hediyepazar.com\/index.php?rest_route=\/wp\/v2\/product\/79980","targetHints":{"allow":["GET"]}}],"collection":[{"href":"https:\/\/www.hediyepazar.com\/index.php?rest_route=\/wp\/v2\/product"}],"about":[{"href":"https:\/\/www.hediyepazar.com\/index.php?rest_route=\/wp\/v2\/types\/product"}],"replies":[{"embeddable":true,"href":"https:\/\/www.hediyepazar.com\/index.php?rest_route=%2Fwp%2Fv2%2Fcomments&post=79980"}],"wp:featuredmedia":[{"embeddable":true,"href":"https:\/\/www.hediyepazar.com\/index.php?rest_route=\/wp\/v2\/media\/79979"}],"wp:attachment":[{"href":"https:\/\/www.hediyepazar.com\/index.php?rest_route=%2Fwp%2Fv2%2Fmedia&parent=79980"}],"wp:term":[{"taxonomy":"product_brand","embeddable":true,"href":"https:\/\/www.hediyepazar.com\/index.php?rest_route=%2Fwp%2Fv2%2Fproduct_brand&post=79980"},{"taxonomy":"product_cat","embeddable":true,"href":"https:\/\/www.hediyepazar.com\/index.php?rest_route=%2Fwp%2Fv2%2Fproduct_cat&post=79980"},{"taxonomy":"product_tag","embeddable":true,"href":"https:\/\/www.hediyepazar.com\/index.php?rest_route=%2Fwp%2Fv2%2Fproduct_tag&post=79980"}],"curies":[{"name":"wp","href":"https:\/\/api.w.org\/{rel}","templated":true}]}}