{"id":79990,"date":"2026-04-30T02:31:40","date_gmt":"2026-04-30T05:31:40","guid":{"rendered":"https:\/\/www.hediyepazar.com\/?product=4-adet-funny-cocuk-elbise-askisi"},"modified":"2026-04-30T02:31:40","modified_gmt":"2026-04-30T05:31:40","slug":"4-adet-funny-cocuk-elbise-askisi","status":"publish","type":"product","link":"https:\/\/www.hediyepazar.com\/?product=4-adet-funny-cocuk-elbise-askisi","title":{"rendered":"4 Adet Funny \u00c7ocuk Elbise Ask\u0131s\u0131"},"content":{"rendered":"<table style=\"border-collapse:collapse; width:178pt; border:none\" width=\"237\">\n<colgroup>\n<col style=\"width:178pt\" width=\"237\" \/>\n\t<\/colgroup>\n<tbody>\n<tr height=\"25\" style=\"height:18.75pt\">\n<td height=\"25\" style=\"border:none; height:18.75pt; width:178pt; padding-top:1px; padding-right:1px; padding-left:1px; vertical-align:bottom; white-space:nowrap\" width=\"237\"><span style=\"font-size:11pt\"><span style=\"color:black\"><span style=\"font-weight:400\"><span style=\"font-style:normal\"><span style=\"text-decoration:none\"><span style=\"font-family:Calibri,sans-serif\">4 Adet Funny &Ccedil;ocuk Elbise Ask\u0131s\u0131<\/span><\/span><\/span><\/span><\/span><\/span><br \/>\n\t\t\t&nbsp;<\/td>\n<\/tr>\n<tr>\n<td height=\"25\" style=\"border:none; height:18.75pt; width:65pt; padding-top:1px; padding-right:1px; padding-left:1px; vertical-align:bottom; white-space:nowrap\" width=\"86\"><span style=\"font-size:11pt\"><span style=\"color:black\"><span style=\"font-weight:400\"><span style=\"font-style:normal\"><span style=\"text-decoration:none\"><span style=\"font-family:Calibri,sans-serif\">&Uuml;r&uuml;n &Ouml;zellikleri<br \/>\n\t\t\tMalzeme\/Materyal: Plastik<br \/>\n\t\t\t&Ouml;l&ccedil;&uuml;: 31 cm<br \/>\n\t\t\tPar&ccedil;a Say\u0131s\u0131: 4 Par&ccedil;a<br \/>\n\t\t\tGondol Funny Koala Model &Ccedil;ocuk Elbise Ask\u0131s\u0131, &ccedil;ocuklar\u0131n\u0131z\u0131n elbiselerini daha derli ve<br \/>\n\t\t\ttoplu g&ouml;stermenize yard\u0131mc\u0131 olmakla beraber daha \u015f\u0131k bir g&ouml;r&uuml;nt&uuml; sa\u011flar.<br \/>\n\t\t\tDayan\u0131kl\u0131, hafif ve pratik. Sa\u011flam ve g&uuml;venilir. &Ccedil;o\u011fu k\u0131yafet t&uuml;r&uuml; i&ccedil;in kullan\u0131labilir.<br \/>\n\t\t\t\u0130nce tasar\u0131ma sahip klasik yap\u0131s\u0131yla dolab\u0131n\u0131z\u0131 d&uuml;zenli hale getirir ve yerden tasarruf sa\u011flar.<\/span><\/span><\/span><\/span><\/span><\/span><\/td>\n<\/tr>\n<\/tbody>\n<\/table>\n","protected":false},"excerpt":{"rendered":"<p>4 Adet Funny \u00c7ocuk Elbise Ask\u0131s\u0131<\/p>\n","protected":false},"featured_media":79989,"comment_status":"open","ping_status":"closed","template":"","meta":{"_kad_post_transparent":"","_kad_post_title":"","_kad_post_layout":"","_kad_post_sidebar_id":"","_kad_post_content_style":"","_kad_post_vertical_padding":"","_kad_post_feature":"","_kad_post_feature_position":"","_kad_post_header":false,"_kad_post_footer":false,"_kad_post_classname":""},"product_brand":[],"product_cat":[655,557,603],"product_tag":[],"class_list":{"0":"post-79990","1":"product","2":"type-product","3":"status-publish","4":"has-post-thumbnail","6":"product_cat-depolama-duzenleme-urunleri","7":"product_cat-ev-yasam","8":"product_cat-ev-gerecleri","10":"first","11":"instock","12":"shipping-taxable","13":"purchasable","14":"product-type-simple","15":"entry","16":"content-bg","17":"loop-entry"},"_links":{"self":[{"href":"https:\/\/www.hediyepazar.com\/index.php?rest_route=\/wp\/v2\/product\/79990","targetHints":{"allow":["GET"]}}],"collection":[{"href":"https:\/\/www.hediyepazar.com\/index.php?rest_route=\/wp\/v2\/product"}],"about":[{"href":"https:\/\/www.hediyepazar.com\/index.php?rest_route=\/wp\/v2\/types\/product"}],"replies":[{"embeddable":true,"href":"https:\/\/www.hediyepazar.com\/index.php?rest_route=%2Fwp%2Fv2%2Fcomments&post=79990"}],"wp:featuredmedia":[{"embeddable":true,"href":"https:\/\/www.hediyepazar.com\/index.php?rest_route=\/wp\/v2\/media\/79989"}],"wp:attachment":[{"href":"https:\/\/www.hediyepazar.com\/index.php?rest_route=%2Fwp%2Fv2%2Fmedia&parent=79990"}],"wp:term":[{"taxonomy":"product_brand","embeddable":true,"href":"https:\/\/www.hediyepazar.com\/index.php?rest_route=%2Fwp%2Fv2%2Fproduct_brand&post=79990"},{"taxonomy":"product_cat","embeddable":true,"href":"https:\/\/www.hediyepazar.com\/index.php?rest_route=%2Fwp%2Fv2%2Fproduct_cat&post=79990"},{"taxonomy":"product_tag","embeddable":true,"href":"https:\/\/www.hediyepazar.com\/index.php?rest_route=%2Fwp%2Fv2%2Fproduct_tag&post=79990"}],"curies":[{"name":"wp","href":"https:\/\/api.w.org\/{rel}","templated":true}]}}