{"id":79996,"date":"2026-04-30T02:32:08","date_gmt":"2026-04-30T05:32:08","guid":{"rendered":"https:\/\/www.hediyepazar.com\/?product=amigurumi-el-orgu-ipi-50gr-940"},"modified":"2026-04-30T02:32:08","modified_gmt":"2026-04-30T05:32:08","slug":"amigurumi-el-orgu-ipi-50gr-940","status":"publish","type":"product","link":"https:\/\/www.hediyepazar.com\/?product=amigurumi-el-orgu-ipi-50gr-940","title":{"rendered":"Amigurumi El \u00d6rg\u00fc \u0130pi 50gr 940"},"content":{"rendered":"<table style=\"border-collapse:collapse; width:98pt; border:none\" width=\"131\">\n<colgroup>\n<col style=\"width:98pt\" width=\"131\" \/>\n\t<\/colgroup>\n<tbody>\n<tr height=\"20\" style=\"height:15.0pt\">\n<td class=\"xl63\" height=\"20\" style=\"border:none; height:15.0pt; width:98pt; white-space:nowrap; padding-top:1px; padding-right:1px; padding-left:1px; vertical-align:bottom\" width=\"131\"><span style=\"font-size:11pt\"><span style=\"color:black\"><span style=\"font-weight:400\"><span style=\"font-style:normal\"><span style=\"text-decoration:none\"><span style=\"font-family:Calibri,sans-serif\">Amigurumi El &Ouml;rg&uuml; \u0130pi 50gr 940<br \/>\n\t\t\tKartopu Amigurumi El &Ouml;rg&uuml; \u0130pleri,<br \/>\n\t\t\tAmigurumi sevenler i&ccedil;in &ouml;zel olarak haz\u0131rlanm\u0131\u015ft\u0131r.<br \/>\n\t\t\tCanl\u0131 ve pastel renk tonlar\u0131n\u0131n oldu\u011fu bu seri,<br \/>\n\t\t\tKartopu Pamuklu Bebe El &Ouml;rg&uuml; \u0130pine benzemektedir.<br \/>\n\t\t\tYap\u0131s\u0131 yumu\u015fakt\u0131r ve amigurumi yap\u0131m\u0131 i&ccedil;in idealdir.<br \/>\n\t\t\tMetraj: 130 mt.<br \/>\n\t\t\tGramaj: 50 gr.<br \/>\n\t\t\t\u0130&ccedil;erik: %51 Akrilik %49 Pamuk<br \/>\n\t\t\t\u015ei\u015f numaras\u0131: 3.5-4.5 mm<br \/>\n\t\t\tT\u0131\u011f Numaras\u0131: 2.5-3.5 mm<br \/>\n\t\t\tPaket \u0130&ccedil;eri\u011fi :<br \/>\n\t\t\t1 Adet Amigurumi El &Ouml;rg&uuml; \u0130pi 50gr 940<\/span><\/span><\/span><\/span><\/span><\/span><\/td>\n<\/tr>\n<\/tbody>\n<\/table>\n","protected":false},"excerpt":{"rendered":"<p>Amigurumi El \u00d6rg\u00fc \u0130pi 50gr 940<\/p>\n","protected":false},"featured_media":79995,"comment_status":"open","ping_status":"closed","template":"","meta":{"_kad_post_transparent":"","_kad_post_title":"","_kad_post_layout":"","_kad_post_sidebar_id":"","_kad_post_content_style":"","_kad_post_vertical_padding":"","_kad_post_feature":"","_kad_post_feature_position":"","_kad_post_header":false,"_kad_post_footer":false,"_kad_post_classname":""},"product_brand":[],"product_cat":[557,568,569],"product_tag":[],"class_list":{"0":"post-79996","1":"product","2":"type-product","3":"status-publish","4":"has-post-thumbnail","6":"product_cat-ev-yasam","7":"product_cat-hobi","8":"product_cat-hobi-malzemeleri","10":"first","11":"instock","12":"shipping-taxable","13":"purchasable","14":"product-type-simple","15":"entry","16":"content-bg","17":"loop-entry"},"_links":{"self":[{"href":"https:\/\/www.hediyepazar.com\/index.php?rest_route=\/wp\/v2\/product\/79996","targetHints":{"allow":["GET"]}}],"collection":[{"href":"https:\/\/www.hediyepazar.com\/index.php?rest_route=\/wp\/v2\/product"}],"about":[{"href":"https:\/\/www.hediyepazar.com\/index.php?rest_route=\/wp\/v2\/types\/product"}],"replies":[{"embeddable":true,"href":"https:\/\/www.hediyepazar.com\/index.php?rest_route=%2Fwp%2Fv2%2Fcomments&post=79996"}],"wp:featuredmedia":[{"embeddable":true,"href":"https:\/\/www.hediyepazar.com\/index.php?rest_route=\/wp\/v2\/media\/79995"}],"wp:attachment":[{"href":"https:\/\/www.hediyepazar.com\/index.php?rest_route=%2Fwp%2Fv2%2Fmedia&parent=79996"}],"wp:term":[{"taxonomy":"product_brand","embeddable":true,"href":"https:\/\/www.hediyepazar.com\/index.php?rest_route=%2Fwp%2Fv2%2Fproduct_brand&post=79996"},{"taxonomy":"product_cat","embeddable":true,"href":"https:\/\/www.hediyepazar.com\/index.php?rest_route=%2Fwp%2Fv2%2Fproduct_cat&post=79996"},{"taxonomy":"product_tag","embeddable":true,"href":"https:\/\/www.hediyepazar.com\/index.php?rest_route=%2Fwp%2Fv2%2Fproduct_tag&post=79996"}],"curies":[{"name":"wp","href":"https:\/\/api.w.org\/{rel}","templated":true}]}}