{"id":80008,"date":"2026-04-30T02:33:18","date_gmt":"2026-04-30T05:33:18","guid":{"rendered":"https:\/\/www.hediyepazar.com\/?product=erkek-siyah-termal-iclik-sicak-tutan-kislik-tayt-royaleks"},"modified":"2026-04-30T02:33:18","modified_gmt":"2026-04-30T05:33:18","slug":"erkek-siyah-termal-iclik-sicak-tutan-kislik-tayt-royaleks","status":"publish","type":"product","link":"https:\/\/www.hediyepazar.com\/?product=erkek-siyah-termal-iclik-sicak-tutan-kislik-tayt-royaleks","title":{"rendered":"Erkek Siyah Termal \u0130\u00e7lik S\u0131cak Tutan K\u0131\u015fl\u0131k Tayt Royaleks"},"content":{"rendered":"<p>Erkek Siyah Termal \u0130&ccedil;lik S\u0131cak Tutan K\u0131\u015fl\u0131k Tayt Royaleks<\/p>\n<p>Pelu\u015f \u0130&ccedil; y&uuml;zeyi sayesinde k\u0131\u015f aylar\u0131nda s\u0131cak tutar. Pantolon alt\u0131ndan rahatl\u0131kla giyilebilir.<br \/>\n&Ccedil;ift kat diki\u015fi ile &ccedil;ok sa\u011flamd\u0131r.<\/p>\n","protected":false},"excerpt":{"rendered":"<p>Erkek Siyah Termal \u0130\u00e7lik S\u0131cak Tutan K\u0131\u015fl\u0131k Tayt Royaleks<\/p>\n","protected":false},"featured_media":80007,"comment_status":"open","ping_status":"closed","template":"","meta":{"_kad_post_transparent":"","_kad_post_title":"","_kad_post_layout":"","_kad_post_sidebar_id":"","_kad_post_content_style":"","_kad_post_vertical_padding":"","_kad_post_feature":"","_kad_post_feature_position":"","_kad_post_header":false,"_kad_post_footer":false,"_kad_post_classname":""},"product_brand":[],"product_cat":[541,457,567],"product_tag":[],"class_list":{"0":"post-80008","1":"product","2":"type-product","3":"status-publish","4":"has-post-thumbnail","6":"product_cat-erkek","7":"product_cat-giyim","8":"product_cat-termal-giyim","10":"first","11":"instock","12":"shipping-taxable","13":"purchasable","14":"product-type-simple","15":"entry","16":"content-bg","17":"loop-entry"},"_links":{"self":[{"href":"https:\/\/www.hediyepazar.com\/index.php?rest_route=\/wp\/v2\/product\/80008","targetHints":{"allow":["GET"]}}],"collection":[{"href":"https:\/\/www.hediyepazar.com\/index.php?rest_route=\/wp\/v2\/product"}],"about":[{"href":"https:\/\/www.hediyepazar.com\/index.php?rest_route=\/wp\/v2\/types\/product"}],"replies":[{"embeddable":true,"href":"https:\/\/www.hediyepazar.com\/index.php?rest_route=%2Fwp%2Fv2%2Fcomments&post=80008"}],"wp:featuredmedia":[{"embeddable":true,"href":"https:\/\/www.hediyepazar.com\/index.php?rest_route=\/wp\/v2\/media\/80007"}],"wp:attachment":[{"href":"https:\/\/www.hediyepazar.com\/index.php?rest_route=%2Fwp%2Fv2%2Fmedia&parent=80008"}],"wp:term":[{"taxonomy":"product_brand","embeddable":true,"href":"https:\/\/www.hediyepazar.com\/index.php?rest_route=%2Fwp%2Fv2%2Fproduct_brand&post=80008"},{"taxonomy":"product_cat","embeddable":true,"href":"https:\/\/www.hediyepazar.com\/index.php?rest_route=%2Fwp%2Fv2%2Fproduct_cat&post=80008"},{"taxonomy":"product_tag","embeddable":true,"href":"https:\/\/www.hediyepazar.com\/index.php?rest_route=%2Fwp%2Fv2%2Fproduct_tag&post=80008"}],"curies":[{"name":"wp","href":"https:\/\/api.w.org\/{rel}","templated":true}]}}