{"id":80054,"date":"2026-04-30T02:36:05","date_gmt":"2026-04-30T05:36:05","guid":{"rendered":"https:\/\/www.hediyepazar.com\/?product=kadin-askili-desenli-atlet-dantelli-empirme-pamuklu-penye-d6"},"modified":"2026-04-30T02:36:05","modified_gmt":"2026-04-30T05:36:05","slug":"kadin-askili-desenli-atlet-dantelli-empirme-pamuklu-penye-d6","status":"publish","type":"product","link":"https:\/\/www.hediyepazar.com\/?product=kadin-askili-desenli-atlet-dantelli-empirme-pamuklu-penye-d6","title":{"rendered":"Kad\u0131n Ask\u0131l\u0131 Desenli Atlet Dantelli Empirme Pamuklu Penye D6"},"content":{"rendered":"<table style=\"border-collapse:collapse; width:209pt; border:none\" width=\"279\">\n<colgroup>\n<col style=\"width:209pt\" width=\"279\" \/>\n\t<\/colgroup>\n<tbody>\n<tr height=\"20\" style=\"height:15.0pt\">\n<td class=\"xl65\" height=\"20\" style=\"border:none; height:15.0pt; width:209pt; white-space:nowrap; padding-top:1px; padding-right:1px; padding-left:1px; vertical-align:bottom\" width=\"279\"><span style=\"font-size:11pt\"><span style=\"color:black\"><span style=\"font-weight:400\"><span style=\"font-style:normal\"><span style=\"text-decoration:none\"><span style=\"font-family:Calibri,sans-serif\">Kad\u0131n Ask\u0131l\u0131 Desenli Atlet Dantelli Empirme Pamuklu Penye D6<br \/>\n\t\t\tCanl\u0131 renk ve desenleriyle kad\u0131n i&ccedil; giyim atlet olarak kullan\u0131ld\u0131\u011f\u0131 gibi<br \/>\n\t\t\ts\u0131cak havalarda g&uuml;nl&uuml;k d\u0131\u015far\u0131 k\u0131yafeti olarakta kullan\u0131l\u0131r.<br \/>\n\t\t\tAsk\u0131l\u0131 pamuklu kad\u0131n atlet zengin renk se&ccedil;ene\u011fi ile giyim tarz\u0131n\u0131z\u0131 renklendirin.<br \/>\n\t\t\tEmpirme atlet yaka dantelli modeli ile \u015f\u0131k bir g&ouml;r&uuml;n&uuml;m sa\u011flar.<br \/>\n\t\t\t&Uuml;zerine bir bolero veya \u015fal alarak g&uuml;ndelik hayatta severek kullanacaks\u0131n\u0131z.<br \/>\n\t\t\tTerleme yapmaz nefes al\u0131r ve &ccedil;ok hafiftir.<br \/>\n\t\t\t&Uuml;zerinizde yokmu\u015f gibi rahat hissettirir.<br \/>\n\t\t\tKad\u0131n ev giyim i&ccedil;inde tercih edilir.<\/span><\/span><\/span><\/span><\/span><\/span><\/td>\n<\/tr>\n<\/tbody>\n<\/table>\n","protected":false},"excerpt":{"rendered":"<p>Kad\u0131n Ask\u0131l\u0131 Desenli Atlet Dantelli Empirme Pamuklu Penye D6<\/p>\n","protected":false},"featured_media":80053,"comment_status":"open","ping_status":"closed","template":"","meta":{"_kad_post_transparent":"","_kad_post_title":"","_kad_post_layout":"","_kad_post_sidebar_id":"","_kad_post_content_style":"","_kad_post_vertical_padding":"","_kad_post_feature":"","_kad_post_feature_position":"","_kad_post_header":false,"_kad_post_footer":false,"_kad_post_classname":""},"product_brand":[],"product_cat":[550,538,537],"product_tag":[],"class_list":{"0":"post-80054","1":"product","2":"type-product","3":"status-publish","4":"has-post-thumbnail","6":"product_cat-atlet-body","7":"product_cat-ic-giyim","8":"product_cat-kadin","10":"first","11":"instock","12":"shipping-taxable","13":"purchasable","14":"product-type-simple","15":"entry","16":"content-bg","17":"loop-entry"},"_links":{"self":[{"href":"https:\/\/www.hediyepazar.com\/index.php?rest_route=\/wp\/v2\/product\/80054","targetHints":{"allow":["GET"]}}],"collection":[{"href":"https:\/\/www.hediyepazar.com\/index.php?rest_route=\/wp\/v2\/product"}],"about":[{"href":"https:\/\/www.hediyepazar.com\/index.php?rest_route=\/wp\/v2\/types\/product"}],"replies":[{"embeddable":true,"href":"https:\/\/www.hediyepazar.com\/index.php?rest_route=%2Fwp%2Fv2%2Fcomments&post=80054"}],"wp:featuredmedia":[{"embeddable":true,"href":"https:\/\/www.hediyepazar.com\/index.php?rest_route=\/wp\/v2\/media\/80053"}],"wp:attachment":[{"href":"https:\/\/www.hediyepazar.com\/index.php?rest_route=%2Fwp%2Fv2%2Fmedia&parent=80054"}],"wp:term":[{"taxonomy":"product_brand","embeddable":true,"href":"https:\/\/www.hediyepazar.com\/index.php?rest_route=%2Fwp%2Fv2%2Fproduct_brand&post=80054"},{"taxonomy":"product_cat","embeddable":true,"href":"https:\/\/www.hediyepazar.com\/index.php?rest_route=%2Fwp%2Fv2%2Fproduct_cat&post=80054"},{"taxonomy":"product_tag","embeddable":true,"href":"https:\/\/www.hediyepazar.com\/index.php?rest_route=%2Fwp%2Fv2%2Fproduct_tag&post=80054"}],"curies":[{"name":"wp","href":"https:\/\/api.w.org\/{rel}","templated":true}]}}