{"id":80100,"date":"2026-04-30T02:37:41","date_gmt":"2026-04-30T05:37:41","guid":{"rendered":"https:\/\/www.hediyepazar.com\/?product=ahtapot-3lu-yumurtalik"},"modified":"2026-04-30T02:37:41","modified_gmt":"2026-04-30T05:37:41","slug":"ahtapot-3lu-yumurtalik","status":"publish","type":"product","link":"https:\/\/www.hediyepazar.com\/?product=ahtapot-3lu-yumurtalik","title":{"rendered":"Ahtapot 3&#8217;l\u00fc Yumurtal\u0131k"},"content":{"rendered":"<table style=\"border-collapse:collapse; width:178pt; border:none\" width=\"237\">\n<colgroup>\n<col style=\"width:178pt\" width=\"237\" \/>\n\t<\/colgroup>\n<tbody>\n<tr height=\"25\" style=\"height:18.75pt\">\n<td height=\"25\" style=\"border:none; height:18.75pt; width:65pt; padding-top:1px; padding-right:1px; padding-left:1px; vertical-align:bottom; white-space:nowrap\" width=\"86\"><span style=\"font-size:11pt\"><span style=\"color:black\"><span style=\"font-weight:400\"><span style=\"font-style:normal\"><span style=\"text-decoration:none\"><span style=\"font-family:Calibri,sans-serif\">Ahtapot 3&#39;l&uuml; Yumurtal\u0131k<\/p>\n<p>\t\t\tBPA i&ccedil;ermez<br \/>\n\t\t\tBula\u015f\u0131k makinesinde y\u0131kanabilir<br \/>\n\t\t\t&Uuml;r&uuml;n &Ouml;zellikleri<\/p>\n<p>\t\t\tMalzeme\/Materyal: Plastik<br \/>\n\t\t\t&Ouml;l&ccedil;&uuml;: 5x5x7 cm<br \/>\n\t\t\tPar&ccedil;a Say\u0131s\u0131: 3 Par&ccedil;a<\/span><\/span><\/span><\/span><\/span><\/span><\/td>\n<\/tr>\n<tr>\n<td height=\"25\" style=\"border:none; height:18.75pt; width:65pt; padding-top:1px; padding-right:1px; padding-left:1px; vertical-align:bottom; white-space:nowrap\" width=\"86\">&nbsp;<\/td>\n<\/tr>\n<\/tbody>\n<\/table>\n","protected":false},"excerpt":{"rendered":"<p>Ahtapot 3&#8217;l\u00fc Yumurtal\u0131k<\/p>\n","protected":false},"featured_media":80099,"comment_status":"open","ping_status":"closed","template":"","meta":{"_kad_post_transparent":"","_kad_post_title":"","_kad_post_layout":"","_kad_post_sidebar_id":"","_kad_post_content_style":"","_kad_post_vertical_padding":"","_kad_post_feature":"","_kad_post_feature_position":"","_kad_post_header":false,"_kad_post_footer":false,"_kad_post_classname":""},"product_brand":[],"product_cat":[557,602,558],"product_tag":[],"class_list":{"0":"post-80100","1":"product","2":"type-product","3":"status-publish","4":"has-post-thumbnail","6":"product_cat-ev-yasam","7":"product_cat-mutfak-saklama-duzenleme","8":"product_cat-sofra-mutfak-2","10":"first","11":"instock","12":"shipping-taxable","13":"purchasable","14":"product-type-simple","15":"entry","16":"content-bg","17":"loop-entry"},"_links":{"self":[{"href":"https:\/\/www.hediyepazar.com\/index.php?rest_route=\/wp\/v2\/product\/80100","targetHints":{"allow":["GET"]}}],"collection":[{"href":"https:\/\/www.hediyepazar.com\/index.php?rest_route=\/wp\/v2\/product"}],"about":[{"href":"https:\/\/www.hediyepazar.com\/index.php?rest_route=\/wp\/v2\/types\/product"}],"replies":[{"embeddable":true,"href":"https:\/\/www.hediyepazar.com\/index.php?rest_route=%2Fwp%2Fv2%2Fcomments&post=80100"}],"wp:featuredmedia":[{"embeddable":true,"href":"https:\/\/www.hediyepazar.com\/index.php?rest_route=\/wp\/v2\/media\/80099"}],"wp:attachment":[{"href":"https:\/\/www.hediyepazar.com\/index.php?rest_route=%2Fwp%2Fv2%2Fmedia&parent=80100"}],"wp:term":[{"taxonomy":"product_brand","embeddable":true,"href":"https:\/\/www.hediyepazar.com\/index.php?rest_route=%2Fwp%2Fv2%2Fproduct_brand&post=80100"},{"taxonomy":"product_cat","embeddable":true,"href":"https:\/\/www.hediyepazar.com\/index.php?rest_route=%2Fwp%2Fv2%2Fproduct_cat&post=80100"},{"taxonomy":"product_tag","embeddable":true,"href":"https:\/\/www.hediyepazar.com\/index.php?rest_route=%2Fwp%2Fv2%2Fproduct_tag&post=80100"}],"curies":[{"name":"wp","href":"https:\/\/api.w.org\/{rel}","templated":true}]}}