{"id":80102,"date":"2026-04-30T02:37:47","date_gmt":"2026-04-30T05:37:47","guid":{"rendered":"https:\/\/www.hediyepazar.com\/?product=3lu-organizer-makyaj-kozmetik-organizeri"},"modified":"2026-04-30T02:37:47","modified_gmt":"2026-04-30T05:37:47","slug":"3lu-organizer-makyaj-kozmetik-organizeri","status":"publish","type":"product","link":"https:\/\/www.hediyepazar.com\/?product=3lu-organizer-makyaj-kozmetik-organizeri","title":{"rendered":"3&#8217;l\u00fc Organizer Makyaj Kozmetik Organizeri"},"content":{"rendered":"<table style=\"border-collapse:collapse; width:65pt; border:none\" width=\"86\">\n<colgroup>\n<col style=\"width:65pt\" width=\"86\" \/>\n\t<\/colgroup>\n<tbody>\n<tr height=\"25\" style=\"height:18.75pt\">\n<td height=\"25\" style=\"border:none; height:18.75pt; width:65pt; padding-top:1px; padding-right:1px; padding-left:1px; vertical-align:bottom; white-space:nowrap\" width=\"86\"><span style=\"font-size:11pt\"><span style=\"color:black\"><span style=\"font-weight:400\"><span style=\"font-style:normal\"><span style=\"text-decoration:none\"><span style=\"font-family:Calibri,sans-serif\">3&#39;l&uuml; Organizer Set, Makyaj Kozmetik<br \/>\n\t\t\t\u015eeffaf parlak pleksi malzemeden &uuml;retilmi\u015ftir<br \/>\n\t\t\tMakyaj temizleme pamuklar\u0131n\u0131z\u0131n ve kulak &ccedil;ubuklar\u0131n\u0131z\u0131 belli bir d&uuml;zende tutulmas\u0131n\u0131 sa\u011flar<br \/>\n\t\t\tHijyen a&ccedil;\u0131s\u0131ndan olduk&ccedil;a sa\u011fl\u0131kl\u0131 bir saklama kutusudur<br \/>\n\t\t\tPleksi makyaj organizeri sayesinde pamuklar\u0131n\u0131z ve kulak &ccedil;ubuklar\u0131n\u0131z makyaj\u0131n\u0131z\u0131 temizlemek ve<br \/>\n\t\t\tr&ouml;tu\u015f yapmak i&ccedil;in her an elinizin alt\u0131nda belli bir d&uuml;zen i&ccedil;inde olur<br \/>\n\t\t\t&Ouml;zel kulpludur ve g&ouml;r&uuml;n&uuml;m&uuml;yle de olduk&ccedil;a \u015f\u0131kt\u0131r<br \/>\n\t\t\tTuvalet masas\u0131 &uuml;zerinde yer kaplamaz<br \/>\n\t\t\tOrganizeri 3&#39;l&uuml; Set, D&uuml;zenleyici<br \/>\n\t\t\tOrganizer , Makyaj Pamuklu\u011fu ve Kulak &Ccedil;ubuklu\u011fu D&uuml;zenleyicisi.<br \/>\n\t\t\tTozdan Korumak \u0130stedi\u011finiz Tak\u0131, Makyaj Malzemesi ve Da\u011f\u0131lmas\u0131n\u0131 \u0130stemedi\u011finiz K&uuml;&ccedil;&uuml;k Par&ccedil;alar \u0130&ccedil;in, \u015eeffaf &Ccedil;oklu &Ccedil;ekmece Mod&uuml;l&uuml;..<br \/>\n\t\t\tPaket \u0130&ccedil;eri\u011fi:<br \/>\n\t\t\t3 Adet<br \/>\n\t\t\t&Uuml;r&uuml;n&uuml;n Boyutu:<br \/>\n\t\t\tPamukluk &Ouml;l&ccedil;&uuml;leri:<br \/>\n\t\t\tUzunluk 17.5 x Geni\u015flik 7 Cm<br \/>\n\t\t\tKulak &Ccedil;ubu\u011fu D&uuml;zenleyici &Ouml;l&ccedil;&uuml;leri:<br \/>\n\t\t\tY&uuml;kseklik 7.2 x Geni\u015flik 8.8 Cm<br \/>\n\t\t\tKapakl\u0131 Yuvarlak Organizer &Ouml;l&ccedil;&uuml;leri:<br \/>\n\t\t\tY&uuml;kseklik 9 x Geni\u015flik 7 Cm<\/span><\/span><\/span><\/span><\/span><\/span><\/td>\n<\/tr>\n<\/tbody>\n<\/table>\n","protected":false},"excerpt":{"rendered":"<p>3&#8217;l\u00fc Organizer Makyaj Kozmetik Organizeri<\/p>\n","protected":false},"featured_media":80101,"comment_status":"open","ping_status":"closed","template":"","meta":{"_kad_post_transparent":"","_kad_post_title":"","_kad_post_layout":"","_kad_post_sidebar_id":"","_kad_post_content_style":"","_kad_post_vertical_padding":"","_kad_post_feature":"","_kad_post_feature_position":"","_kad_post_header":false,"_kad_post_footer":false,"_kad_post_classname":""},"product_brand":[],"product_cat":[452,565,606],"product_tag":[],"class_list":{"0":"post-80102","1":"product","2":"type-product","3":"status-publish","4":"has-post-thumbnail","6":"product_cat-kozmetik","7":"product_cat-makyaj","8":"product_cat-makyaj-organizeri","10":"first","11":"instock","12":"shipping-taxable","13":"purchasable","14":"product-type-simple","15":"entry","16":"content-bg","17":"loop-entry"},"_links":{"self":[{"href":"https:\/\/www.hediyepazar.com\/index.php?rest_route=\/wp\/v2\/product\/80102","targetHints":{"allow":["GET"]}}],"collection":[{"href":"https:\/\/www.hediyepazar.com\/index.php?rest_route=\/wp\/v2\/product"}],"about":[{"href":"https:\/\/www.hediyepazar.com\/index.php?rest_route=\/wp\/v2\/types\/product"}],"replies":[{"embeddable":true,"href":"https:\/\/www.hediyepazar.com\/index.php?rest_route=%2Fwp%2Fv2%2Fcomments&post=80102"}],"wp:featuredmedia":[{"embeddable":true,"href":"https:\/\/www.hediyepazar.com\/index.php?rest_route=\/wp\/v2\/media\/80101"}],"wp:attachment":[{"href":"https:\/\/www.hediyepazar.com\/index.php?rest_route=%2Fwp%2Fv2%2Fmedia&parent=80102"}],"wp:term":[{"taxonomy":"product_brand","embeddable":true,"href":"https:\/\/www.hediyepazar.com\/index.php?rest_route=%2Fwp%2Fv2%2Fproduct_brand&post=80102"},{"taxonomy":"product_cat","embeddable":true,"href":"https:\/\/www.hediyepazar.com\/index.php?rest_route=%2Fwp%2Fv2%2Fproduct_cat&post=80102"},{"taxonomy":"product_tag","embeddable":true,"href":"https:\/\/www.hediyepazar.com\/index.php?rest_route=%2Fwp%2Fv2%2Fproduct_tag&post=80102"}],"curies":[{"name":"wp","href":"https:\/\/api.w.org\/{rel}","templated":true}]}}