{"id":80168,"date":"2026-04-30T02:41:42","date_gmt":"2026-04-30T05:41:42","guid":{"rendered":"https:\/\/www.hediyepazar.com\/?product=3-cift-kadin-erkek-unisex-kalin-uzun-corap"},"modified":"2026-04-30T02:41:42","modified_gmt":"2026-04-30T05:41:42","slug":"3-cift-kadin-erkek-unisex-kalin-uzun-corap","status":"publish","type":"product","link":"https:\/\/www.hediyepazar.com\/?product=3-cift-kadin-erkek-unisex-kalin-uzun-corap","title":{"rendered":"3 \u00c7ift Kad\u0131n Erkek Unisex Kal\u0131n Uzun \u00c7orap"},"content":{"rendered":"<table style=\"border-collapse:collapse; width:233pt; border:none\" width=\"311\">\n<colgroup>\n<col style=\"width:233pt\" width=\"311\" \/>\n\t<\/colgroup>\n<tbody>\n<tr height=\"20\" style=\"height:15.0pt\">\n<td height=\"20\" style=\"border:none; height:15.0pt; width:233pt; padding-top:1px; padding-right:1px; padding-left:1px; vertical-align:bottom; white-space:nowrap\" width=\"311\"><span style=\"font-size:11pt\"><span style=\"color:black\"><span style=\"font-weight:400\"><span style=\"font-style:normal\"><span style=\"text-decoration:none\"><span style=\"font-family:Calibri,sans-serif\">3 &Ccedil;ift Kad\u0131n Erkek Unisex Kal\u0131n Uzun &Ccedil;orap<\/p>\n<p>\t\t\tK\u0131\u015f i&ccedil;in en ideal kal\u0131nl\u0131kta uzun &ccedil;orap kad\u0131n ve erkek i&ccedil;in kullan\u0131ma uygundur.<br \/>\n\t\t\tS\u0131cak tutar<br \/>\n\t\t\t3 &ccedil;ift &ccedil;orap g&ouml;nderilecektir<\/span><\/span><\/span><\/span><\/span><\/span><\/td>\n<\/tr>\n<\/tbody>\n<\/table>\n","protected":false},"excerpt":{"rendered":"<p>3 \u00c7ift Kad\u0131n Erkek Unisex Kal\u0131n Uzun \u00c7orap<\/p>\n","protected":false},"featured_media":80167,"comment_status":"open","ping_status":"closed","template":"","meta":{"_kad_post_transparent":"","_kad_post_title":"","_kad_post_layout":"","_kad_post_sidebar_id":"","_kad_post_content_style":"","_kad_post_vertical_padding":"","_kad_post_feature":"","_kad_post_feature_position":"","_kad_post_header":false,"_kad_post_footer":false,"_kad_post_classname":""},"product_brand":[],"product_cat":[540,538,537],"product_tag":[],"class_list":{"0":"post-80168","1":"product","2":"type-product","3":"status-publish","4":"has-post-thumbnail","6":"product_cat-corap","7":"product_cat-ic-giyim","8":"product_cat-kadin","10":"first","11":"instock","12":"shipping-taxable","13":"purchasable","14":"product-type-simple","15":"entry","16":"content-bg","17":"loop-entry"},"_links":{"self":[{"href":"https:\/\/www.hediyepazar.com\/index.php?rest_route=\/wp\/v2\/product\/80168","targetHints":{"allow":["GET"]}}],"collection":[{"href":"https:\/\/www.hediyepazar.com\/index.php?rest_route=\/wp\/v2\/product"}],"about":[{"href":"https:\/\/www.hediyepazar.com\/index.php?rest_route=\/wp\/v2\/types\/product"}],"replies":[{"embeddable":true,"href":"https:\/\/www.hediyepazar.com\/index.php?rest_route=%2Fwp%2Fv2%2Fcomments&post=80168"}],"wp:featuredmedia":[{"embeddable":true,"href":"https:\/\/www.hediyepazar.com\/index.php?rest_route=\/wp\/v2\/media\/80167"}],"wp:attachment":[{"href":"https:\/\/www.hediyepazar.com\/index.php?rest_route=%2Fwp%2Fv2%2Fmedia&parent=80168"}],"wp:term":[{"taxonomy":"product_brand","embeddable":true,"href":"https:\/\/www.hediyepazar.com\/index.php?rest_route=%2Fwp%2Fv2%2Fproduct_brand&post=80168"},{"taxonomy":"product_cat","embeddable":true,"href":"https:\/\/www.hediyepazar.com\/index.php?rest_route=%2Fwp%2Fv2%2Fproduct_cat&post=80168"},{"taxonomy":"product_tag","embeddable":true,"href":"https:\/\/www.hediyepazar.com\/index.php?rest_route=%2Fwp%2Fv2%2Fproduct_tag&post=80168"}],"curies":[{"name":"wp","href":"https:\/\/api.w.org\/{rel}","templated":true}]}}