{"id":80174,"date":"2026-04-30T02:42:04","date_gmt":"2026-04-30T05:42:04","guid":{"rendered":"https:\/\/www.hediyepazar.com\/?product=profesor-cim-adam-dekoratif-yapay-cicek-10x10-cm-r1"},"modified":"2026-04-30T02:42:04","modified_gmt":"2026-04-30T05:42:04","slug":"profesor-cim-adam-dekoratif-yapay-cicek-10x10-cm-r1","status":"publish","type":"product","link":"https:\/\/www.hediyepazar.com\/?product=profesor-cim-adam-dekoratif-yapay-cicek-10x10-cm-r1","title":{"rendered":"Profes\u00f6r \u00c7im Adam Dekoratif Yapay \u00c7i\u00e7ek 10&#215;10 cm R1"},"content":{"rendered":"<table style=\"border-collapse:collapse; width:195pt; border:none\" width=\"260\">\n<colgroup>\n<col style=\"width:195pt\" width=\"260\" \/>\n\t<\/colgroup>\n<tbody>\n<tr height=\"25\" style=\"height:18.75pt\">\n<td height=\"25\" style=\"border:none; height:18.75pt; width:195pt; padding-top:1px; padding-right:1px; padding-left:1px; vertical-align:bottom; white-space:nowrap\" width=\"260\">&nbsp;<\/td>\n<\/tr>\n<tr>\n<td height=\"25\" style=\"border:none; height:18.75pt; width:65pt; padding-top:1px; padding-right:1px; padding-left:1px; vertical-align:bottom; white-space:nowrap\" width=\"86\"><span style=\"font-size:11pt\"><span style=\"color:black\"><span style=\"font-weight:400\"><span style=\"font-style:normal\"><span style=\"text-decoration:none\"><span style=\"font-family:Calibri,sans-serif\">Profes&ouml;r &Ccedil;im Adam Dekoratif Yapay &Ccedil;i&ccedil;ek 10&#215;10 cm<br \/>\n\t\t\tUzun &ouml;m&uuml;rl&uuml; ve bak\u0131m\u0131 kolay y&uuml;ksek kaliteli plastik malzemeden &uuml;retilmi\u015ftir.<br \/>\n\t\t\tHer dekorasyon stiline uygun sade ve zarif tasar\u0131m.<br \/>\n\t\t\t&Uuml;r&uuml;n Boyutlar\u0131: 10&#215;10 cm<\/span><\/span><\/span><\/span><\/span><\/span><\/td>\n<\/tr>\n<\/tbody>\n<\/table>\n","protected":false},"excerpt":{"rendered":"<p>Profes\u00f6r \u00c7im Adam Dekoratif Yapay \u00c7i\u00e7ek 10&#215;10 cm R1<\/p>\n","protected":false},"featured_media":80173,"comment_status":"open","ping_status":"closed","template":"","meta":{"_kad_post_transparent":"","_kad_post_title":"","_kad_post_layout":"","_kad_post_sidebar_id":"","_kad_post_content_style":"","_kad_post_vertical_padding":"","_kad_post_feature":"","_kad_post_feature_position":"","_kad_post_header":false,"_kad_post_footer":false,"_kad_post_classname":""},"product_brand":[],"product_cat":[557,621,630],"product_tag":[],"class_list":{"0":"post-80174","1":"product","2":"type-product","3":"status-publish","4":"has-post-thumbnail","6":"product_cat-ev-yasam","7":"product_cat-ev-dekorasyon","8":"product_cat-yapay-cicek","10":"first","11":"instock","12":"shipping-taxable","13":"purchasable","14":"product-type-simple","15":"entry","16":"content-bg","17":"loop-entry"},"_links":{"self":[{"href":"https:\/\/www.hediyepazar.com\/index.php?rest_route=\/wp\/v2\/product\/80174","targetHints":{"allow":["GET"]}}],"collection":[{"href":"https:\/\/www.hediyepazar.com\/index.php?rest_route=\/wp\/v2\/product"}],"about":[{"href":"https:\/\/www.hediyepazar.com\/index.php?rest_route=\/wp\/v2\/types\/product"}],"replies":[{"embeddable":true,"href":"https:\/\/www.hediyepazar.com\/index.php?rest_route=%2Fwp%2Fv2%2Fcomments&post=80174"}],"wp:featuredmedia":[{"embeddable":true,"href":"https:\/\/www.hediyepazar.com\/index.php?rest_route=\/wp\/v2\/media\/80173"}],"wp:attachment":[{"href":"https:\/\/www.hediyepazar.com\/index.php?rest_route=%2Fwp%2Fv2%2Fmedia&parent=80174"}],"wp:term":[{"taxonomy":"product_brand","embeddable":true,"href":"https:\/\/www.hediyepazar.com\/index.php?rest_route=%2Fwp%2Fv2%2Fproduct_brand&post=80174"},{"taxonomy":"product_cat","embeddable":true,"href":"https:\/\/www.hediyepazar.com\/index.php?rest_route=%2Fwp%2Fv2%2Fproduct_cat&post=80174"},{"taxonomy":"product_tag","embeddable":true,"href":"https:\/\/www.hediyepazar.com\/index.php?rest_route=%2Fwp%2Fv2%2Fproduct_tag&post=80174"}],"curies":[{"name":"wp","href":"https:\/\/api.w.org\/{rel}","templated":true}]}}