{"id":80434,"date":"2026-04-30T02:57:30","date_gmt":"2026-04-30T05:57:30","guid":{"rendered":"https:\/\/www.hediyepazar.com\/?product=vega-tweed-premium-akrilik-el-orgu-ipi-yunu-no-31749"},"modified":"2026-04-30T02:57:30","modified_gmt":"2026-04-30T05:57:30","slug":"vega-tweed-premium-akrilik-el-orgu-ipi-yunu-no-31749","status":"publish","type":"product","link":"https:\/\/www.hediyepazar.com\/?product=vega-tweed-premium-akrilik-el-orgu-ipi-yunu-no-31749","title":{"rendered":"Vega Tweed Premium Akrilik El \u00d6rg\u00fc \u0130pi Y\u00fcn\u00fc No: 31749"},"content":{"rendered":"<table style=\"border-collapse:collapse; width:98pt; border:none\" width=\"131\">\n<colgroup>\n<col style=\"width:98pt\" width=\"131\" \/>\n\t<\/colgroup>\n<tbody>\n<tr height=\"20\" style=\"height:15.0pt\">\n<td height=\"20\" style=\"border:none; height:15.0pt; width:98pt; padding-top:1px; padding-right:1px; padding-left:1px; vertical-align:bottom; white-space:nowrap\" width=\"131\"><span style=\"font-size:11pt\"><span style=\"color:black\"><span style=\"font-weight:400\"><span style=\"font-style:normal\"><span style=\"text-decoration:none\"><span style=\"font-family:Calibri,sans-serif\">Vega Tweed Premium Akrilik El &Ouml;rg&uuml; \u0130pi Y&uuml;n&uuml; No: 31749<br \/>\n\t\t\tYumu\u015fakl\u0131\u011f\u0131 ve Dokusuyla klasikle\u015fmeye aday ipliklerden biri olan<br \/>\n\t\t\tNako Vega % 100 Premium Akrilik i&ccedil;eri\u011fe sahiptir.<br \/>\n\t\t\tNako Vega ile \u015e\u0131k Uzun Yelekler &ouml;rebilir, Atk\u0131 &amp; Bere tak\u0131mlar\u0131 tasarlayabilirsiniz.<br \/>\n\t\t\t&Ouml;rece\u011finiz Elbiseler, Tunikler her daim moday\u0131 &uuml;zerinizde ta\u015f\u0131man\u0131z\u0131 sa\u011flayacakt\u0131r.<br \/>\n\t\t\tVega ile Kahve tonlar\u0131n\u0131n en g&uuml;zel hallerini birlikte sergileyebilirsiniz.<br \/>\n\t\t\t&Ouml;rg&uuml; her zaman Modad\u0131r!<\/p>\n<p>\t\t\tKar\u0131\u015f\u0131m\u0131&nbsp;&nbsp;&nbsp;&nbsp;&nbsp;&nbsp;&nbsp;&nbsp;&nbsp;&nbsp;&nbsp;&nbsp;&nbsp; : % 100 Premium Akrilik<br \/>\n\t\t\tYumak gramaj\u0131&nbsp;&nbsp;&nbsp; : 100 g<br \/>\n\t\t\tEtiket metraj\u0131&nbsp;&nbsp;&nbsp;&nbsp;&nbsp;&nbsp; : 195 mt<br \/>\n\t\t\t\u015ei\u015f numaralar\u0131&nbsp;&nbsp;&nbsp;&nbsp;&nbsp; : 4 &#8211; 5<br \/>\n\t\t\tT\u0131\u011f numaralar\u0131&nbsp;&nbsp;&nbsp;&nbsp;&nbsp; : 2 &#8211; 3<br \/>\n\t\t\t\u0130lmek bilgisi&nbsp;&nbsp;&nbsp;&nbsp;&nbsp;&nbsp;&nbsp;&nbsp; : 10&#215;10 cm &ouml;l&ccedil;&uuml; i&ccedil;in 24 s\u0131ra 19 ilmek<br \/>\n\t\t\tMevsim&nbsp;&nbsp;&nbsp;&nbsp;&nbsp;&nbsp;&nbsp;&nbsp;&nbsp;&nbsp;&nbsp;&nbsp;&nbsp;&nbsp; : Sonbahar, K\u0131\u015f, \u0130lkbahar<\/p>\n<p>\t\t\tPaket i&ccedil;eri\u011fi: 1 Adet Vega Tweed Premium Akrilik El &Ouml;rg&uuml; \u0130pi Y&uuml;n&uuml; No: 31749<\/span><\/span><\/span><\/span><\/span><\/span><\/td>\n<\/tr>\n<\/tbody>\n<\/table>\n","protected":false},"excerpt":{"rendered":"<p>Vega Tweed Premium Akrilik El \u00d6rg\u00fc \u0130pi Y\u00fcn\u00fc No: 31749<\/p>\n","protected":false},"featured_media":80433,"comment_status":"open","ping_status":"closed","template":"","meta":{"_kad_post_transparent":"","_kad_post_title":"","_kad_post_layout":"","_kad_post_sidebar_id":"","_kad_post_content_style":"","_kad_post_vertical_padding":"","_kad_post_feature":"","_kad_post_feature_position":"","_kad_post_header":false,"_kad_post_footer":false,"_kad_post_classname":""},"product_brand":[],"product_cat":[557,568,569],"product_tag":[],"class_list":{"0":"post-80434","1":"product","2":"type-product","3":"status-publish","4":"has-post-thumbnail","6":"product_cat-ev-yasam","7":"product_cat-hobi","8":"product_cat-hobi-malzemeleri","10":"first","11":"instock","12":"shipping-taxable","13":"purchasable","14":"product-type-simple","15":"entry","16":"content-bg","17":"loop-entry"},"_links":{"self":[{"href":"https:\/\/www.hediyepazar.com\/index.php?rest_route=\/wp\/v2\/product\/80434","targetHints":{"allow":["GET"]}}],"collection":[{"href":"https:\/\/www.hediyepazar.com\/index.php?rest_route=\/wp\/v2\/product"}],"about":[{"href":"https:\/\/www.hediyepazar.com\/index.php?rest_route=\/wp\/v2\/types\/product"}],"replies":[{"embeddable":true,"href":"https:\/\/www.hediyepazar.com\/index.php?rest_route=%2Fwp%2Fv2%2Fcomments&post=80434"}],"wp:featuredmedia":[{"embeddable":true,"href":"https:\/\/www.hediyepazar.com\/index.php?rest_route=\/wp\/v2\/media\/80433"}],"wp:attachment":[{"href":"https:\/\/www.hediyepazar.com\/index.php?rest_route=%2Fwp%2Fv2%2Fmedia&parent=80434"}],"wp:term":[{"taxonomy":"product_brand","embeddable":true,"href":"https:\/\/www.hediyepazar.com\/index.php?rest_route=%2Fwp%2Fv2%2Fproduct_brand&post=80434"},{"taxonomy":"product_cat","embeddable":true,"href":"https:\/\/www.hediyepazar.com\/index.php?rest_route=%2Fwp%2Fv2%2Fproduct_cat&post=80434"},{"taxonomy":"product_tag","embeddable":true,"href":"https:\/\/www.hediyepazar.com\/index.php?rest_route=%2Fwp%2Fv2%2Fproduct_tag&post=80434"}],"curies":[{"name":"wp","href":"https:\/\/api.w.org\/{rel}","templated":true}]}}