{"id":80488,"date":"2026-04-30T03:01:00","date_gmt":"2026-04-30T06:01:00","guid":{"rendered":"https:\/\/www.hediyepazar.com\/?product=yumurta-saklama-kabi-15-gozlu-kapakli-otomatik-kayar-rampali-yumurtalik"},"modified":"2026-04-30T03:01:00","modified_gmt":"2026-04-30T06:01:00","slug":"yumurta-saklama-kabi-15-gozlu-kapakli-otomatik-kayar-rampali-yumurtalik","status":"publish","type":"product","link":"https:\/\/www.hediyepazar.com\/?product=yumurta-saklama-kabi-15-gozlu-kapakli-otomatik-kayar-rampali-yumurtalik","title":{"rendered":"Yumurta Saklama Kab\u0131 15 G\u00f6zl\u00fc Kapakl\u0131 Otomatik Kayar Rampal\u0131 Yumurtal\u0131k"},"content":{"rendered":"<p>Yumurta Saklama Kab\u0131 15 G&ouml;zl&uuml; Kapakl\u0131 Otomatik Kayar Rampal\u0131 Yumurtal\u0131k<\/p>\n<table style=\"border-collapse:collapse; width:193pt; border:none\" width=\"257\">\n<colgroup>\n<col style=\"width:193pt\" width=\"257\" \/>\n\t<\/colgroup>\n<tbody>\n<tr height=\"25\" style=\"height:18.75pt\">\n<td height=\"25\" style=\"border:none; height:18.75pt; width:65pt; padding-top:1px; padding-right:1px; padding-left:1px; vertical-align:bottom; white-space:nowrap\" width=\"86\"><span style=\"font-size:11pt\"><span style=\"color:black\"><span style=\"font-weight:400\"><span style=\"font-style:normal\"><span style=\"text-decoration:none\"><span style=\"font-family:Calibri,sans-serif\">Yumurta Saklama kab\u0131 sa\u011fl\u0131\u011fa zararl\u0131 madde i&ccedil;ermez.<br \/>\n\t\t\tDolaptan &ccedil;\u0131karmadan kullan\u0131m.<br \/>\n\t\t\tKapa\u011f\u0131 a&ccedil;madan siz yumurtay\u0131 ald\u0131k&ccedil;a &ouml;n tarafa otomatik kayarak gelir.<br \/>\n\t\t\tHer boy Yumurtaya uygundur.<br \/>\n\t\t\t&Uuml;st &uuml;ste katl\u0131 kullan\u0131ma uygundur.<br \/>\n\t\t\tKayd\u0131rmaz Ayakl\u0131, Kilitlenebilir Kapak.<br \/>\n\t\t\tElde veya bula\u015f\u0131k makinesinde kolayca temizlenebilir.<br \/>\n\t\t\t&Uuml;r&uuml;n Boyutlar\u0131: 1 Adeti 26 x 23 x 6,8 cm&rsquo;dir.<br \/>\n\t\t\tPaket \u0130&ccedil;eri\u011fi: 1 Adet Rampal\u0131 Otomatik Kayd\u0131rma 15 G&ouml;zl&uuml; Yumurta Saklama Kab\u0131<br \/>\n\t\t\t( Yumurta Organizeri Kilitlenebilir Kapakl\u0131 15 B&ouml;lmeli Kayar Saklama Kutusu )<\/span><\/span><\/span><\/span><\/span><\/span><\/td>\n<\/tr>\n<tr>\n<td height=\"25\" style=\"border:none; height:18.75pt; width:65pt; padding-top:1px; padding-right:1px; padding-left:1px; vertical-align:bottom; white-space:nowrap\" width=\"86\">&nbsp;<\/td>\n<\/tr>\n<\/tbody>\n<\/table>\n","protected":false},"excerpt":{"rendered":"<p>Yumurta Saklama Kab\u0131 15 G\u00f6zl\u00fc Kapakl\u0131 Otomatik Kayar Rampal\u0131 Yumurtal\u0131k<\/p>\n","protected":false},"featured_media":80487,"comment_status":"open","ping_status":"closed","template":"","meta":{"_kad_post_transparent":"","_kad_post_title":"","_kad_post_layout":"","_kad_post_sidebar_id":"","_kad_post_content_style":"","_kad_post_vertical_padding":"","_kad_post_feature":"","_kad_post_feature_position":"","_kad_post_header":false,"_kad_post_footer":false,"_kad_post_classname":""},"product_brand":[],"product_cat":[557,602,558],"product_tag":[],"class_list":{"0":"post-80488","1":"product","2":"type-product","3":"status-publish","4":"has-post-thumbnail","6":"product_cat-ev-yasam","7":"product_cat-mutfak-saklama-duzenleme","8":"product_cat-sofra-mutfak-2","10":"first","11":"instock","12":"shipping-taxable","13":"purchasable","14":"product-type-simple","15":"entry","16":"content-bg","17":"loop-entry"},"_links":{"self":[{"href":"https:\/\/www.hediyepazar.com\/index.php?rest_route=\/wp\/v2\/product\/80488","targetHints":{"allow":["GET"]}}],"collection":[{"href":"https:\/\/www.hediyepazar.com\/index.php?rest_route=\/wp\/v2\/product"}],"about":[{"href":"https:\/\/www.hediyepazar.com\/index.php?rest_route=\/wp\/v2\/types\/product"}],"replies":[{"embeddable":true,"href":"https:\/\/www.hediyepazar.com\/index.php?rest_route=%2Fwp%2Fv2%2Fcomments&post=80488"}],"wp:featuredmedia":[{"embeddable":true,"href":"https:\/\/www.hediyepazar.com\/index.php?rest_route=\/wp\/v2\/media\/80487"}],"wp:attachment":[{"href":"https:\/\/www.hediyepazar.com\/index.php?rest_route=%2Fwp%2Fv2%2Fmedia&parent=80488"}],"wp:term":[{"taxonomy":"product_brand","embeddable":true,"href":"https:\/\/www.hediyepazar.com\/index.php?rest_route=%2Fwp%2Fv2%2Fproduct_brand&post=80488"},{"taxonomy":"product_cat","embeddable":true,"href":"https:\/\/www.hediyepazar.com\/index.php?rest_route=%2Fwp%2Fv2%2Fproduct_cat&post=80488"},{"taxonomy":"product_tag","embeddable":true,"href":"https:\/\/www.hediyepazar.com\/index.php?rest_route=%2Fwp%2Fv2%2Fproduct_tag&post=80488"}],"curies":[{"name":"wp","href":"https:\/\/api.w.org\/{rel}","templated":true}]}}