{"id":80526,"date":"2026-04-30T03:03:43","date_gmt":"2026-04-30T06:03:43","guid":{"rendered":"https:\/\/www.hediyepazar.com\/?product=3-lu-mesir-macunu-glikozsuz-3x5-adet-cubuk-315-gr"},"modified":"2026-04-30T03:03:43","modified_gmt":"2026-04-30T06:03:43","slug":"3-lu-mesir-macunu-glikozsuz-3x5-adet-cubuk-315-gr","status":"publish","type":"product","link":"https:\/\/www.hediyepazar.com\/?product=3-lu-mesir-macunu-glikozsuz-3x5-adet-cubuk-315-gr","title":{"rendered":"3 &#8216;l\u00fc Mesir Macunu Glikozsuz 3&#215;5 Adet \u00c7ubuk 315 gr"},"content":{"rendered":"<p>3 &#39;l&uuml; Mesir Macunu Glikozsuz 3&#215;5 Adet &Ccedil;ubuk 315 gr<\/p>\n<table style=\"border-collapse:collapse; width:143pt; border:none\" width=\"190\">\n<tbody>\n<tr height=\"17\" style=\"height:12.75pt\">\n<td class=\"xl63\" height=\"17\" style=\"border:none; height:12.75pt; width:143pt; padding-top:1px; padding-right:1px; padding-left:1px; vertical-align:bottom; white-space:nowrap\" width=\"190\">\n\t\t\t<span style=\"font-size:10pt\"><span style=\"color:black\"><span style=\"font-family:Calibri,sans-serif\"><span style=\"font-weight:400\"><span style=\"font-style:normal\"><span style=\"text-decoration:none\">Her bir paket Mesir macunu klasik 5&rsquo;li &ccedil;ubuk, 41 &ccedil;e\u015fit baharat\u0131n<br \/>\n\t\t\tdo\u011fal pancar \u015fekeri ile kar\u0131lmas\u0131 ile imal edilir, glikoz yoktur.<\/span><\/span><\/span><\/span><\/span><\/span><\/td>\n<\/tr>\n<\/tbody>\n<\/table>\n","protected":false},"excerpt":{"rendered":"<p>3 &#8216;l\u00fc Mesir Macunu Glikozsuz 3&#215;5 Adet \u00c7ubuk 315 gr<\/p>\n","protected":false},"featured_media":80525,"comment_status":"open","ping_status":"closed","template":"","meta":{"_kad_post_transparent":"","_kad_post_title":"","_kad_post_layout":"","_kad_post_sidebar_id":"","_kad_post_content_style":"","_kad_post_vertical_padding":"","_kad_post_feature":"","_kad_post_feature_position":"","_kad_post_header":false,"_kad_post_footer":false,"_kad_post_classname":""},"product_brand":[],"product_cat":[629,625],"product_tag":[],"class_list":{"0":"post-80526","1":"product","2":"type-product","3":"status-publish","4":"has-post-thumbnail","6":"product_cat-aktar-urunleri","7":"product_cat-bitkisel-organik","9":"first","10":"instock","11":"shipping-taxable","12":"purchasable","13":"product-type-simple","14":"entry","15":"content-bg","16":"loop-entry"},"_links":{"self":[{"href":"https:\/\/www.hediyepazar.com\/index.php?rest_route=\/wp\/v2\/product\/80526","targetHints":{"allow":["GET"]}}],"collection":[{"href":"https:\/\/www.hediyepazar.com\/index.php?rest_route=\/wp\/v2\/product"}],"about":[{"href":"https:\/\/www.hediyepazar.com\/index.php?rest_route=\/wp\/v2\/types\/product"}],"replies":[{"embeddable":true,"href":"https:\/\/www.hediyepazar.com\/index.php?rest_route=%2Fwp%2Fv2%2Fcomments&post=80526"}],"wp:featuredmedia":[{"embeddable":true,"href":"https:\/\/www.hediyepazar.com\/index.php?rest_route=\/wp\/v2\/media\/80525"}],"wp:attachment":[{"href":"https:\/\/www.hediyepazar.com\/index.php?rest_route=%2Fwp%2Fv2%2Fmedia&parent=80526"}],"wp:term":[{"taxonomy":"product_brand","embeddable":true,"href":"https:\/\/www.hediyepazar.com\/index.php?rest_route=%2Fwp%2Fv2%2Fproduct_brand&post=80526"},{"taxonomy":"product_cat","embeddable":true,"href":"https:\/\/www.hediyepazar.com\/index.php?rest_route=%2Fwp%2Fv2%2Fproduct_cat&post=80526"},{"taxonomy":"product_tag","embeddable":true,"href":"https:\/\/www.hediyepazar.com\/index.php?rest_route=%2Fwp%2Fv2%2Fproduct_tag&post=80526"}],"curies":[{"name":"wp","href":"https:\/\/api.w.org\/{rel}","templated":true}]}}