{"id":80536,"date":"2026-04-30T03:04:47","date_gmt":"2026-04-30T06:04:47","guid":{"rendered":"https:\/\/www.hediyepazar.com\/?product=askili-dolap-ici-cop-kovasi-55-lt"},"modified":"2026-04-30T03:04:47","modified_gmt":"2026-04-30T06:04:47","slug":"askili-dolap-ici-cop-kovasi-55-lt","status":"publish","type":"product","link":"https:\/\/www.hediyepazar.com\/?product=askili-dolap-ici-cop-kovasi-55-lt","title":{"rendered":"Ask\u0131l\u0131 Dolap \u0130\u00e7i \u00c7\u00f6p Kovas\u0131 5,5 Lt"},"content":{"rendered":"<p>Ask\u0131l\u0131 Dolap \u0130&ccedil;i &Ccedil;&ouml;p Kovas\u0131 5,5 Lt<br \/>\n<span style=\"font-size:11pt\"><span style=\"line-height:107%\"><span style=\"font-family:Calibri,sans-serif\"><span style=\"font-size:10.5pt\"><span style=\"background:white\"><span style=\"line-height:107%\"><span source_sans_proregular=\"\" style=\"font-family:\"><span style=\"color:#666666\">Banyonuzda veya mutfa\u011f\u0131n\u0131zda, elinizin alt\u0131nda bulunmas\u0131 gereken \u015f\u0131k ve pratik yard\u0131mc\u0131n\u0131z. <\/span><\/span><\/span><\/span><\/span><\/span><\/span><\/span><br \/>\n<span style=\"font-size:11pt\"><span style=\"line-height:107%\"><span style=\"font-family:Calibri,sans-serif\"><span style=\"font-size:10.5pt\"><span style=\"background:white\"><span style=\"line-height:107%\"><span source_sans_proregular=\"\" style=\"font-family:\"><span style=\"color:#666666\">Kolayca dolap kapa\u011f\u0131n\u0131za tak\u0131labilir, herhangi bir yap\u0131\u015ft\u0131r\u0131c\u0131 veya matkaba gerek kalmadan <\/span><\/span><\/span><\/span><\/span><\/span><\/span><\/span><br \/>\n<span style=\"font-size:11pt\"><span style=\"line-height:107%\"><span style=\"font-family:Calibri,sans-serif\"><span style=\"font-size:10.5pt\"><span style=\"background:white\"><span style=\"line-height:107%\"><span source_sans_proregular=\"\" style=\"font-family:\"><span style=\"color:#666666\">&ccedil;ok h\u0131zl\u0131 bir \u015fekilde kullanmaya ba\u015flayabilirsiniz. <\/span><\/span><\/span><\/span><\/span><\/span><\/span><\/span><br \/>\n<span style=\"font-size:11pt\"><span style=\"line-height:107%\"><span style=\"font-family:Calibri,sans-serif\"><span style=\"font-size:10.5pt\"><span style=\"background:white\"><span style=\"line-height:107%\"><span source_sans_proregular=\"\" style=\"font-family:\"><span style=\"color:#666666\">Banyo ve mutfa\u011f\u0131n\u0131zda &ccedil;ok ama&ccedil;l\u0131 olarak kullan\u0131m sa\u011flayabilirsiniz. <\/span><\/span><\/span><\/span><\/span><\/span><\/span><\/span><br \/>\n<span style=\"font-size:11pt\"><span style=\"line-height:107%\"><span style=\"font-family:Calibri,sans-serif\"><span style=\"font-size:10.5pt\"><span style=\"background:white\"><span style=\"line-height:107%\"><span source_sans_proregular=\"\" style=\"font-family:\"><span style=\"color:#666666\">Dilerseniz ask\u0131 aparat\u0131 ile dolap kapa\u011f\u0131n\u0131za takabilir dilerseniz tezgah &uuml;st&uuml;ne koyabilirsiniz. <\/span><\/span><\/span><\/span><\/span><\/span><\/span><\/span><br \/>\n<span style=\"font-size:11pt\"><span style=\"line-height:107%\"><span style=\"font-family:Calibri,sans-serif\"><span style=\"font-size:10.5pt\"><span style=\"background:white\"><span style=\"line-height:107%\"><span source_sans_proregular=\"\" style=\"font-family:\"><span style=\"color:#666666\">Modern tasar\u0131m\u0131 ile evinize, i\u015fyerinize stil kat\u0131n. <\/span><\/span><\/span><\/span><\/span><\/span><\/span><\/span><br \/>\n<span style=\"font-size:11pt\"><span style=\"line-height:107%\"><span style=\"font-family:Calibri,sans-serif\"><span style=\"font-size:10.5pt\"><span style=\"background:white\"><span style=\"line-height:107%\"><span source_sans_proregular=\"\" style=\"font-family:\"><span style=\"color:#666666\">Dayan\u0131kl\u0131 sert plastikten imal edilmi\u015ftir. <\/span><\/span><\/span><\/span><\/span><\/span><\/span><\/span><br \/>\n<span style=\"font-size:11pt\"><span style=\"line-height:107%\"><span style=\"font-family:Calibri,sans-serif\"><span style=\"font-size:10.5pt\"><span style=\"background:white\"><span style=\"line-height:107%\"><span source_sans_proregular=\"\" style=\"font-family:\"><span style=\"color:#666666\">&Ccedil;ift Kapakl\u0131 olmas\u0131 sayesinde &ccedil;ok kolay ve pratik bir kullan\u0131m sa\u011flamaktad\u0131r.<\/span><\/span><\/span><\/span><\/span><\/span><\/span><\/span><br \/>\n<span style=\"font-size:11pt\"><span style=\"line-height:107%\"><span style=\"font-family:Calibri,sans-serif\"><span style=\"font-size:10.5pt\"><span style=\"background:white\"><span style=\"line-height:107%\"><span source_sans_proregular=\"\" style=\"font-family:\"><span style=\"color:#666666\">&Uuml;r&uuml;n &Ouml;l&ccedil;&uuml;leri : <\/span><\/span><\/span><\/span><\/span><\/span><\/span><\/span><br \/>\n<span style=\"font-size:11pt\"><span style=\"line-height:107%\"><span style=\"font-family:Calibri,sans-serif\"><span style=\"font-size:10.5pt\"><span style=\"background:white\"><span style=\"line-height:107%\"><span source_sans_proregular=\"\" style=\"font-family:\"><span style=\"color:#666666\">En:15Cm x Boy: 21Cm x Y&uuml;kseklik: 26Cm <\/span><\/span><\/span><\/span><\/span><\/span><\/span><\/span><br \/>\n<span style=\"font-size:11pt\"><span style=\"line-height:107%\"><span style=\"font-family:Calibri,sans-serif\"><span style=\"font-size:10.5pt\"><span style=\"background:white\"><span style=\"line-height:107%\"><span source_sans_proregular=\"\" style=\"font-family:\"><span style=\"color:#666666\">Ask\u0131 Aparat\u0131 ile birlikte Y&uuml;kseklik: 37,5Cm olmaktad\u0131r.<\/span><\/span><\/span><\/span><\/span><\/span><\/span><\/span><br \/>\n<span style=\"font-size:11pt\"><span style=\"line-height:107%\"><span style=\"font-family:Calibri,sans-serif\"><span style=\"font-size:10.5pt\"><span style=\"background:white\"><span style=\"line-height:107%\"><span source_sans_proregular=\"\" style=\"font-family:\"><span style=\"color:#666666\">Paket \u0130&ccedil;eri\u011fi : 1 Adet Ask\u0131l\u0131 &Ccedil;&ouml;p Kovas\u0131 5,5 Litre<\/span><\/span><\/span><\/span><\/span><\/span><\/span><\/span><\/p>\n<p>&nbsp;<\/p>\n","protected":false},"excerpt":{"rendered":"<p>Ask\u0131l\u0131 Dolap \u0130\u00e7i \u00c7\u00f6p Kovas\u0131 5,5 Lt<\/p>\n","protected":false},"featured_media":80535,"comment_status":"open","ping_status":"closed","template":"","meta":{"_kad_post_transparent":"","_kad_post_title":"","_kad_post_layout":"","_kad_post_sidebar_id":"","_kad_post_content_style":"","_kad_post_vertical_padding":"","_kad_post_feature":"","_kad_post_feature_position":"","_kad_post_header":false,"_kad_post_footer":false,"_kad_post_classname":""},"product_brand":[],"product_cat":[571,570,605],"product_tag":[],"class_list":{"0":"post-80536","1":"product","2":"type-product","3":"status-publish","4":"has-post-thumbnail","6":"product_cat-ev-temizlik","7":"product_cat-supermarket","8":"product_cat-temizlik-gerecleri","10":"first","11":"instock","12":"shipping-taxable","13":"purchasable","14":"product-type-simple","15":"entry","16":"content-bg","17":"loop-entry"},"_links":{"self":[{"href":"https:\/\/www.hediyepazar.com\/index.php?rest_route=\/wp\/v2\/product\/80536","targetHints":{"allow":["GET"]}}],"collection":[{"href":"https:\/\/www.hediyepazar.com\/index.php?rest_route=\/wp\/v2\/product"}],"about":[{"href":"https:\/\/www.hediyepazar.com\/index.php?rest_route=\/wp\/v2\/types\/product"}],"replies":[{"embeddable":true,"href":"https:\/\/www.hediyepazar.com\/index.php?rest_route=%2Fwp%2Fv2%2Fcomments&post=80536"}],"wp:featuredmedia":[{"embeddable":true,"href":"https:\/\/www.hediyepazar.com\/index.php?rest_route=\/wp\/v2\/media\/80535"}],"wp:attachment":[{"href":"https:\/\/www.hediyepazar.com\/index.php?rest_route=%2Fwp%2Fv2%2Fmedia&parent=80536"}],"wp:term":[{"taxonomy":"product_brand","embeddable":true,"href":"https:\/\/www.hediyepazar.com\/index.php?rest_route=%2Fwp%2Fv2%2Fproduct_brand&post=80536"},{"taxonomy":"product_cat","embeddable":true,"href":"https:\/\/www.hediyepazar.com\/index.php?rest_route=%2Fwp%2Fv2%2Fproduct_cat&post=80536"},{"taxonomy":"product_tag","embeddable":true,"href":"https:\/\/www.hediyepazar.com\/index.php?rest_route=%2Fwp%2Fv2%2Fproduct_tag&post=80536"}],"curies":[{"name":"wp","href":"https:\/\/api.w.org\/{rel}","templated":true}]}}