{"id":80538,"date":"2026-04-30T03:04:57","date_gmt":"2026-04-30T06:04:57","guid":{"rendered":"https:\/\/www.hediyepazar.com\/?product=sivi-sabun-deterjan-hazneli-bulasik-temizlik-fircasi"},"modified":"2026-04-30T03:04:57","modified_gmt":"2026-04-30T06:04:57","slug":"sivi-sabun-deterjan-hazneli-bulasik-temizlik-fircasi","status":"publish","type":"product","link":"https:\/\/www.hediyepazar.com\/?product=sivi-sabun-deterjan-hazneli-bulasik-temizlik-fircasi","title":{"rendered":"S\u0131v\u0131 Sabun Deterjan Hazneli Bula\u015f\u0131k Temizlik F\u0131r\u00e7as\u0131"},"content":{"rendered":"<table style=\"border-collapse:collapse; width:65pt; border:none\" width=\"86\">\n<colgroup>\n<col style=\"width:65pt\" width=\"86\" \/>\n\t<\/colgroup>\n<tbody>\n<tr height=\"25\" style=\"height:18.75pt\">\n<td height=\"25\" style=\"border:none; height:18.75pt; width:65pt; padding-top:1px; padding-right:1px; padding-left:1px; vertical-align:bottom; white-space:nowrap\" width=\"86\"><span style=\"font-size:11pt\"><span style=\"color:black\"><span style=\"font-weight:400\"><span style=\"font-style:normal\"><span style=\"text-decoration:none\"><span style=\"font-family:Calibri,sans-serif\">S\u0131v\u0131 Sabun Deterjan Hazneli Bula\u015f\u0131k Temizlik F\u0131r&ccedil;as\u0131<br \/>\n\t\t\tDeterjan Hazneli Bula\u015f\u0131k F\u0131r&ccedil;as\u0131 Pratik Ev Aleti Bula\u015f\u0131k F\u0131r&ccedil;as\u0131 Kar\u0131\u015f\u0131k Renk G&ouml;nderim Yap\u0131lmaktad\u0131r<br \/>\n\t\t\tDeterjan Hazneli Kullan\u0131\u015fl\u0131 Bula\u015f\u0131k F\u0131r&ccedil;as\u0131 Butonlu Pratik Kullan\u0131m<br \/>\n\t\t\t&Uuml;r&uuml;n &ouml;l&ccedil;&uuml;leri: 27x11x9<br \/>\n\t\t\t&uuml;r&uuml;n malzemesi:<br \/>\n\t\t\tPlastik<br \/>\n\t\t\tBpa i&ccedil;ermez<\/span><\/span><\/span><\/span><\/span><\/span><\/td>\n<\/tr>\n<\/tbody>\n<\/table>\n","protected":false},"excerpt":{"rendered":"<p>S\u0131v\u0131 Sabun Deterjan Hazneli Bula\u015f\u0131k Temizlik F\u0131r\u00e7as\u0131<\/p>\n","protected":false},"featured_media":80537,"comment_status":"open","ping_status":"closed","template":"","meta":{"_kad_post_transparent":"","_kad_post_title":"","_kad_post_layout":"","_kad_post_sidebar_id":"","_kad_post_content_style":"","_kad_post_vertical_padding":"","_kad_post_feature":"","_kad_post_feature_position":"","_kad_post_header":false,"_kad_post_footer":false,"_kad_post_classname":""},"product_brand":[],"product_cat":[571,570,605],"product_tag":[],"class_list":{"0":"post-80538","1":"product","2":"type-product","3":"status-publish","4":"has-post-thumbnail","6":"product_cat-ev-temizlik","7":"product_cat-supermarket","8":"product_cat-temizlik-gerecleri","10":"first","11":"instock","12":"shipping-taxable","13":"purchasable","14":"product-type-simple","15":"entry","16":"content-bg","17":"loop-entry"},"_links":{"self":[{"href":"https:\/\/www.hediyepazar.com\/index.php?rest_route=\/wp\/v2\/product\/80538","targetHints":{"allow":["GET"]}}],"collection":[{"href":"https:\/\/www.hediyepazar.com\/index.php?rest_route=\/wp\/v2\/product"}],"about":[{"href":"https:\/\/www.hediyepazar.com\/index.php?rest_route=\/wp\/v2\/types\/product"}],"replies":[{"embeddable":true,"href":"https:\/\/www.hediyepazar.com\/index.php?rest_route=%2Fwp%2Fv2%2Fcomments&post=80538"}],"wp:featuredmedia":[{"embeddable":true,"href":"https:\/\/www.hediyepazar.com\/index.php?rest_route=\/wp\/v2\/media\/80537"}],"wp:attachment":[{"href":"https:\/\/www.hediyepazar.com\/index.php?rest_route=%2Fwp%2Fv2%2Fmedia&parent=80538"}],"wp:term":[{"taxonomy":"product_brand","embeddable":true,"href":"https:\/\/www.hediyepazar.com\/index.php?rest_route=%2Fwp%2Fv2%2Fproduct_brand&post=80538"},{"taxonomy":"product_cat","embeddable":true,"href":"https:\/\/www.hediyepazar.com\/index.php?rest_route=%2Fwp%2Fv2%2Fproduct_cat&post=80538"},{"taxonomy":"product_tag","embeddable":true,"href":"https:\/\/www.hediyepazar.com\/index.php?rest_route=%2Fwp%2Fv2%2Fproduct_tag&post=80538"}],"curies":[{"name":"wp","href":"https:\/\/api.w.org\/{rel}","templated":true}]}}