{"id":80540,"date":"2026-04-30T03:05:04","date_gmt":"2026-04-30T06:05:04","guid":{"rendered":"https:\/\/www.hediyepazar.com\/?product=cift-baslikli-ahsap-sapli-pizza-kesici-hamur-kesici"},"modified":"2026-04-30T03:05:04","modified_gmt":"2026-04-30T06:05:04","slug":"cift-baslikli-ahsap-sapli-pizza-kesici-hamur-kesici","status":"publish","type":"product","link":"https:\/\/www.hediyepazar.com\/?product=cift-baslikli-ahsap-sapli-pizza-kesici-hamur-kesici","title":{"rendered":"\u00c7ift Ba\u015fl\u0131kl\u0131 Ah\u015fap Sapl\u0131 Pizza Kesici Hamur Kesici"},"content":{"rendered":"<table style=\"border-collapse:collapse; width:65pt; border:none\" width=\"86\">\n<colgroup>\n<col style=\"width:65pt\" width=\"86\" \/>\n\t<\/colgroup>\n<tbody>\n<tr height=\"25\" style=\"height:18.75pt\">\n<td height=\"25\" style=\"border:none; height:18.75pt; width:65pt; padding-top:1px; padding-right:1px; padding-left:1px; vertical-align:bottom; white-space:nowrap\" width=\"86\"><span style=\"font-size:11pt\"><span style=\"color:black\"><span style=\"font-weight:400\"><span style=\"font-style:normal\"><span style=\"text-decoration:none\"><span style=\"font-family:Calibri,sans-serif\">&Ccedil;ift Ba\u015fl\u0131kl\u0131 Ah\u015fap Sapl\u0131 Pizza Kesici Hamur Kesici<br \/>\n\t\t\t&Ccedil;\u0130ft Ba\u015fl\u0131 Metal Pizza Kesici ve Hamur Ruleti Pizza ,<br \/>\n\t\t\tTart vb lezzet haz\u0131rlarken el aletlerinden pizza kesici ve hamur ruleti ad\u0131 verilen,<br \/>\n\t\t\tiki k&uuml;&ccedil;&uuml;k el aletini kullan\u0131rs\u0131n\u0131z.<br \/>\n\t\t\tBu el aletleri, mutfaklar\u0131m\u0131zda olmazlarsa olmazlar\u0131ndand\u0131r.<br \/>\n\t\t\tHamur kesici veya hamur rulet\u0131 normal b\u0131&ccedil;aklardan daha seri ve hatas\u0131z keserler.<br \/>\n\t\t\t1.Pizza Kesici: Ah\u015fap yuva aras\u0131na yataklanm\u0131\u015f, kesici a\u011f\u0131zl\u0131, d&ouml;ner metal bir disk.<br \/>\n\t\t\tAlet sap\u0131ndan tutuldu\u011fu vakit, el kaymas\u0131n\u0131 &ouml;nlemek i&ccedil;in muhafazas\u0131 vard\u0131r.<br \/>\n\t\t\tAs\u0131l g&ouml;revi pizza kesmek olsa da, &ccedil;e\u015fitli b&ouml;rek, g&ouml;zleme, yufka kesimleri i&ccedil;in olduk&ccedil;a kullan\u0131\u015fl\u0131d\u0131r.<br \/>\n\t\t\t2.Hamur Ruleti: Yufkalar\u0131n\u0131z\u0131 kesme i\u015flemlerinde hi&ccedil; zorlanmazs\u0131n\u0131z.<br \/>\n\t\t\tBu hamur ruleti, hamur yufkay\u0131 tek hareketle keser ve birle\u015ftirir.<br \/>\n\t\t\t&Ouml;zellikle, yufkalar\u0131n birbiri &uuml;zerine katlanarak yap\u0131lan b&ouml;reklerde &ccedil;ok ba\u015far\u0131l\u0131d\u0131r.<br \/>\n\t\t\t&Ouml;rne\u011fin :&nbsp;&Ccedil;iy b&ouml;rek u&ccedil;lar\u0131n\u0131n d&uuml;zg&uuml;n \u015fekil i&ccedil;in kesimi ve birle\u015ftirilmesi.<br \/>\n\t\t\tAyr\u0131ca, &ccedil;ift yufka us&uuml;l&uuml; kullan\u0131larak yap\u0131lan mant\u0131lar\u0131n birle\u015ftirilmesi gibi.<br \/>\n\t\t\tBiz her iki &uuml;r&uuml;n&uuml; birle\u015ftirdik tek alete s\u0131\u011fd\u0131rd\u0131k.<br \/>\n\t\t\tAh\u015fap Yuvaya hamur kesici ve hamur rulet\u0131 yerle\u015ftirerek tek aletle 2 ayr\u0131 aletin yapt\u0131\u011f\u0131 i\u015fi yapabileceksiniz<br \/>\n\t\t\tMutfa\u011f\u0131n\u0131zda kolayl\u0131klar dile\u011fi ile.<br \/>\n\t\t\tPaket \u0130&ccedil;eri\u011fi : 1 Adet &Ccedil;\u0130ft Ba\u015fl\u0131 Metal Pizza Kesici ve Hamur Ruleti<\/span><\/span><\/span><\/span><\/span><\/span><\/td>\n<\/tr>\n<\/tbody>\n<\/table>\n","protected":false},"excerpt":{"rendered":"<p>\u00c7ift Ba\u015fl\u0131kl\u0131 Ah\u015fap Sapl\u0131 Pizza Kesici Hamur Kesici<\/p>\n","protected":false},"featured_media":80539,"comment_status":"open","ping_status":"closed","template":"","meta":{"_kad_post_transparent":"","_kad_post_title":"","_kad_post_layout":"","_kad_post_sidebar_id":"","_kad_post_content_style":"","_kad_post_vertical_padding":"","_kad_post_feature":"","_kad_post_feature_position":"","_kad_post_header":false,"_kad_post_footer":false,"_kad_post_classname":""},"product_brand":[],"product_cat":[557,558,560],"product_tag":[],"class_list":{"0":"post-80540","1":"product","2":"type-product","3":"status-publish","4":"has-post-thumbnail","6":"product_cat-ev-yasam","7":"product_cat-sofra-mutfak-2","8":"product_cat-yemek-hazirlik","10":"first","11":"instock","12":"shipping-taxable","13":"purchasable","14":"product-type-simple","15":"entry","16":"content-bg","17":"loop-entry"},"_links":{"self":[{"href":"https:\/\/www.hediyepazar.com\/index.php?rest_route=\/wp\/v2\/product\/80540","targetHints":{"allow":["GET"]}}],"collection":[{"href":"https:\/\/www.hediyepazar.com\/index.php?rest_route=\/wp\/v2\/product"}],"about":[{"href":"https:\/\/www.hediyepazar.com\/index.php?rest_route=\/wp\/v2\/types\/product"}],"replies":[{"embeddable":true,"href":"https:\/\/www.hediyepazar.com\/index.php?rest_route=%2Fwp%2Fv2%2Fcomments&post=80540"}],"wp:featuredmedia":[{"embeddable":true,"href":"https:\/\/www.hediyepazar.com\/index.php?rest_route=\/wp\/v2\/media\/80539"}],"wp:attachment":[{"href":"https:\/\/www.hediyepazar.com\/index.php?rest_route=%2Fwp%2Fv2%2Fmedia&parent=80540"}],"wp:term":[{"taxonomy":"product_brand","embeddable":true,"href":"https:\/\/www.hediyepazar.com\/index.php?rest_route=%2Fwp%2Fv2%2Fproduct_brand&post=80540"},{"taxonomy":"product_cat","embeddable":true,"href":"https:\/\/www.hediyepazar.com\/index.php?rest_route=%2Fwp%2Fv2%2Fproduct_cat&post=80540"},{"taxonomy":"product_tag","embeddable":true,"href":"https:\/\/www.hediyepazar.com\/index.php?rest_route=%2Fwp%2Fv2%2Fproduct_tag&post=80540"}],"curies":[{"name":"wp","href":"https:\/\/api.w.org\/{rel}","templated":true}]}}