{"id":80556,"date":"2026-04-30T03:05:48","date_gmt":"2026-04-30T06:05:48","guid":{"rendered":"https:\/\/www.hediyepazar.com\/?product=3lu-bakir-tava-sahan-seti"},"modified":"2026-04-30T03:05:48","modified_gmt":"2026-04-30T06:05:48","slug":"3lu-bakir-tava-sahan-seti","status":"publish","type":"product","link":"https:\/\/www.hediyepazar.com\/?product=3lu-bakir-tava-sahan-seti","title":{"rendered":"3&#8217;l\u00fc Bak\u0131r Tava Sahan Seti"},"content":{"rendered":"<table style=\"border-collapse:collapse; width:65pt; border:none\" width=\"86\">\n<colgroup>\n<col style=\"width:65pt\" width=\"86\" \/>\n\t<\/colgroup>\n<tbody>\n<tr height=\"25\" style=\"height:18.75pt\">\n<td height=\"25\" style=\"border:none; height:18.75pt; width:65pt; padding-top:1px; padding-right:1px; padding-left:1px; vertical-align:bottom; white-space:nowrap\" width=\"86\"><span style=\"font-size:11pt\"><span style=\"color:black\"><span style=\"font-weight:400\"><span style=\"font-style:normal\"><span style=\"text-decoration:none\"><span style=\"font-family:Calibri,sans-serif\">3&#39;l&uuml; Bak\u0131r Tava Sahan Seti<br \/>\n\t\t\tBak\u0131r 3&#39;l&uuml; tava set bak\u0131r tava tak\u0131m\u0131 bak\u0131r yumurtal\u0131k seti<br \/>\n\t\t\tBak\u0131r sahan set 3&#39;l&uuml; 14-16-18 cm &ccedil;ap\u0131nda bak\u0131r tavalardan olu\u015fmaktad\u0131r.<br \/>\n\t\t\tBak\u0131r malzemeden imal edilmi\u015f<br \/>\n\t\t\t&Uuml;r&uuml;n&uuml;n i&ccedil; k\u0131sm\u0131 kalaylanm\u0131\u015ft\u0131r.<br \/>\n\t\t\tLezzetli pi\u015firimler yapmak i&ccedil;in tavsiye edilir.<br \/>\n\t\t\t3 par&ccedil;a set halinde sat\u0131l\u0131r.<\/span><\/span><\/span><\/span><\/span><\/span><\/td>\n<\/tr>\n<\/tbody>\n<\/table>\n","protected":false},"excerpt":{"rendered":"<p>3&#8217;l\u00fc Bak\u0131r Tava Sahan Seti<\/p>\n","protected":false},"featured_media":80555,"comment_status":"open","ping_status":"closed","template":"","meta":{"_kad_post_transparent":"","_kad_post_title":"","_kad_post_layout":"","_kad_post_sidebar_id":"","_kad_post_content_style":"","_kad_post_vertical_padding":"","_kad_post_feature":"","_kad_post_feature_position":"","_kad_post_header":false,"_kad_post_footer":false,"_kad_post_classname":""},"product_brand":[],"product_cat":[557,653,558],"product_tag":[],"class_list":{"0":"post-80556","1":"product","2":"type-product","3":"status-publish","4":"has-post-thumbnail","6":"product_cat-ev-yasam","7":"product_cat-pisirme","8":"product_cat-sofra-mutfak-2","10":"first","11":"instock","12":"shipping-taxable","13":"purchasable","14":"product-type-simple","15":"entry","16":"content-bg","17":"loop-entry"},"_links":{"self":[{"href":"https:\/\/www.hediyepazar.com\/index.php?rest_route=\/wp\/v2\/product\/80556","targetHints":{"allow":["GET"]}}],"collection":[{"href":"https:\/\/www.hediyepazar.com\/index.php?rest_route=\/wp\/v2\/product"}],"about":[{"href":"https:\/\/www.hediyepazar.com\/index.php?rest_route=\/wp\/v2\/types\/product"}],"replies":[{"embeddable":true,"href":"https:\/\/www.hediyepazar.com\/index.php?rest_route=%2Fwp%2Fv2%2Fcomments&post=80556"}],"wp:featuredmedia":[{"embeddable":true,"href":"https:\/\/www.hediyepazar.com\/index.php?rest_route=\/wp\/v2\/media\/80555"}],"wp:attachment":[{"href":"https:\/\/www.hediyepazar.com\/index.php?rest_route=%2Fwp%2Fv2%2Fmedia&parent=80556"}],"wp:term":[{"taxonomy":"product_brand","embeddable":true,"href":"https:\/\/www.hediyepazar.com\/index.php?rest_route=%2Fwp%2Fv2%2Fproduct_brand&post=80556"},{"taxonomy":"product_cat","embeddable":true,"href":"https:\/\/www.hediyepazar.com\/index.php?rest_route=%2Fwp%2Fv2%2Fproduct_cat&post=80556"},{"taxonomy":"product_tag","embeddable":true,"href":"https:\/\/www.hediyepazar.com\/index.php?rest_route=%2Fwp%2Fv2%2Fproduct_tag&post=80556"}],"curies":[{"name":"wp","href":"https:\/\/api.w.org\/{rel}","templated":true}]}}