{"id":80576,"date":"2026-04-30T03:07:21","date_gmt":"2026-04-30T06:07:21","guid":{"rendered":"https:\/\/www.hediyepazar.com\/?product=15-adet-metal-cit-cit-toka-5-cm"},"modified":"2026-04-30T03:07:21","modified_gmt":"2026-04-30T06:07:21","slug":"15-adet-metal-cit-cit-toka-5-cm","status":"publish","type":"product","link":"https:\/\/www.hediyepazar.com\/?product=15-adet-metal-cit-cit-toka-5-cm","title":{"rendered":"15 Adet Metal \u00c7\u0131t \u00c7\u0131t Toka 5 cm"},"content":{"rendered":"<table style=\"border-collapse:collapse; width:89pt; border:none\" width=\"118\">\n<colgroup>\n<col style=\"width:89pt\" width=\"118\" \/>\n\t<\/colgroup>\n<tbody>\n<tr height=\"20\" style=\"height:15.0pt\">\n<td height=\"20\" style=\"border:none; height:15.0pt; width:89pt; padding-top:1px; padding-right:1px; padding-left:1px; vertical-align:bottom; white-space:nowrap\" width=\"118\"><span style=\"font-size:11pt\"><span style=\"color:black\"><span style=\"font-weight:400\"><span style=\"font-style:normal\"><span style=\"text-decoration:none\"><span style=\"font-family:Calibri,sans-serif\">Metal &Ccedil;\u0131t &Ccedil;\u0131t Toka 5 cm<br \/>\n\t\t\t&Uuml;r&uuml;n &ouml;l&ccedil;&uuml;s&uuml;:50 mm<br \/>\n\t\t\t&uuml;r&uuml;n kal\u0131nl\u0131\u011f\u0131:0.30 mm<br \/>\n\t\t\t&uuml;r&uuml;n rengi:Nikel kaplama<br \/>\n\t\t\t&uuml;r&uuml;n hammaddesi:Sac malzeme<br \/>\n\t\t\tPaket i&ccedil;eri\u011fi:15 Adet Metal &Ccedil;\u0131t &Ccedil;\u0131t Toka 5 cm<\/span><\/span><\/span><\/span><\/span><\/span><\/td>\n<\/tr>\n<\/tbody>\n<\/table>\n","protected":false},"excerpt":{"rendered":"<p>15 Adet Metal \u00c7\u0131t \u00c7\u0131t Toka 5 cm<\/p>\n","protected":false},"featured_media":80575,"comment_status":"open","ping_status":"closed","template":"","meta":{"_kad_post_transparent":"","_kad_post_title":"","_kad_post_layout":"","_kad_post_sidebar_id":"","_kad_post_content_style":"","_kad_post_vertical_padding":"","_kad_post_feature":"","_kad_post_feature_position":"","_kad_post_header":false,"_kad_post_footer":false,"_kad_post_classname":""},"product_brand":[],"product_cat":[545,537,588],"product_tag":[],"class_list":{"0":"post-80576","1":"product","2":"type-product","3":"status-publish","4":"has-post-thumbnail","6":"product_cat-aksesuar","7":"product_cat-kadin","8":"product_cat-tac-sac-bandi-toka","10":"first","11":"instock","12":"shipping-taxable","13":"purchasable","14":"product-type-simple","15":"entry","16":"content-bg","17":"loop-entry"},"_links":{"self":[{"href":"https:\/\/www.hediyepazar.com\/index.php?rest_route=\/wp\/v2\/product\/80576","targetHints":{"allow":["GET"]}}],"collection":[{"href":"https:\/\/www.hediyepazar.com\/index.php?rest_route=\/wp\/v2\/product"}],"about":[{"href":"https:\/\/www.hediyepazar.com\/index.php?rest_route=\/wp\/v2\/types\/product"}],"replies":[{"embeddable":true,"href":"https:\/\/www.hediyepazar.com\/index.php?rest_route=%2Fwp%2Fv2%2Fcomments&post=80576"}],"wp:featuredmedia":[{"embeddable":true,"href":"https:\/\/www.hediyepazar.com\/index.php?rest_route=\/wp\/v2\/media\/80575"}],"wp:attachment":[{"href":"https:\/\/www.hediyepazar.com\/index.php?rest_route=%2Fwp%2Fv2%2Fmedia&parent=80576"}],"wp:term":[{"taxonomy":"product_brand","embeddable":true,"href":"https:\/\/www.hediyepazar.com\/index.php?rest_route=%2Fwp%2Fv2%2Fproduct_brand&post=80576"},{"taxonomy":"product_cat","embeddable":true,"href":"https:\/\/www.hediyepazar.com\/index.php?rest_route=%2Fwp%2Fv2%2Fproduct_cat&post=80576"},{"taxonomy":"product_tag","embeddable":true,"href":"https:\/\/www.hediyepazar.com\/index.php?rest_route=%2Fwp%2Fv2%2Fproduct_tag&post=80576"}],"curies":[{"name":"wp","href":"https:\/\/api.w.org\/{rel}","templated":true}]}}