{"id":80586,"date":"2026-04-30T03:08:07","date_gmt":"2026-04-30T06:08:07","guid":{"rendered":"https:\/\/www.hediyepazar.com\/?product=2-adet-kokulu-parfumlu-buhar-nemlendirici-kalorifer-petek-sulugu"},"modified":"2026-04-30T03:08:07","modified_gmt":"2026-04-30T06:08:07","slug":"2-adet-kokulu-parfumlu-buhar-nemlendirici-kalorifer-petek-sulugu","status":"publish","type":"product","link":"https:\/\/www.hediyepazar.com\/?product=2-adet-kokulu-parfumlu-buhar-nemlendirici-kalorifer-petek-sulugu","title":{"rendered":"2 Adet Kokulu Parf\u00fcml\u00fc Buhar Nemlendirici Kalorifer Petek Sulu\u011fu"},"content":{"rendered":"<table style=\"border-collapse:collapse; width:65pt; border:none\" width=\"86\">\n<colgroup>\n<col style=\"width:65pt\" width=\"86\" \/>\n\t<\/colgroup>\n<tbody>\n<tr height=\"25\" style=\"height:18.75pt\">\n<td height=\"25\" style=\"border:none; height:18.75pt; width:65pt; padding-top:1px; padding-right:1px; padding-left:1px; vertical-align:bottom; white-space:nowrap\" width=\"86\"><span style=\"font-size:11pt\"><span style=\"color:black\"><span style=\"font-weight:400\"><span style=\"font-style:normal\"><span style=\"text-decoration:none\"><span style=\"font-family:Calibri,sans-serif\">2 Adet Kokulu Parf&uuml;ml&uuml; Buhar Nemlendirici Kalorifer Petek Sulu\u011fu<br \/>\n\t\t\tEvlerimizde, i\u015f yerlerimizde \u0131s\u0131nmak i&ccedil;in kulland\u0131\u011f\u0131m\u0131z kalorifer petekleri,<br \/>\n\t\t\tbulunduklar\u0131 ortam\u0131 kolay bir \u015fekilde \u0131s\u0131t\u0131rken<br \/>\n\t\t\tayn\u0131 zaman da bulunduklar\u0131 ortamdaki havay\u0131 da kuruturlar.<br \/>\n\t\t\tHavan\u0131n kurumas\u0131 &ccedil;e\u015fitli rahats\u0131zl\u0131klara neden olabilir.<br \/>\n\t\t\tBu y&uuml;zden odan\u0131n nemini koruman\u0131z gerekmektedir.<br \/>\n\t\t\tPetek Sulu\u011fu, peteklerin havay\u0131 kurutmas\u0131n\u0131n &ouml;n&uuml;ne ge&ccedil;ip<br \/>\n\t\t\tayn\u0131 zamanda odadaki nem miktar\u0131n\u0131 da koruman\u0131za yard\u0131mc\u0131 olurken<br \/>\n\t\t\ti&ccedil;eri\u011findeki &ouml;zel parf&uuml;ml&uuml; yap\u0131s\u0131 ile odan\u0131za ho\u015f bir kokunun yay\u0131lmas\u0131n\u0131 sa\u011flar.<br \/>\n\t\t\tBulundu\u011fu ortam\u0131n daha sa\u011fl\u0131kl\u0131 \u0131s\u0131nmas\u0131na yard\u0131mc\u0131 olur.<br \/>\n\t\t\t\u0130&ccedil;erisindeki parf&uuml;ml&uuml; yap\u0131 sayesinde odan\u0131n i&ccedil;erisinde &ouml;zel parf&uuml;m kokusu yayar<br \/>\n\t\t\tPlastik &uuml;r&uuml;nlerimiz birinci s\u0131n\u0131f malzemeden &uuml;retilmektedir.<br \/>\n\t\t\tSa\u011fl\u0131\u011fa zarar verecek madde i&ccedil;ermemektedir.<br \/>\n\t\t\tYerli &Uuml;retim.<br \/>\n\t\t\t&Uuml;r&uuml;n &Ouml;l&ccedil;&uuml;s&uuml;: 18.5 x 4 cm x 9 cm<br \/>\n\t\t\tPaket i&ccedil;eri\u011fi: 2 Adet Kokulu kalorifer Sulu\u011fu<\/span><\/span><\/span><\/span><\/span><\/span><\/td>\n<\/tr>\n<\/tbody>\n<\/table>\n","protected":false},"excerpt":{"rendered":"<p>2 Adet Kokulu Parf\u00fcml\u00fc Buhar Nemlendirici Kalorifer Petek Sulu\u011fu<\/p>\n","protected":false},"featured_media":80585,"comment_status":"open","ping_status":"closed","template":"","meta":{"_kad_post_transparent":"","_kad_post_title":"","_kad_post_layout":"","_kad_post_sidebar_id":"","_kad_post_content_style":"","_kad_post_vertical_padding":"","_kad_post_feature":"","_kad_post_feature_position":"","_kad_post_header":false,"_kad_post_footer":false,"_kad_post_classname":""},"product_brand":[],"product_cat":[557,603,662],"product_tag":[],"class_list":{"0":"post-80586","1":"product","2":"type-product","3":"status-publish","4":"has-post-thumbnail","6":"product_cat-ev-yasam","7":"product_cat-ev-gerecleri","8":"product_cat-kalorifer-suluk","10":"first","11":"instock","12":"shipping-taxable","13":"purchasable","14":"product-type-simple","15":"entry","16":"content-bg","17":"loop-entry"},"_links":{"self":[{"href":"https:\/\/www.hediyepazar.com\/index.php?rest_route=\/wp\/v2\/product\/80586","targetHints":{"allow":["GET"]}}],"collection":[{"href":"https:\/\/www.hediyepazar.com\/index.php?rest_route=\/wp\/v2\/product"}],"about":[{"href":"https:\/\/www.hediyepazar.com\/index.php?rest_route=\/wp\/v2\/types\/product"}],"replies":[{"embeddable":true,"href":"https:\/\/www.hediyepazar.com\/index.php?rest_route=%2Fwp%2Fv2%2Fcomments&post=80586"}],"wp:featuredmedia":[{"embeddable":true,"href":"https:\/\/www.hediyepazar.com\/index.php?rest_route=\/wp\/v2\/media\/80585"}],"wp:attachment":[{"href":"https:\/\/www.hediyepazar.com\/index.php?rest_route=%2Fwp%2Fv2%2Fmedia&parent=80586"}],"wp:term":[{"taxonomy":"product_brand","embeddable":true,"href":"https:\/\/www.hediyepazar.com\/index.php?rest_route=%2Fwp%2Fv2%2Fproduct_brand&post=80586"},{"taxonomy":"product_cat","embeddable":true,"href":"https:\/\/www.hediyepazar.com\/index.php?rest_route=%2Fwp%2Fv2%2Fproduct_cat&post=80586"},{"taxonomy":"product_tag","embeddable":true,"href":"https:\/\/www.hediyepazar.com\/index.php?rest_route=%2Fwp%2Fv2%2Fproduct_tag&post=80586"}],"curies":[{"name":"wp","href":"https:\/\/api.w.org\/{rel}","templated":true}]}}