{"id":80608,"date":"2026-04-30T03:10:15","date_gmt":"2026-04-30T06:10:15","guid":{"rendered":"https:\/\/www.hediyepazar.com\/?product=lux-cam-bulasik-sivi-sabunluk-425-ml-mermer-desen"},"modified":"2026-04-30T03:10:15","modified_gmt":"2026-04-30T06:10:15","slug":"lux-cam-bulasik-sivi-sabunluk-425-ml-mermer-desen","status":"publish","type":"product","link":"https:\/\/www.hediyepazar.com\/?product=lux-cam-bulasik-sivi-sabunluk-425-ml-mermer-desen","title":{"rendered":"L\u00fcx Cam Bula\u015f\u0131k &#038; S\u0131v\u0131 Sabunluk &#8211; 425 Ml Mermer Desen"},"content":{"rendered":"<p>L&uuml;x Cam Bula\u015f\u0131k &amp; S\u0131v\u0131 Sabunluk &#8211; 425 Ml Mermer Desen<\/p>\n","protected":false},"excerpt":{"rendered":"<p>L\u00fcx Cam Bula\u015f\u0131k &#038; S\u0131v\u0131 Sabunluk &#8211; 425 Ml Mermer Desen<\/p>\n","protected":false},"featured_media":80607,"comment_status":"open","ping_status":"closed","template":"","meta":{"_kad_post_transparent":"","_kad_post_title":"","_kad_post_layout":"","_kad_post_sidebar_id":"","_kad_post_content_style":"","_kad_post_vertical_padding":"","_kad_post_feature":"","_kad_post_feature_position":"","_kad_post_header":false,"_kad_post_footer":false,"_kad_post_classname":""},"product_brand":[],"product_cat":[611,612,557],"product_tag":[],"class_list":{"0":"post-80608","1":"product","2":"type-product","3":"status-publish","4":"has-post-thumbnail","6":"product_cat-banyo","7":"product_cat-banyo-aksesuarlari","8":"product_cat-ev-yasam","10":"first","11":"instock","12":"shipping-taxable","13":"purchasable","14":"product-type-simple","15":"entry","16":"content-bg","17":"loop-entry"},"_links":{"self":[{"href":"https:\/\/www.hediyepazar.com\/index.php?rest_route=\/wp\/v2\/product\/80608","targetHints":{"allow":["GET"]}}],"collection":[{"href":"https:\/\/www.hediyepazar.com\/index.php?rest_route=\/wp\/v2\/product"}],"about":[{"href":"https:\/\/www.hediyepazar.com\/index.php?rest_route=\/wp\/v2\/types\/product"}],"replies":[{"embeddable":true,"href":"https:\/\/www.hediyepazar.com\/index.php?rest_route=%2Fwp%2Fv2%2Fcomments&post=80608"}],"wp:featuredmedia":[{"embeddable":true,"href":"https:\/\/www.hediyepazar.com\/index.php?rest_route=\/wp\/v2\/media\/80607"}],"wp:attachment":[{"href":"https:\/\/www.hediyepazar.com\/index.php?rest_route=%2Fwp%2Fv2%2Fmedia&parent=80608"}],"wp:term":[{"taxonomy":"product_brand","embeddable":true,"href":"https:\/\/www.hediyepazar.com\/index.php?rest_route=%2Fwp%2Fv2%2Fproduct_brand&post=80608"},{"taxonomy":"product_cat","embeddable":true,"href":"https:\/\/www.hediyepazar.com\/index.php?rest_route=%2Fwp%2Fv2%2Fproduct_cat&post=80608"},{"taxonomy":"product_tag","embeddable":true,"href":"https:\/\/www.hediyepazar.com\/index.php?rest_route=%2Fwp%2Fv2%2Fproduct_tag&post=80608"}],"curies":[{"name":"wp","href":"https:\/\/api.w.org\/{rel}","templated":true}]}}