{"id":80618,"date":"2026-04-30T03:11:16","date_gmt":"2026-04-30T06:11:16","guid":{"rendered":"https:\/\/www.hediyepazar.com\/?product=kafes-sekilli-hamur-kesici"},"modified":"2026-04-30T03:11:16","modified_gmt":"2026-04-30T06:11:16","slug":"kafes-sekilli-hamur-kesici","status":"publish","type":"product","link":"https:\/\/www.hediyepazar.com\/?product=kafes-sekilli-hamur-kesici","title":{"rendered":"Kafes \u015eekilli Hamur Kesici"},"content":{"rendered":"<table style=\"border-collapse:collapse; width:193pt; border:none\" width=\"257\">\n<colgroup>\n<col style=\"width:193pt\" width=\"257\" \/>\n\t<\/colgroup>\n<tbody>\n<tr height=\"25\" style=\"height:18.75pt\">\n<td height=\"25\" style=\"border:none; height:18.75pt; width:193pt; padding-top:1px; padding-right:1px; padding-left:1px; vertical-align:bottom; white-space:nowrap\" width=\"257\"><span style=\"font-size:11pt\"><span style=\"color:black\"><span style=\"font-weight:400\"><span style=\"font-style:normal\"><span style=\"text-decoration:none\"><span style=\"font-family:Calibri,sans-serif\">Kafes \u015eekilli Hamur Kesici<\/span><\/span><\/span><\/span><\/span><\/span><br \/>\n\t\t\t&nbsp;<\/td>\n<\/tr>\n<tr>\n<td height=\"25\" style=\"border:none; height:18.75pt; width:65pt; padding-top:1px; padding-right:1px; padding-left:1px; vertical-align:bottom; white-space:nowrap\" width=\"86\"><span style=\"font-size:11pt\"><span style=\"color:black\"><span style=\"font-weight:400\"><span style=\"font-style:normal\"><span style=\"text-decoration:none\"><span style=\"font-family:Calibri,sans-serif\">en : 12 cm boy : 19 cm<br \/>\n\t\t\t&uuml;r&uuml;n, son derece kolay kullan\u0131ml\u0131d\u0131r,<br \/>\n\t\t\tsanki bir boya rulosu gibi sadece d&ouml;nd&uuml;rerek hamurunuza kolayca \u015fekil verebilirsiniz.<br \/>\n\t\t\tBu yolla enfes milf&ouml;y &uuml;r&uuml;nleri yapabilir, farkl\u0131 \u015fekil ve g&ouml;r&uuml;n&uuml;mlerde pasta,<br \/>\n\t\t\tkurabiye, hamur tatl\u0131lar\u0131, turtalar ve kekler haz\u0131rlayabilirsiniz.<br \/>\n\t\t\tMutfakta zaman ge&ccedil;irmeyi seven herkesin keyifle kullanabilece\u011fi bir alettir.<br \/>\n\t\t\tBula\u015f\u0131k makinesinde y\u0131kanabilir olmas\u0131 da, &uuml;r&uuml;n&uuml;n bir ba\u015fka iyi &ouml;zelli\u011fidir.<br \/>\n\t\t\tB&ouml;ylece temizli\u011fi ile de zaman kaybetmenize gerek kalmaz.<br \/>\n\t\t\tHamur kesici hamur silindiri g\u0131da temas\u0131na uygun plastik t&uuml;r&uuml;nden &uuml;retilerek insan sa\u011fl\u0131\u011f\u0131na zarar verici maddeler i&ccedil;ermez.<\/span><\/span><\/span><\/span><\/span><\/span><\/td>\n<\/tr>\n<tr>\n<td height=\"25\" style=\"border:none; height:18.75pt; width:65pt; padding-top:1px; padding-right:1px; padding-left:1px; vertical-align:bottom; white-space:nowrap\" width=\"86\">&nbsp;<\/td>\n<\/tr>\n<\/tbody>\n<\/table>\n","protected":false},"excerpt":{"rendered":"<p>Kafes \u015eekilli Hamur Kesici<\/p>\n","protected":false},"featured_media":80617,"comment_status":"open","ping_status":"closed","template":"","meta":{"_kad_post_transparent":"","_kad_post_title":"","_kad_post_layout":"","_kad_post_sidebar_id":"","_kad_post_content_style":"","_kad_post_vertical_padding":"","_kad_post_feature":"","_kad_post_feature_position":"","_kad_post_header":false,"_kad_post_footer":false,"_kad_post_classname":""},"product_brand":[],"product_cat":[557,558,560],"product_tag":[],"class_list":{"0":"post-80618","1":"product","2":"type-product","3":"status-publish","4":"has-post-thumbnail","6":"product_cat-ev-yasam","7":"product_cat-sofra-mutfak-2","8":"product_cat-yemek-hazirlik","10":"first","11":"instock","12":"shipping-taxable","13":"purchasable","14":"product-type-simple","15":"entry","16":"content-bg","17":"loop-entry"},"_links":{"self":[{"href":"https:\/\/www.hediyepazar.com\/index.php?rest_route=\/wp\/v2\/product\/80618","targetHints":{"allow":["GET"]}}],"collection":[{"href":"https:\/\/www.hediyepazar.com\/index.php?rest_route=\/wp\/v2\/product"}],"about":[{"href":"https:\/\/www.hediyepazar.com\/index.php?rest_route=\/wp\/v2\/types\/product"}],"replies":[{"embeddable":true,"href":"https:\/\/www.hediyepazar.com\/index.php?rest_route=%2Fwp%2Fv2%2Fcomments&post=80618"}],"wp:featuredmedia":[{"embeddable":true,"href":"https:\/\/www.hediyepazar.com\/index.php?rest_route=\/wp\/v2\/media\/80617"}],"wp:attachment":[{"href":"https:\/\/www.hediyepazar.com\/index.php?rest_route=%2Fwp%2Fv2%2Fmedia&parent=80618"}],"wp:term":[{"taxonomy":"product_brand","embeddable":true,"href":"https:\/\/www.hediyepazar.com\/index.php?rest_route=%2Fwp%2Fv2%2Fproduct_brand&post=80618"},{"taxonomy":"product_cat","embeddable":true,"href":"https:\/\/www.hediyepazar.com\/index.php?rest_route=%2Fwp%2Fv2%2Fproduct_cat&post=80618"},{"taxonomy":"product_tag","embeddable":true,"href":"https:\/\/www.hediyepazar.com\/index.php?rest_route=%2Fwp%2Fv2%2Fproduct_tag&post=80618"}],"curies":[{"name":"wp","href":"https:\/\/api.w.org\/{rel}","templated":true}]}}