{"id":80626,"date":"2026-04-30T03:11:57","date_gmt":"2026-04-30T06:11:57","guid":{"rendered":"https:\/\/www.hediyepazar.com\/?product=6-baslikli-mutfak-pasta-krema-sikma-susleme-pompasi-aparati-seti"},"modified":"2026-04-30T03:11:57","modified_gmt":"2026-04-30T06:11:57","slug":"6-baslikli-mutfak-pasta-krema-sikma-susleme-pompasi-aparati-seti","status":"publish","type":"product","link":"https:\/\/www.hediyepazar.com\/?product=6-baslikli-mutfak-pasta-krema-sikma-susleme-pompasi-aparati-seti","title":{"rendered":"6 Ba\u015fl\u0131kl\u0131 Mutfak Pasta Krema S\u0131kma S\u00fcsleme Pompas\u0131 Aparat\u0131 Seti"},"content":{"rendered":"<table style=\"border-collapse:collapse; width:193pt; border:none\" width=\"257\">\n<colgroup>\n<col style=\"width:193pt\" width=\"257\" \/>\n\t<\/colgroup>\n<tbody>\n<tr height=\"25\" style=\"height:18.75pt\">\n<td height=\"25\" style=\"border:none; height:18.75pt; width:65pt; padding-top:1px; padding-right:1px; padding-left:1px; vertical-align:bottom; white-space:nowrap\" width=\"86\"><span style=\"font-size:11pt\"><span style=\"color:black\"><span style=\"font-weight:400\"><span style=\"font-style:normal\"><span style=\"text-decoration:none\"><span style=\"font-family:Calibri,sans-serif\">6 Ba\u015fl\u0131kl\u0131 Mutfak Pasta Krema S\u0131kma S&uuml;sleme Pompas\u0131 Aparat\u0131 Seti<br \/>\n\t\t\tMutfa\u011f\u0131n\u0131zda, pratik kullan\u0131m ile cupcake ve paztalar\u0131n\u0131z i&ccedil;in<br \/>\n\t\t\tm&uuml;kemmel s&uuml;slemeler haz\u0131rlayabilirsiniz<br \/>\n\t\t\t\u0130&ccedil;inde mevcut bulunan 6 par&ccedil;a ile &ccedil;e\u015fitli \u015fekiller olu\u015fturabilirsiniz<br \/>\n\t\t\tKullan\u0131m\u0131 kolayd\u0131r<br \/>\n\t\t\tDi\u011fer krema pompalar\u0131na k\u0131yasla avu&ccedil; i&ccedil;ine tam olarak oturur ve kolay \u015fekil vermenizi sa\u011flar<br \/>\n\t\t\t&Uuml;r&uuml;n &ouml;zellikleri \u0130&ccedil;inde 6 par&ccedil;a ba\u015fl\u0131k mevcuttur<\/span><\/span><\/span><\/span><\/span><\/span><\/td>\n<\/tr>\n<tr>\n<td height=\"25\" style=\"border:none; height:18.75pt; width:65pt; padding-top:1px; padding-right:1px; padding-left:1px; vertical-align:bottom; white-space:nowrap\" width=\"86\">&nbsp;<\/td>\n<\/tr>\n<tr>\n<td height=\"25\" style=\"border:none; height:18.75pt; width:65pt; padding-top:1px; padding-right:1px; padding-left:1px; vertical-align:bottom; white-space:nowrap\" width=\"86\">&nbsp;<\/td>\n<\/tr>\n<tr>\n<td height=\"25\" style=\"border:none; height:18.75pt; width:65pt; padding-top:1px; padding-right:1px; padding-left:1px; vertical-align:bottom; white-space:nowrap\" width=\"86\">&nbsp;<\/td>\n<\/tr>\n<\/tbody>\n<\/table>\n","protected":false},"excerpt":{"rendered":"<p>6 Ba\u015fl\u0131kl\u0131 Mutfak Pasta Krema S\u0131kma S\u00fcsleme Pompas\u0131 Aparat\u0131 Seti<\/p>\n","protected":false},"featured_media":80625,"comment_status":"open","ping_status":"closed","template":"","meta":{"_kad_post_transparent":"","_kad_post_title":"","_kad_post_layout":"","_kad_post_sidebar_id":"","_kad_post_content_style":"","_kad_post_vertical_padding":"","_kad_post_feature":"","_kad_post_feature_position":"","_kad_post_header":false,"_kad_post_footer":false,"_kad_post_classname":""},"product_brand":[],"product_cat":[557,558,560],"product_tag":[],"class_list":{"0":"post-80626","1":"product","2":"type-product","3":"status-publish","4":"has-post-thumbnail","6":"product_cat-ev-yasam","7":"product_cat-sofra-mutfak-2","8":"product_cat-yemek-hazirlik","10":"first","11":"instock","12":"shipping-taxable","13":"purchasable","14":"product-type-simple","15":"entry","16":"content-bg","17":"loop-entry"},"_links":{"self":[{"href":"https:\/\/www.hediyepazar.com\/index.php?rest_route=\/wp\/v2\/product\/80626","targetHints":{"allow":["GET"]}}],"collection":[{"href":"https:\/\/www.hediyepazar.com\/index.php?rest_route=\/wp\/v2\/product"}],"about":[{"href":"https:\/\/www.hediyepazar.com\/index.php?rest_route=\/wp\/v2\/types\/product"}],"replies":[{"embeddable":true,"href":"https:\/\/www.hediyepazar.com\/index.php?rest_route=%2Fwp%2Fv2%2Fcomments&post=80626"}],"wp:featuredmedia":[{"embeddable":true,"href":"https:\/\/www.hediyepazar.com\/index.php?rest_route=\/wp\/v2\/media\/80625"}],"wp:attachment":[{"href":"https:\/\/www.hediyepazar.com\/index.php?rest_route=%2Fwp%2Fv2%2Fmedia&parent=80626"}],"wp:term":[{"taxonomy":"product_brand","embeddable":true,"href":"https:\/\/www.hediyepazar.com\/index.php?rest_route=%2Fwp%2Fv2%2Fproduct_brand&post=80626"},{"taxonomy":"product_cat","embeddable":true,"href":"https:\/\/www.hediyepazar.com\/index.php?rest_route=%2Fwp%2Fv2%2Fproduct_cat&post=80626"},{"taxonomy":"product_tag","embeddable":true,"href":"https:\/\/www.hediyepazar.com\/index.php?rest_route=%2Fwp%2Fv2%2Fproduct_tag&post=80626"}],"curies":[{"name":"wp","href":"https:\/\/api.w.org\/{rel}","templated":true}]}}