{"id":80664,"date":"2026-04-30T03:15:48","date_gmt":"2026-04-30T06:15:48","guid":{"rendered":"https:\/\/www.hediyepazar.com\/?product=kiz-cocuk-pamuklu-kulotlu-corap-renk-siyah"},"modified":"2026-04-30T03:15:48","modified_gmt":"2026-04-30T06:15:48","slug":"kiz-cocuk-pamuklu-kulotlu-corap-renk-siyah","status":"publish","type":"product","link":"https:\/\/www.hediyepazar.com\/?product=kiz-cocuk-pamuklu-kulotlu-corap-renk-siyah","title":{"rendered":"K\u0131z \u00c7ocuk Pamuklu K\u00fclotlu \u00c7orap Renk Siyah"},"content":{"rendered":"<table style=\"border-collapse:collapse; width:99pt; border:none\" width=\"132\">\n<colgroup>\n<col style=\"width:99pt\" width=\"132\" \/>\n\t<\/colgroup>\n<tbody>\n<tr height=\"20\" style=\"height:15.0pt\">\n<td height=\"20\" style=\"border:none; height:15.0pt; width:99pt; padding-top:1px; padding-right:1px; padding-left:1px; vertical-align:bottom; white-space:nowrap\" width=\"132\"><span style=\"font-size:11pt\"><span style=\"color:black\"><span style=\"font-weight:400\"><span style=\"font-style:normal\"><span style=\"text-decoration:none\"><span style=\"font-family:Calibri,sans-serif\">K\u0131z &Ccedil;ocuk Pamuklu K&uuml;lotlu &Ccedil;orap Renk Siyah<br \/>\n\t\t\t&Ccedil;ocuklar i&ccedil;in &ouml;zel tasarlanm\u0131\u015f bir koleksiyona ait bu &uuml;r&uuml;n&uuml;n<br \/>\n\t\t\tt&uuml;m imalat a\u015famalar\u0131nda &ccedil;ocu\u011funuzun sa\u011fl\u0131\u011f\u0131na zarar vermeyecek iplik,<br \/>\n\t\t\tkuma\u015f ve aksesuarlar kullan\u0131lm\u0131\u015ft\u0131r.<br \/>\n\t\t\tTeni g&ouml;stermeyen mat bir yap\u0131ya sahiptir.<br \/>\n\t\t\tMicrofiber iplikten yap\u0131ld\u0131\u011f\u0131 i&ccedil;in yumu\u015fak ve esnektir.<br \/>\n\t\t\t&Uuml;r&uuml;nlerimizi uzun s&uuml;re kullanabilmek i&ccedil;in y\u0131kama talimat\u0131na uyunuz.<br \/>\n\t\t\t%77 Pamuk %20 Polyemid %3 Elastan<\/span><\/span><\/span><\/span><\/span><\/span><\/td>\n<\/tr>\n<\/tbody>\n<\/table>\n","protected":false},"excerpt":{"rendered":"<p>K\u0131z \u00c7ocuk Pamuklu K\u00fclotlu \u00c7orap Renk Siyah<\/p>\n","protected":false},"featured_media":80663,"comment_status":"open","ping_status":"closed","template":"","meta":{"_kad_post_transparent":"","_kad_post_title":"","_kad_post_layout":"","_kad_post_sidebar_id":"","_kad_post_content_style":"","_kad_post_vertical_padding":"","_kad_post_feature":"","_kad_post_feature_position":"","_kad_post_header":false,"_kad_post_footer":false,"_kad_post_classname":""},"product_brand":[],"product_cat":[551,540,552],"product_tag":[],"class_list":{"0":"post-80664","1":"product","2":"type-product","3":"status-publish","4":"has-post-thumbnail","6":"product_cat-cocuk","7":"product_cat-corap","8":"product_cat-kiz-cocuk","10":"first","11":"instock","12":"shipping-taxable","13":"purchasable","14":"product-type-simple","15":"entry","16":"content-bg","17":"loop-entry"},"_links":{"self":[{"href":"https:\/\/www.hediyepazar.com\/index.php?rest_route=\/wp\/v2\/product\/80664","targetHints":{"allow":["GET"]}}],"collection":[{"href":"https:\/\/www.hediyepazar.com\/index.php?rest_route=\/wp\/v2\/product"}],"about":[{"href":"https:\/\/www.hediyepazar.com\/index.php?rest_route=\/wp\/v2\/types\/product"}],"replies":[{"embeddable":true,"href":"https:\/\/www.hediyepazar.com\/index.php?rest_route=%2Fwp%2Fv2%2Fcomments&post=80664"}],"wp:featuredmedia":[{"embeddable":true,"href":"https:\/\/www.hediyepazar.com\/index.php?rest_route=\/wp\/v2\/media\/80663"}],"wp:attachment":[{"href":"https:\/\/www.hediyepazar.com\/index.php?rest_route=%2Fwp%2Fv2%2Fmedia&parent=80664"}],"wp:term":[{"taxonomy":"product_brand","embeddable":true,"href":"https:\/\/www.hediyepazar.com\/index.php?rest_route=%2Fwp%2Fv2%2Fproduct_brand&post=80664"},{"taxonomy":"product_cat","embeddable":true,"href":"https:\/\/www.hediyepazar.com\/index.php?rest_route=%2Fwp%2Fv2%2Fproduct_cat&post=80664"},{"taxonomy":"product_tag","embeddable":true,"href":"https:\/\/www.hediyepazar.com\/index.php?rest_route=%2Fwp%2Fv2%2Fproduct_tag&post=80664"}],"curies":[{"name":"wp","href":"https:\/\/api.w.org\/{rel}","templated":true}]}}