{"id":8068,"date":"2026-04-26T07:12:08","date_gmt":"2026-04-26T10:12:08","guid":{"rendered":"https:\/\/www.hediyepazar.com\/?product=asonic-s24-4-watt-siyah-led-isikli-sinek-oldurucu"},"modified":"2026-04-26T07:12:10","modified_gmt":"2026-04-26T10:12:10","slug":"asonic-s24-4-watt-siyah-led-isikli-sinek-oldurucu","status":"publish","type":"product","link":"https:\/\/www.hediyepazar.com\/?product=asonic-s24-4-watt-siyah-led-isikli-sinek-oldurucu","title":{"rendered":"Asonic S24 4 Watt Siyah Led I\u015f\u0131kl\u0131 Sinek \u00d6ld\u00fcr\u00fcc\u00fc"},"content":{"rendered":"<p>Asonic S24 4 Watt Siyah Led I\u015f\u0131kl\u0131 Sinek \u00d6ld\u00fcr\u00fcc\u00fc<\/p>\n","protected":false},"excerpt":{"rendered":"<p>Asonic S24 4 Watt Siyah Led I\u015f\u0131kl\u0131 Sinek \u00d6ld\u00fcr\u00fcc\u00fc<\/p>\n","protected":false},"featured_media":8069,"comment_status":"closed","ping_status":"open","template":"","meta":{"_kad_post_transparent":"","_kad_post_title":"","_kad_post_layout":"","_kad_post_sidebar_id":"","_kad_post_content_style":"","_kad_post_vertical_padding":"","_kad_post_feature":"","_kad_post_feature_position":"","_kad_post_header":false,"_kad_post_footer":false,"_kad_post_classname":""},"product_brand":[],"product_cat":[405],"product_tag":[],"class_list":{"0":"post-8068","1":"product","2":"type-product","3":"status-publish","4":"has-post-thumbnail","6":"product_cat-ev-ve-yasam-ev-yasam-ve-teknoloji-tuketici-elektronigi","8":"first","9":"instock","10":"purchasable","11":"product-type-simple","12":"entry","13":"content-bg","14":"loop-entry"},"_links":{"self":[{"href":"https:\/\/www.hediyepazar.com\/index.php?rest_route=\/wp\/v2\/product\/8068","targetHints":{"allow":["GET"]}}],"collection":[{"href":"https:\/\/www.hediyepazar.com\/index.php?rest_route=\/wp\/v2\/product"}],"about":[{"href":"https:\/\/www.hediyepazar.com\/index.php?rest_route=\/wp\/v2\/types\/product"}],"replies":[{"embeddable":true,"href":"https:\/\/www.hediyepazar.com\/index.php?rest_route=%2Fwp%2Fv2%2Fcomments&post=8068"}],"wp:featuredmedia":[{"embeddable":true,"href":"https:\/\/www.hediyepazar.com\/index.php?rest_route=\/wp\/v2\/media\/8069"}],"wp:attachment":[{"href":"https:\/\/www.hediyepazar.com\/index.php?rest_route=%2Fwp%2Fv2%2Fmedia&parent=8068"}],"wp:term":[{"taxonomy":"product_brand","embeddable":true,"href":"https:\/\/www.hediyepazar.com\/index.php?rest_route=%2Fwp%2Fv2%2Fproduct_brand&post=8068"},{"taxonomy":"product_cat","embeddable":true,"href":"https:\/\/www.hediyepazar.com\/index.php?rest_route=%2Fwp%2Fv2%2Fproduct_cat&post=8068"},{"taxonomy":"product_tag","embeddable":true,"href":"https:\/\/www.hediyepazar.com\/index.php?rest_route=%2Fwp%2Fv2%2Fproduct_tag&post=8068"}],"curies":[{"name":"wp","href":"https:\/\/api.w.org\/{rel}","templated":true}]}}