{"id":80714,"date":"2026-04-30T03:20:44","date_gmt":"2026-04-30T06:20:44","guid":{"rendered":"https:\/\/www.hediyepazar.com\/?product=ilik-acici-dikis-sokucu-buyuk-boy-13cm"},"modified":"2026-04-30T03:20:44","modified_gmt":"2026-04-30T06:20:44","slug":"ilik-acici-dikis-sokucu-buyuk-boy-13cm","status":"publish","type":"product","link":"https:\/\/www.hediyepazar.com\/?product=ilik-acici-dikis-sokucu-buyuk-boy-13cm","title":{"rendered":"\u0130lik A\u00e7\u0131c\u0131 Diki\u015f S\u00f6k\u00fcc\u00fc B\u00fcy\u00fck Boy 13cm"},"content":{"rendered":"<table style=\"border-collapse:collapse; width:89pt; border:none\" width=\"118\">\n<colgroup>\n<col style=\"width:89pt\" width=\"118\" \/>\n\t<\/colgroup>\n<tbody>\n<tr height=\"20\" style=\"height:15.0pt\">\n<td height=\"20\" style=\"border:none; height:15.0pt; width:89pt; padding-top:1px; padding-right:1px; padding-left:1px; vertical-align:bottom; white-space:nowrap\" width=\"118\"><span style=\"font-size:11pt\"><span style=\"color:black\"><span style=\"font-weight:400\"><span style=\"font-style:normal\"><span style=\"text-decoration:none\"><span style=\"font-family:Calibri,sans-serif\">\u0130lik A&ccedil;\u0131c\u0131 Diki\u015f S&ouml;k&uuml;c&uuml; B&uuml;y&uuml;k Boy 13cm<br \/>\n\t\t\t13 cm uzunlu\u011funda, b&uuml;y&uuml;k boy ilmek a&ccedil;\u0131c\u0131, ip ve diki\u015f s&ouml;k&uuml;c&uuml;.<br \/>\n\t\t\tTutma k\u0131sm\u0131 sert plastik, ilmek a&ccedil;\u0131c\u0131 k\u0131sm\u0131 metaldir.<br \/>\n\t\t\tTekstil imalat\u0131nda, yanl\u0131\u015f dikilen i\u015flerin s&ouml;k&uuml;lme a\u015famas\u0131n\u0131 kolayla\u015ft\u0131racak aparat.<br \/>\n\t\t\tKullan\u0131lan Alanlar;<br \/>\n\t\t\tDiki\u015f S&ouml;k&uuml;c&uuml; &#8211; \u0130lik A&ccedil;\u0131c\u0131 B&uuml;y&uuml;k Boy Diki\u015f s&ouml;kerken, ilik a&ccedil;arken kullan\u0131l\u0131r,<br \/>\n\t\t\tsap k\u0131sm\u0131 b&uuml;y&uuml;k ve s&ouml;k&uuml;c&uuml; k\u0131sm\u0131 k&uuml;&ccedil;&uuml;k tasarlanm\u0131\u015ft\u0131r, kullan\u0131m\u0131 kolayd\u0131r.<br \/>\n\t\t\tS&ouml;k&uuml;c&uuml;leri diki\u015f esnas\u0131nda iplik kesme amac\u0131yla da kullanabilirsiniz.<br \/>\n\t\t\tTekstil imalat\u0131nda, yanl\u0131\u015f dikilen i\u015flerin s&ouml;k&uuml;lme a\u015famas\u0131n\u0131 kolayla\u015ft\u0131racak aparat.<br \/>\n\t\t\tPaket i&ccedil;eri\u011fi: 1 Adet 13cm \u0130lmek A&ccedil;\u0131c\u0131<\/span><\/span><\/span><\/span><\/span><\/span><\/td>\n<\/tr>\n<\/tbody>\n<\/table>\n","protected":false},"excerpt":{"rendered":"<p>\u0130lik A\u00e7\u0131c\u0131 Diki\u015f S\u00f6k\u00fcc\u00fc B\u00fcy\u00fck Boy 13cm<\/p>\n","protected":false},"featured_media":80713,"comment_status":"open","ping_status":"closed","template":"","meta":{"_kad_post_transparent":"","_kad_post_title":"","_kad_post_layout":"","_kad_post_sidebar_id":"","_kad_post_content_style":"","_kad_post_vertical_padding":"","_kad_post_feature":"","_kad_post_feature_position":"","_kad_post_header":false,"_kad_post_footer":false,"_kad_post_classname":""},"product_brand":[],"product_cat":[596,449,597],"product_tag":[],"class_list":{"0":"post-80714","1":"product","2":"type-product","3":"status-publish","4":"has-post-thumbnail","6":"product_cat-elektrikli-ev-aletleri-2","7":"product_cat-elektronik","8":"product_cat-ev-aletleri-yedek-parca","10":"first","11":"instock","12":"shipping-taxable","13":"purchasable","14":"product-type-simple","15":"entry","16":"content-bg","17":"loop-entry"},"_links":{"self":[{"href":"https:\/\/www.hediyepazar.com\/index.php?rest_route=\/wp\/v2\/product\/80714","targetHints":{"allow":["GET"]}}],"collection":[{"href":"https:\/\/www.hediyepazar.com\/index.php?rest_route=\/wp\/v2\/product"}],"about":[{"href":"https:\/\/www.hediyepazar.com\/index.php?rest_route=\/wp\/v2\/types\/product"}],"replies":[{"embeddable":true,"href":"https:\/\/www.hediyepazar.com\/index.php?rest_route=%2Fwp%2Fv2%2Fcomments&post=80714"}],"wp:featuredmedia":[{"embeddable":true,"href":"https:\/\/www.hediyepazar.com\/index.php?rest_route=\/wp\/v2\/media\/80713"}],"wp:attachment":[{"href":"https:\/\/www.hediyepazar.com\/index.php?rest_route=%2Fwp%2Fv2%2Fmedia&parent=80714"}],"wp:term":[{"taxonomy":"product_brand","embeddable":true,"href":"https:\/\/www.hediyepazar.com\/index.php?rest_route=%2Fwp%2Fv2%2Fproduct_brand&post=80714"},{"taxonomy":"product_cat","embeddable":true,"href":"https:\/\/www.hediyepazar.com\/index.php?rest_route=%2Fwp%2Fv2%2Fproduct_cat&post=80714"},{"taxonomy":"product_tag","embeddable":true,"href":"https:\/\/www.hediyepazar.com\/index.php?rest_route=%2Fwp%2Fv2%2Fproduct_tag&post=80714"}],"curies":[{"name":"wp","href":"https:\/\/api.w.org\/{rel}","templated":true}]}}